{"id":7,"date":"2025-12-30T10:42:45","date_gmt":"2025-12-30T10:42:45","guid":{"rendered":"https:\/\/singuli.wpress.me\/index.php\/kosarica\/"},"modified":"2026-01-15T08:54:42","modified_gmt":"2026-01-15T08:54:42","slug":"kosarica","status":"publish","type":"page","link":"https:\/\/singuli.wpress.me\/index.php\/kosarica\/","title":{"rendered":"Ko\u0161arica"},"content":{"rendered":"\n<div data-block-name=\"woocommerce\/cart\" class=\"wp-block-woocommerce-cart alignwide is-loading\">\n<div data-block-name=\"woocommerce\/filled-cart-block\" class=\"wp-block-woocommerce-filled-cart-block\">\n<div data-block-name=\"woocommerce\/cart-items-block\" class=\"wp-block-woocommerce-cart-items-block\">\n<div data-block-name=\"woocommerce\/cart-line-items-block\" class=\"wp-block-woocommerce-cart-line-items-block\"><\/div>\n\n\n<\/div>\n\n\n\n\n<div data-block-name=\"woocommerce\/cart-totals-block\" class=\"wp-block-woocommerce-cart-totals-block\">\n<div data-block-name=\"woocommerce\/cart-order-summary-block\" class=\"wp-block-woocommerce-cart-order-summary-block\">\n<div data-block-name=\"woocommerce\/cart-order-summary-heading-block\" class=\"wp-block-woocommerce-cart-order-summary-heading-block\"><\/div><div data-block-name=\"woocommerce\/cart-order-summary-coupon-form-block\" class=\"wp-block-woocommerce-cart-order-summary-coupon-form-block\"><\/div><div data-block-name=\"woocommerce\/cart-order-summary-totals-block\" class=\"wp-block-woocommerce-cart-order-summary-totals-block\">\n<div data-block-name=\"woocommerce\/cart-order-summary-subtotal-block\" class=\"wp-block-woocommerce-cart-order-summary-subtotal-block\"><\/div>\n<div data-block-name=\"woocommerce\/cart-order-summary-discount-block\" class=\"wp-block-woocommerce-cart-order-summary-discount-block\"><\/div>\n<div data-block-name=\"woocommerce\/cart-order-summary-fee-block\" class=\"wp-block-woocommerce-cart-order-summary-fee-block\"><\/div>\n<div data-block-name=\"woocommerce\/cart-order-summary-shipping-block\" class=\"wp-block-woocommerce-cart-order-summary-shipping-block\"><\/div>\n<div data-block-name=\"woocommerce\/cart-order-summary-taxes-block\" class=\"wp-block-woocommerce-cart-order-summary-taxes-block\"><\/div><\/div>\n<\/div>\n\n\n\n<div data-block-name=\"woocommerce\/cart-express-payment-block\" class=\"wp-block-woocommerce-cart-express-payment-block\"><\/div>\n\n\n\n<div data-block-name=\"woocommerce\/proceed-to-checkout-block\" class=\"wp-block-woocommerce-proceed-to-checkout-block\"><\/div>\n\n\n\n<div data-block-name=\"woocommerce\/cart-accepted-payment-methods-block\" class=\"wp-block-woocommerce-cart-accepted-payment-methods-block\"><\/div>\n<\/div>\n<\/div>\n\n\n\n<div data-block-name=\"woocommerce\/empty-cart-block\" class=\"wp-block-woocommerce-empty-cart-block\">\n<h2 class=\"wp-block-heading has-text-align-center with-empty-cart-icon wc-block-cart__empty-cart__title\">Va\u0161a ko\u0161arica je trenutno prazna!<\/h2>\n\n\n\n<hr class=\"wp-block-separator has-alpha-channel-opacity is-style-dots\"\/>\n\n\n\n<h2 class=\"wp-block-heading has-text-align-center\">Novo u trgovini<\/h2>\n\n\n<div data-block-name=\"woocommerce\/product-new\" data-columns=\"4\" data-rows=\"1\" class=\"wc-block-grid wp-block-product-new wp-block-woocommerce-product-new wc-block-product-new has-4-columns\"><ul class=\"wc-block-grid__products\"><li class=\"wc-block-grid__product\">\n\t\t\t\t<a href=\"https:\/\/singuli.wpress.me\/index.php\/proizvod\/honeywell-quietset-fan-samostojeci-ventilator-hy254e4\/\" class=\"wc-block-grid__product-link\">\n\t\t\t\t\t\n\t\t\t\t\t<div class=\"wc-block-grid__product-image\"><img fetchpriority=\"high\" decoding=\"async\" width=\"430\" height=\"430\" src=\"https:\/\/singuli.wpress.me\/wp-content\/uploads\/2026\/04\/f0f04a5a55567433df935d2b6fa23c4cf57c9683_HR_4022167254047_1-430x430.jpg\" class=\"attachment-woocommerce_thumbnail size-woocommerce_thumbnail\" alt=\"f0f04a5a55567433df935d2b6fa23c4cf57c9683 HR 4022167254047 1\" srcset=\"https:\/\/singuli.wpress.me\/wp-content\/uploads\/2026\/04\/f0f04a5a55567433df935d2b6fa23c4cf57c9683_HR_4022167254047_1-430x430.jpg 430w, https:\/\/singuli.wpress.me\/wp-content\/uploads\/2026\/04\/f0f04a5a55567433df935d2b6fa23c4cf57c9683_HR_4022167254047_1-300x300.jpg 300w, https:\/\/singuli.wpress.me\/wp-content\/uploads\/2026\/04\/f0f04a5a55567433df935d2b6fa23c4cf57c9683_HR_4022167254047_1-800x800.jpg 800w, https:\/\/singuli.wpress.me\/wp-content\/uploads\/2026\/04\/f0f04a5a55567433df935d2b6fa23c4cf57c9683_HR_4022167254047_1-150x150.jpg 150w, https:\/\/singuli.wpress.me\/wp-content\/uploads\/2026\/04\/f0f04a5a55567433df935d2b6fa23c4cf57c9683_HR_4022167254047_1-768x768.jpg 768w, https:\/\/singuli.wpress.me\/wp-content\/uploads\/2026\/04\/f0f04a5a55567433df935d2b6fa23c4cf57c9683_HR_4022167254047_1-700x700.jpg 700w, https:\/\/singuli.wpress.me\/wp-content\/uploads\/2026\/04\/f0f04a5a55567433df935d2b6fa23c4cf57c9683_HR_4022167254047_1.jpg 1200w\" sizes=\"(max-width: 430px) 100vw, 430px\" \/><\/div>\n\t\t\t\t\t<div class=\"wc-block-grid__product-title\">HONEYWELL Quietset Fan, samostoje\u0107i ventilator, HY254E4<\/div>\n\t\t\t\t<\/a>\n\t\t\t\t<div class=\"wc-block-grid__product-price price\"><span class=\"woocommerce-Price-amount amount\">102,45&nbsp;<span class=\"woocommerce-Price-currencySymbol\">&euro;<\/span><\/span><\/div>\n\t\t\t\t\n\t\t\t\t<div class=\"wp-block-button wc-block-grid__product-add-to-cart\"><a href=\"https:\/\/singuli.wpress.me\/index.php\/proizvod\/honeywell-quietset-fan-samostojeci-ventilator-hy254e4\/\" aria-label=\"Pro\u010ditaj vi\u0161e o &ldquo;HONEYWELL Quietset Fan, samostoje\u0107i ventilator, HY254E4&rdquo;\" data-quantity=\"1\" data-product_id=\"44323\" data-product_sku=\"1011000371\" data-price=\"102.45\" rel=\"nofollow\" class=\"wp-block-button__link  add_to_cart_button\">Pro\u010ditaj vi\u0161e<\/a><\/div>\n\t\t\t<\/li><li class=\"wc-block-grid__product\">\n\t\t\t\t<a href=\"https:\/\/singuli.wpress.me\/index.php\/proizvod\/laica-pametna-digitalna-vaga-ps7020\/\" class=\"wc-block-grid__product-link\">\n\t\t\t\t\t\n\t\t\t\t\t<div class=\"wc-block-grid__product-image\"><img decoding=\"async\" width=\"430\" height=\"430\" src=\"https:\/\/singuli.wpress.me\/wp-content\/uploads\/2026\/04\/a8c0ef2d22bac36700f2c7d2f9f58afadf837f5c_HR_8013240102870_1-430x430.jpg\" class=\"attachment-woocommerce_thumbnail size-woocommerce_thumbnail\" alt=\"a8c0ef2d22bac36700f2c7d2f9f58afadf837f5c HR 8013240102870 1\" srcset=\"https:\/\/singuli.wpress.me\/wp-content\/uploads\/2026\/04\/a8c0ef2d22bac36700f2c7d2f9f58afadf837f5c_HR_8013240102870_1-430x430.jpg 430w, https:\/\/singuli.wpress.me\/wp-content\/uploads\/2026\/04\/a8c0ef2d22bac36700f2c7d2f9f58afadf837f5c_HR_8013240102870_1-300x300.jpg 300w, https:\/\/singuli.wpress.me\/wp-content\/uploads\/2026\/04\/a8c0ef2d22bac36700f2c7d2f9f58afadf837f5c_HR_8013240102870_1-800x800.jpg 800w, https:\/\/singuli.wpress.me\/wp-content\/uploads\/2026\/04\/a8c0ef2d22bac36700f2c7d2f9f58afadf837f5c_HR_8013240102870_1-150x150.jpg 150w, https:\/\/singuli.wpress.me\/wp-content\/uploads\/2026\/04\/a8c0ef2d22bac36700f2c7d2f9f58afadf837f5c_HR_8013240102870_1-768x768.jpg 768w, https:\/\/singuli.wpress.me\/wp-content\/uploads\/2026\/04\/a8c0ef2d22bac36700f2c7d2f9f58afadf837f5c_HR_8013240102870_1-700x700.jpg 700w, https:\/\/singuli.wpress.me\/wp-content\/uploads\/2026\/04\/a8c0ef2d22bac36700f2c7d2f9f58afadf837f5c_HR_8013240102870_1.jpg 1200w\" sizes=\"(max-width: 430px) 100vw, 430px\" \/><\/div>\n\t\t\t\t\t<div class=\"wc-block-grid__product-title\">LAICA, pametna digitalna vaga, PS7020<\/div>\n\t\t\t\t<\/a>\n\t\t\t\t<div class=\"wc-block-grid__product-price price\"><span class=\"woocommerce-Price-amount amount\">41,93&nbsp;<span class=\"woocommerce-Price-currencySymbol\">&euro;<\/span><\/span><\/div>\n\t\t\t\t\n\t\t\t\t<div class=\"wp-block-button wc-block-grid__product-add-to-cart\"><a href=\"https:\/\/singuli.wpress.me\/index.php\/proizvod\/laica-pametna-digitalna-vaga-ps7020\/\" aria-label=\"Pro\u010ditaj vi\u0161e o &ldquo;LAICA, pametna digitalna vaga, PS7020&rdquo;\" data-quantity=\"1\" data-product_id=\"44319\" data-product_sku=\"1011002142\" data-price=\"41.93\" rel=\"nofollow\" class=\"wp-block-button__link  add_to_cart_button\">Pro\u010ditaj vi\u0161e<\/a><\/div>\n\t\t\t<\/li><li class=\"wc-block-grid__product\">\n\t\t\t\t<a href=\"https:\/\/singuli.wpress.me\/index.php\/proizvod\/glade-aromatherapy-mirisni-stapici-naranca-i-cvijet-nerolij-80-ml-3\/\" class=\"wc-block-grid__product-link\">\n\t\t\t\t\t\n\t\t\t\t\t<div class=\"wc-block-grid__product-image\"><img decoding=\"async\" width=\"430\" height=\"430\" src=\"https:\/\/singuli.wpress.me\/wp-content\/uploads\/2026\/04\/c7dfd2c4035d26570629c3fd87e4eb733a9abe87_HR_5000204227529_1-430x430.jpg\" class=\"attachment-woocommerce_thumbnail size-woocommerce_thumbnail\" alt=\"c7dfd2c4035d26570629c3fd87e4eb733a9abe87 HR 5000204227529 1\" srcset=\"https:\/\/singuli.wpress.me\/wp-content\/uploads\/2026\/04\/c7dfd2c4035d26570629c3fd87e4eb733a9abe87_HR_5000204227529_1-430x430.jpg 430w, https:\/\/singuli.wpress.me\/wp-content\/uploads\/2026\/04\/c7dfd2c4035d26570629c3fd87e4eb733a9abe87_HR_5000204227529_1-300x300.jpg 300w, https:\/\/singuli.wpress.me\/wp-content\/uploads\/2026\/04\/c7dfd2c4035d26570629c3fd87e4eb733a9abe87_HR_5000204227529_1-800x800.jpg 800w, https:\/\/singuli.wpress.me\/wp-content\/uploads\/2026\/04\/c7dfd2c4035d26570629c3fd87e4eb733a9abe87_HR_5000204227529_1-150x150.jpg 150w, https:\/\/singuli.wpress.me\/wp-content\/uploads\/2026\/04\/c7dfd2c4035d26570629c3fd87e4eb733a9abe87_HR_5000204227529_1-768x768.jpg 768w, https:\/\/singuli.wpress.me\/wp-content\/uploads\/2026\/04\/c7dfd2c4035d26570629c3fd87e4eb733a9abe87_HR_5000204227529_1-1536x1536.jpg 1536w, https:\/\/singuli.wpress.me\/wp-content\/uploads\/2026\/04\/c7dfd2c4035d26570629c3fd87e4eb733a9abe87_HR_5000204227529_1-2048x2048.jpg 2048w, https:\/\/singuli.wpress.me\/wp-content\/uploads\/2026\/04\/c7dfd2c4035d26570629c3fd87e4eb733a9abe87_HR_5000204227529_1-700x700.jpg 700w\" sizes=\"(max-width: 430px) 100vw, 430px\" \/><\/div>\n\t\t\t\t\t<div class=\"wc-block-grid__product-title\">GLADE Aromatherapy, mirisni \u0161tapi\u0107i, naran\u010da i cvijet nerolij, 80\u00a0ml<\/div>\n\t\t\t\t<\/a>\n\t\t\t\t<div class=\"wc-block-grid__product-price price\"><span class=\"woocommerce-Price-amount amount\">8,08&nbsp;<span class=\"woocommerce-Price-currencySymbol\">&euro;<\/span><\/span><\/div>\n\t\t\t\t\n\t\t\t\t<div class=\"wp-block-button wc-block-grid__product-add-to-cart\"><a href=\"https:\/\/singuli.wpress.me\/index.php\/proizvod\/glade-aromatherapy-mirisni-stapici-naranca-i-cvijet-nerolij-80-ml-3\/\" aria-label=\"Pro\u010ditaj vi\u0161e o &ldquo;GLADE Aromatherapy, mirisni \u0161tapi\u0107i, naran\u010da i cvijet nerolij, 80\u00a0ml&rdquo;\" data-quantity=\"1\" data-product_id=\"44314\" data-product_sku=\"1001004064\" data-price=\"8.08\" rel=\"nofollow\" class=\"wp-block-button__link  add_to_cart_button\">Pro\u010ditaj vi\u0161e<\/a><\/div>\n\t\t\t<\/li><li class=\"wc-block-grid__product\">\n\t\t\t\t<a href=\"https:\/\/singuli.wpress.me\/index.php\/proizvod\/desperados-pivo-24x0-5l\/\" class=\"wc-block-grid__product-link\">\n\t\t\t\t\t\n\t\t\t\t\t<div class=\"wc-block-grid__product-image\"><img loading=\"lazy\" decoding=\"async\" width=\"430\" height=\"430\" src=\"https:\/\/singuli.wpress.me\/wp-content\/uploads\/2026\/04\/7781cf7827f158d66f3fc652f8c0b4b36d3718e6_HR_8712000038175_1-430x430.jpg\" class=\"attachment-woocommerce_thumbnail size-woocommerce_thumbnail\" alt=\"7781cf7827f158d66f3fc652f8c0b4b36d3718e6 HR 8712000038175 1\" srcset=\"https:\/\/singuli.wpress.me\/wp-content\/uploads\/2026\/04\/7781cf7827f158d66f3fc652f8c0b4b36d3718e6_HR_8712000038175_1-430x430.jpg 430w, https:\/\/singuli.wpress.me\/wp-content\/uploads\/2026\/04\/7781cf7827f158d66f3fc652f8c0b4b36d3718e6_HR_8712000038175_1-300x300.jpg 300w, https:\/\/singuli.wpress.me\/wp-content\/uploads\/2026\/04\/7781cf7827f158d66f3fc652f8c0b4b36d3718e6_HR_8712000038175_1-800x800.jpg 800w, https:\/\/singuli.wpress.me\/wp-content\/uploads\/2026\/04\/7781cf7827f158d66f3fc652f8c0b4b36d3718e6_HR_8712000038175_1-150x150.jpg 150w, https:\/\/singuli.wpress.me\/wp-content\/uploads\/2026\/04\/7781cf7827f158d66f3fc652f8c0b4b36d3718e6_HR_8712000038175_1-768x768.jpg 768w, https:\/\/singuli.wpress.me\/wp-content\/uploads\/2026\/04\/7781cf7827f158d66f3fc652f8c0b4b36d3718e6_HR_8712000038175_1-1536x1536.jpg 1536w, https:\/\/singuli.wpress.me\/wp-content\/uploads\/2026\/04\/7781cf7827f158d66f3fc652f8c0b4b36d3718e6_HR_8712000038175_1-2048x2048.jpg 2048w, https:\/\/singuli.wpress.me\/wp-content\/uploads\/2026\/04\/7781cf7827f158d66f3fc652f8c0b4b36d3718e6_HR_8712000038175_1-700x700.jpg 700w\" sizes=\"(max-width: 430px) 100vw, 430px\" \/><\/div>\n\t\t\t\t\t<div class=\"wc-block-grid__product-title\">DESPERADOS, pivo, 24&#215;0.5l<\/div>\n\t\t\t\t<\/a>\n\t\t\t\t<div class=\"wc-block-grid__product-price price\"><span class=\"woocommerce-Price-amount amount\">0,00&nbsp;<span class=\"woocommerce-Price-currencySymbol\">&euro;<\/span><\/span><\/div>\n\t\t\t\t\n\t\t\t\t<div class=\"wp-block-button wc-block-grid__product-add-to-cart\"><a href=\"https:\/\/singuli.wpress.me\/index.php\/proizvod\/desperados-pivo-24x0-5l\/\" aria-label=\"Pro\u010ditaj vi\u0161e o &ldquo;DESPERADOS, pivo, 24x0.5l&rdquo;\" data-quantity=\"1\" data-product_id=\"44312\" data-product_sku=\"1900000096\" data-price=\"0\" rel=\"nofollow\" class=\"wp-block-button__link  add_to_cart_button\">Pro\u010ditaj vi\u0161e<\/a><\/div>\n\t\t\t<\/li><\/ul><\/div><\/div>\n<\/div>\n","protected":false},"excerpt":{"rendered":"","protected":false},"author":1,"featured_media":0,"parent":0,"menu_order":0,"comment_status":"closed","ping_status":"closed","template":"","meta":{"_seopress_robots_primary_cat":"","_seopress_titles_title":"","_seopress_titles_desc":"","_seopress_robots_index":"","iawp_total_views":0,"footnotes":""},"class_list":["post-7","page","type-page","status-publish","hentry"],"_links":{"self":[{"href":"https:\/\/singuli.wpress.me\/index.php\/wp-json\/wp\/v2\/pages\/7","targetHints":{"allow":["GET"]}}],"collection":[{"href":"https:\/\/singuli.wpress.me\/index.php\/wp-json\/wp\/v2\/pages"}],"about":[{"href":"https:\/\/singuli.wpress.me\/index.php\/wp-json\/wp\/v2\/types\/page"}],"author":[{"embeddable":true,"href":"https:\/\/singuli.wpress.me\/index.php\/wp-json\/wp\/v2\/users\/1"}],"replies":[{"embeddable":true,"href":"https:\/\/singuli.wpress.me\/index.php\/wp-json\/wp\/v2\/comments?post=7"}],"version-history":[{"count":1,"href":"https:\/\/singuli.wpress.me\/index.php\/wp-json\/wp\/v2\/pages\/7\/revisions"}],"predecessor-version":[{"id":61,"href":"https:\/\/singuli.wpress.me\/index.php\/wp-json\/wp\/v2\/pages\/7\/revisions\/61"}],"wp:attachment":[{"href":"https:\/\/singuli.wpress.me\/index.php\/wp-json\/wp\/v2\/media?parent=7"}],"curies":[{"name":"wp","href":"https:\/\/api.w.org\/{rel}","templated":true}]}}