{"id":29538,"date":"2026-04-17T00:15:44","date_gmt":"2026-04-17T00:15:44","guid":{"rendered":"https:\/\/singuli.wpress.me\/index.php\/proizvod\/gillette-venus-satin-care-gel-za-ciscenje-i-brijanje-190-ml\/"},"modified":"2026-04-20T00:24:58","modified_gmt":"2026-04-20T00:24:58","slug":"gillette-venus-satin-care-gel-za-ciscenje-i-brijanje-190-ml","status":"publish","type":"product","link":"https:\/\/singuli.wpress.me\/index.php\/proizvod\/gillette-venus-satin-care-gel-za-ciscenje-i-brijanje-190-ml\/","title":{"rendered":"GILLETTE Venus Satin Care, gel za \u010di\u0161\u0107enje i brijanje, 190\u00a0ml"},"content":{"rendered":"<p>Ovaj Gillette Venus ov 2-u-1 gel za \u010di\u0161\u0107enje koji je ujedno i gel za brijanje mo\u017ee se koristiti tijekom brijanja kako bi pru\u017eio za\u0161titni sloj po kojem brija\u010d lak\u0161e klizi i pomogao sprije\u010diti nadra\u017eivanje kod brijanja ili svakodnevno kao blagi gel za \u010di\u0161\u0107enje. Testirali su ga dermatolozi i ginekolozi. Ima uravnote\u017een pH. Ne sadr\u017ei parabene, bojila, mirise ni silikone.<\/p>\n","protected":false},"excerpt":{"rendered":"<p>Prozirni gel: prozirna formula omogu\u0107uje vam da vidite \u0161to radite tijekom brijanja osjetljivih podru\u010dja<br \/>\nLako se nanosi i ispire, ali kad se nanese, ostaje na ko\u017ei i tako pru\u017ea za\u0161titu tijekom brijanja, a potom se lako ispire<br \/>\nTestirali dermatolozi i ginekolozi<\/p>\n","protected":false},"featured_media":29539,"template":"","meta":{"_seopress_robots_primary_cat":"","_seopress_titles_title":"","_seopress_titles_desc":"","_seopress_robots_index":"","iawp_total_views":1},"product_brand":[323],"product_cat":[280,192,279],"product_tag":[],"class_list":{"0":"post-29538","1":"product","2":"type-product","3":"status-publish","4":"has-post-thumbnail","6":"product_brand-gillette","7":"product_cat-aparati-za-muskarce-279","8":"product_cat-aparati-za-osobnu-njegu","9":"product_cat-brijanje-i-sisanje-192","11":"first","12":"outofstock","13":"shipping-taxable","14":"purchasable","15":"product-type-simple"},"_links":{"self":[{"href":"https:\/\/singuli.wpress.me\/index.php\/wp-json\/wp\/v2\/product\/29538","targetHints":{"allow":["GET"]}}],"collection":[{"href":"https:\/\/singuli.wpress.me\/index.php\/wp-json\/wp\/v2\/product"}],"about":[{"href":"https:\/\/singuli.wpress.me\/index.php\/wp-json\/wp\/v2\/types\/product"}],"version-history":[{"count":0,"href":"https:\/\/singuli.wpress.me\/index.php\/wp-json\/wp\/v2\/product\/29538\/revisions"}],"wp:featuredmedia":[{"embeddable":true,"href":"https:\/\/singuli.wpress.me\/index.php\/wp-json\/wp\/v2\/media\/29539"}],"wp:attachment":[{"href":"https:\/\/singuli.wpress.me\/index.php\/wp-json\/wp\/v2\/media?parent=29538"}],"wp:term":[{"taxonomy":"product_brand","embeddable":true,"href":"https:\/\/singuli.wpress.me\/index.php\/wp-json\/wp\/v2\/product_brand?post=29538"},{"taxonomy":"product_cat","embeddable":true,"href":"https:\/\/singuli.wpress.me\/index.php\/wp-json\/wp\/v2\/product_cat?post=29538"},{"taxonomy":"product_tag","embeddable":true,"href":"https:\/\/singuli.wpress.me\/index.php\/wp-json\/wp\/v2\/product_tag?post=29538"}],"curies":[{"name":"wp","href":"https:\/\/api.w.org\/{rel}","templated":true}]}}