{"id":29541,"date":"2026-04-17T00:15:45","date_gmt":"2026-04-17T00:15:45","guid":{"rendered":"https:\/\/singuli.wpress.me\/index.php\/proizvod\/gillette-venus-satin-care-umirujuci-gel-za-eksfolijaciju-177-ml\/"},"modified":"2026-04-20T00:24:58","modified_gmt":"2026-04-20T00:24:58","slug":"gillette-venus-satin-care-umirujuci-gel-za-eksfolijaciju-177-ml","status":"publish","type":"product","link":"https:\/\/singuli.wpress.me\/index.php\/proizvod\/gillette-venus-satin-care-umirujuci-gel-za-eksfolijaciju-177-ml\/","title":{"rendered":"GILLETTE Venus Satin Care, umiruju\u0107i gel za eksfolijaciju, 177\u00a0ml"},"content":{"rendered":"<p>Umiruju\u0107i gel za eksfolijaciju Gillette Venus mo\u017ee se koristiti prije brijanja ili izme\u0111u dva brijanja kako bi se zagladila ko\u017ea i osigurala za\u0161tita od posjekotina. Nje\u017enom eksfolijacijom s povr\u0161ine ko\u017ee uklanja mrtve stanice, sebum, prljav\u0161tinu i ulja koji mogu dovesti do urastanja dla\u010dica. Ovaj su gel testirali dermatolozi i ginekolozi. Ima uravnote\u017een pH. Ne sadr\u017ei parabene, bojila, mirise ni silikone.<\/p>\n","protected":false},"excerpt":{"rendered":"<p>Fine zagla\u0111uju\u0107e \u010destice rade nje\u017enu eksfolijaciju na povr\u0161ini ko\u017ee kako bi se lak\u0161e odvojile i uklonile mrtve stanice ko\u017ee<br \/>\nLako se ispire: ne sadr\u017ei ulja, odli\u010dno za upotrebu prije brijanja<br \/>\nTestirali dermatolozi i ginekolozi<\/p>\n","protected":false},"featured_media":29542,"template":"","meta":{"_seopress_robots_primary_cat":"","_seopress_titles_title":"","_seopress_titles_desc":"","_seopress_robots_index":"","iawp_total_views":0},"product_brand":[323],"product_cat":[280,192,279],"product_tag":[],"class_list":{"0":"post-29541","1":"product","2":"type-product","3":"status-publish","4":"has-post-thumbnail","6":"product_brand-gillette","7":"product_cat-aparati-za-muskarce-279","8":"product_cat-aparati-za-osobnu-njegu","9":"product_cat-brijanje-i-sisanje-192","11":"first","12":"instock","13":"shipping-taxable","14":"purchasable","15":"product-type-simple"},"_links":{"self":[{"href":"https:\/\/singuli.wpress.me\/index.php\/wp-json\/wp\/v2\/product\/29541","targetHints":{"allow":["GET"]}}],"collection":[{"href":"https:\/\/singuli.wpress.me\/index.php\/wp-json\/wp\/v2\/product"}],"about":[{"href":"https:\/\/singuli.wpress.me\/index.php\/wp-json\/wp\/v2\/types\/product"}],"version-history":[{"count":0,"href":"https:\/\/singuli.wpress.me\/index.php\/wp-json\/wp\/v2\/product\/29541\/revisions"}],"wp:featuredmedia":[{"embeddable":true,"href":"https:\/\/singuli.wpress.me\/index.php\/wp-json\/wp\/v2\/media\/29542"}],"wp:attachment":[{"href":"https:\/\/singuli.wpress.me\/index.php\/wp-json\/wp\/v2\/media?parent=29541"}],"wp:term":[{"taxonomy":"product_brand","embeddable":true,"href":"https:\/\/singuli.wpress.me\/index.php\/wp-json\/wp\/v2\/product_brand?post=29541"},{"taxonomy":"product_cat","embeddable":true,"href":"https:\/\/singuli.wpress.me\/index.php\/wp-json\/wp\/v2\/product_cat?post=29541"},{"taxonomy":"product_tag","embeddable":true,"href":"https:\/\/singuli.wpress.me\/index.php\/wp-json\/wp\/v2\/product_tag?post=29541"}],"curies":[{"name":"wp","href":"https:\/\/api.w.org\/{rel}","templated":true}]}}