{"id":29544,"date":"2026-04-17T00:15:47","date_gmt":"2026-04-17T00:15:47","guid":{"rendered":"https:\/\/singuli.wpress.me\/index.php\/proizvod\/gillette-venus-satin-care-serum-za-intimne-dijelove-tijela-50-ml\/"},"modified":"2026-04-20T00:24:58","modified_gmt":"2026-04-20T00:24:58","slug":"gillette-venus-satin-care-serum-za-intimne-dijelove-tijela-50-ml","status":"publish","type":"product","link":"https:\/\/singuli.wpress.me\/index.php\/proizvod\/gillette-venus-satin-care-serum-za-intimne-dijelove-tijela-50-ml\/","title":{"rendered":"GILLETTE Venus Satin Care, serum za intimne dijelove tijela, 50\u00a0ml"},"content":{"rendered":"<p>Svakodnevni umiruju\u0107i serum Gillette Venus mo\u017ee se koristiti nakon brijanja kako bi pru\u017eio umiruju\u0107u hidrataciju kojem se poma\u017ee smanjiti svrbe\u017e.  Mo\u017ee se koristiti izme\u0111u brijanja kako bi se pomogla odr\u017eati vla\u017enost i glatko\u0107a ko\u017ee, a vi bili spremni za brijanje u svakom trenutku. Ovaj su serum testirali dermatolozi i ginekolozi. Ima uravnote\u017een pH. Ne sadr\u017ei parabene, bojila, mirise ni silikone.<\/p>\n","protected":false},"excerpt":{"rendered":"<p>Hidratizira: ovaj umiruju\u0107i hidratantni serum koristite svakodnevno kako biste smanjili svrbe\u017e (koji se javlja zbog suhe ko\u017ee)<br \/>\nPospje\u0161uje prirodni proces obnove povr\u0161ine ko\u017ee zahvaljuju\u0107i mlije\u010dnoj kiselini koja poma\u017ee smanjiti nakupljanje mrtvih stanica ko\u017ee<br \/>\nTestirali dermatolozi i ginekolozi<\/p>\n","protected":false},"featured_media":29545,"template":"","meta":{"_seopress_robots_primary_cat":"","_seopress_titles_title":"","_seopress_titles_desc":"","_seopress_robots_index":"","iawp_total_views":0},"product_brand":[323],"product_cat":[280,192,279],"product_tag":[],"class_list":{"0":"post-29544","1":"product","2":"type-product","3":"status-publish","4":"has-post-thumbnail","6":"product_brand-gillette","7":"product_cat-aparati-za-muskarce-279","8":"product_cat-aparati-za-osobnu-njegu","9":"product_cat-brijanje-i-sisanje-192","11":"first","12":"instock","13":"shipping-taxable","14":"purchasable","15":"product-type-simple"},"_links":{"self":[{"href":"https:\/\/singuli.wpress.me\/index.php\/wp-json\/wp\/v2\/product\/29544","targetHints":{"allow":["GET"]}}],"collection":[{"href":"https:\/\/singuli.wpress.me\/index.php\/wp-json\/wp\/v2\/product"}],"about":[{"href":"https:\/\/singuli.wpress.me\/index.php\/wp-json\/wp\/v2\/types\/product"}],"version-history":[{"count":0,"href":"https:\/\/singuli.wpress.me\/index.php\/wp-json\/wp\/v2\/product\/29544\/revisions"}],"wp:featuredmedia":[{"embeddable":true,"href":"https:\/\/singuli.wpress.me\/index.php\/wp-json\/wp\/v2\/media\/29545"}],"wp:attachment":[{"href":"https:\/\/singuli.wpress.me\/index.php\/wp-json\/wp\/v2\/media?parent=29544"}],"wp:term":[{"taxonomy":"product_brand","embeddable":true,"href":"https:\/\/singuli.wpress.me\/index.php\/wp-json\/wp\/v2\/product_brand?post=29544"},{"taxonomy":"product_cat","embeddable":true,"href":"https:\/\/singuli.wpress.me\/index.php\/wp-json\/wp\/v2\/product_cat?post=29544"},{"taxonomy":"product_tag","embeddable":true,"href":"https:\/\/singuli.wpress.me\/index.php\/wp-json\/wp\/v2\/product_tag?post=29544"}],"curies":[{"name":"wp","href":"https:\/\/api.w.org\/{rel}","templated":true}]}}