{"id":29547,"date":"2026-04-17T00:15:48","date_gmt":"2026-04-17T00:15:48","guid":{"rendered":"https:\/\/singuli.wpress.me\/index.php\/proizvod\/barbie-modni-atelier-s-barbie-lutkom\/"},"modified":"2026-04-20T00:24:58","modified_gmt":"2026-04-20T00:24:58","slug":"barbie-modni-atelier-s-barbie-lutkom","status":"publish","type":"product","link":"https:\/\/singuli.wpress.me\/index.php\/proizvod\/barbie-modni-atelier-s-barbie-lutkom\/","title":{"rendered":"BARBIE, modni atelier s Barbie lutkom"},"content":{"rendered":"<p>Kreirajte najnovije modne kreacije uz Barbie Modni Atelier s Barbie lutkom!<br \/>\nUz mnogo modela odje\u0107e i dodataka koje mo\u017ee\u0161 izrezivati i bojati, stvaranje vlastitih modnih kreacija nikada nije bilo zabavnije. Samo slijedi ilustrirane korake u priru\u010dniku i svaki dan mo\u017ee\u0161 stvarati nove i jedinstvene modne kombinacije. S Barbie Modnim Atelijerom, tvoja ma\u0161tovitost i kreativnost nemaju granica. Otkrit \u0107e\u0161 tri izvanredna na\u010dina kako stvoriti nevjerojatne odjevne kombinacije za svoju Barbie lutku! <br \/>\nUz posebnu svjetle\u0107u plo\u010du za crtanje, uzorke za \u0161ivanje, fantasti\u010dnu Barbie lutku, \u0161arene flomastere, \u0161kare i ljepilo, mo\u017ee\u0161 izraditi fantasti\u010dne haljine za Barbie lutku koja dolazi u paketu! Prati korake i zabavi se! <\/p>\n<p>Dob: 3+god<\/p>\n","protected":false},"excerpt":{"rendered":"<p>Kreiranje modnih kombinacija<br \/>\nTri izvanredna na\u010dina kako stvoriti nevjerojatne odjevne kombinacije<br \/>\nDob: 3+god<\/p>\n","protected":false},"featured_media":29548,"template":"","meta":{"_seopress_robots_primary_cat":"","_seopress_titles_title":"","_seopress_titles_desc":"","_seopress_robots_index":"","iawp_total_views":0},"product_brand":[324],"product_cat":[221,291,274,238],"product_tag":[],"class_list":{"0":"post-29547","1":"product","2":"type-product","3":"status-publish","4":"has-post-thumbnail","6":"product_brand-barbie","7":"product_cat-igracke","8":"product_cat-igracke-za-djecu-221","9":"product_cat-kucanski-pribor-238","10":"product_cat-sve-za-dom","12":"first","13":"instock","14":"shipping-taxable","15":"purchasable","16":"product-type-simple"},"_links":{"self":[{"href":"https:\/\/singuli.wpress.me\/index.php\/wp-json\/wp\/v2\/product\/29547","targetHints":{"allow":["GET"]}}],"collection":[{"href":"https:\/\/singuli.wpress.me\/index.php\/wp-json\/wp\/v2\/product"}],"about":[{"href":"https:\/\/singuli.wpress.me\/index.php\/wp-json\/wp\/v2\/types\/product"}],"version-history":[{"count":0,"href":"https:\/\/singuli.wpress.me\/index.php\/wp-json\/wp\/v2\/product\/29547\/revisions"}],"wp:featuredmedia":[{"embeddable":true,"href":"https:\/\/singuli.wpress.me\/index.php\/wp-json\/wp\/v2\/media\/29548"}],"wp:attachment":[{"href":"https:\/\/singuli.wpress.me\/index.php\/wp-json\/wp\/v2\/media?parent=29547"}],"wp:term":[{"taxonomy":"product_brand","embeddable":true,"href":"https:\/\/singuli.wpress.me\/index.php\/wp-json\/wp\/v2\/product_brand?post=29547"},{"taxonomy":"product_cat","embeddable":true,"href":"https:\/\/singuli.wpress.me\/index.php\/wp-json\/wp\/v2\/product_cat?post=29547"},{"taxonomy":"product_tag","embeddable":true,"href":"https:\/\/singuli.wpress.me\/index.php\/wp-json\/wp\/v2\/product_tag?post=29547"}],"curies":[{"name":"wp","href":"https:\/\/api.w.org\/{rel}","templated":true}]}}