{"id":29553,"date":"2026-04-17T00:15:51","date_gmt":"2026-04-17T00:15:51","guid":{"rendered":"https:\/\/singuli.wpress.me\/index.php\/proizvod\/gillette-venus-satin-care-brijac-s-zamjenskom-britvicom\/"},"modified":"2026-04-20T00:24:58","modified_gmt":"2026-04-20T00:24:58","slug":"gillette-venus-satin-care-brijac-s-zamjenskom-britvicom","status":"publish","type":"product","link":"https:\/\/singuli.wpress.me\/index.php\/proizvod\/gillette-venus-satin-care-brijac-s-zamjenskom-britvicom\/","title":{"rendered":"GILLETTE Venus Satin Care, brija\u010d s zamjenskom britvicom"},"content":{"rendered":"<p>Brija\u010d Venus za intimne dijelove tijela posebno je dizajniran kako bi pomogao za\u0161tititi ko\u017eu intimnog podru\u010dja od nadra\u017eivanja prilikom brijanja. Njegova patentirana trakica za za\u0161titu od iritacije i optimalno razmaknute o\u0161trice omogu\u0107uju brijanje dla\u010dica gotovo bez dodirivanja ko\u017ee. \u0160tovi\u0161e, ima i zamjenjive britvice s preciznim trimerom sa stra\u017enje strane koji olak\u0161ava brijanje zahtjevnijih podru\u010dja.<\/p>\n","protected":false},"excerpt":{"rendered":"<p>Zaboravite na pri\u0161ti\u0107e od brijanja i urasle dla\u010dice: ovi brija\u010di imaju patentiranu trakicu za za\u0161titu od iritacija, za glatko brijanje<br \/>\nGlatko brijanje: Venusove najo\u0161trije o\u0161trice lako briju dla\u010dice<br \/>\nDizajnirano za zahtjevnija podru\u010dja: brija\u010d ima malu glavu i precizni trimer sa stra\u017enje strane o\u0161trica za \u0161to lak\u0161e brijanje zahtjevnijih podru\u010dja<\/p>\n","protected":false},"featured_media":29554,"template":"","meta":{"_seopress_robots_primary_cat":"","_seopress_titles_title":"","_seopress_titles_desc":"","_seopress_robots_index":"","iawp_total_views":0},"product_brand":[323],"product_cat":[280,192,279],"product_tag":[],"class_list":{"0":"post-29553","1":"product","2":"type-product","3":"status-publish","4":"has-post-thumbnail","6":"product_brand-gillette","7":"product_cat-aparati-za-muskarce-279","8":"product_cat-aparati-za-osobnu-njegu","9":"product_cat-brijanje-i-sisanje-192","11":"first","12":"outofstock","13":"shipping-taxable","14":"purchasable","15":"product-type-simple"},"_links":{"self":[{"href":"https:\/\/singuli.wpress.me\/index.php\/wp-json\/wp\/v2\/product\/29553","targetHints":{"allow":["GET"]}}],"collection":[{"href":"https:\/\/singuli.wpress.me\/index.php\/wp-json\/wp\/v2\/product"}],"about":[{"href":"https:\/\/singuli.wpress.me\/index.php\/wp-json\/wp\/v2\/types\/product"}],"version-history":[{"count":0,"href":"https:\/\/singuli.wpress.me\/index.php\/wp-json\/wp\/v2\/product\/29553\/revisions"}],"wp:featuredmedia":[{"embeddable":true,"href":"https:\/\/singuli.wpress.me\/index.php\/wp-json\/wp\/v2\/media\/29554"}],"wp:attachment":[{"href":"https:\/\/singuli.wpress.me\/index.php\/wp-json\/wp\/v2\/media?parent=29553"}],"wp:term":[{"taxonomy":"product_brand","embeddable":true,"href":"https:\/\/singuli.wpress.me\/index.php\/wp-json\/wp\/v2\/product_brand?post=29553"},{"taxonomy":"product_cat","embeddable":true,"href":"https:\/\/singuli.wpress.me\/index.php\/wp-json\/wp\/v2\/product_cat?post=29553"},{"taxonomy":"product_tag","embeddable":true,"href":"https:\/\/singuli.wpress.me\/index.php\/wp-json\/wp\/v2\/product_tag?post=29553"}],"curies":[{"name":"wp","href":"https:\/\/api.w.org\/{rel}","templated":true}]}}