{"id":29557,"date":"2026-04-17T00:15:53","date_gmt":"2026-04-17T00:15:53","guid":{"rendered":"https:\/\/singuli.wpress.me\/index.php\/proizvod\/barbie-modni-nakit-u-torbici\/"},"modified":"2026-04-20T12:32:58","modified_gmt":"2026-04-20T12:32:58","slug":"barbie-modni-nakit-u-torbici","status":"publish","type":"product","link":"https:\/\/singuli.wpress.me\/index.php\/proizvod\/barbie-modni-nakit-u-torbici\/","title":{"rendered":"BARBIE, modni nakit u torbici"},"content":{"rendered":"<p>Hej, mali dizajneri! Imamo ne\u0161to posebno za vas &#8211; Barbie modni nakit u torbici! Otvorite ovu cool torbicu i otkrijte sve \u0161to vam treba da biste napravili svoj vlastiti Barbie nakit.<br \/>\nUnutar ove torbice \u010deka vas pravi bljesak kreativnosti! Tu su \u0161arene perle i fantasti\u010dni Barbie privjesci koji \u0107e vam pomo\u0107i da stvorite vlastite narukvice i ogrlice. Ba\u0161 kao pravi modni dizajneri!<br \/>\nAko volite boje, zabavu i izradu vlastitog nakita, ovo je savr\u0161en set za vas. S ovom cool torbicom, va\u0161 \u0161areni nakit bit \u0107e vam uvijek pri ruci za no\u0161enje kad god to po\u017eelite. <br \/>\nTvoja \u010darobna torbica za izradu nakita &#8211; pretvara svaki dan u pravu modnu avanturu!<\/p>\n<p>Dob: 5+ godina<\/p>\n","protected":false},"excerpt":{"rendered":"<p>Sve potrebno za izradu Barbie nakita<br \/>\nUnutar torbice pravi bljesak kreativnosti<br \/>\nDob: 5+ god<\/p>\n","protected":false},"featured_media":29558,"template":"","meta":{"_seopress_robots_primary_cat":"","_seopress_titles_title":"","_seopress_titles_desc":"","_seopress_robots_index":"","iawp_total_views":0},"product_brand":[324],"product_cat":[221,291,274,238],"product_tag":[],"class_list":{"0":"post-29557","1":"product","2":"type-product","3":"status-publish","4":"has-post-thumbnail","6":"product_brand-barbie","7":"product_cat-igracke","8":"product_cat-igracke-za-djecu-221","9":"product_cat-kucanski-pribor-238","10":"product_cat-sve-za-dom","12":"first","13":"instock","14":"shipping-taxable","15":"purchasable","16":"product-type-simple"},"_links":{"self":[{"href":"https:\/\/singuli.wpress.me\/index.php\/wp-json\/wp\/v2\/product\/29557","targetHints":{"allow":["GET"]}}],"collection":[{"href":"https:\/\/singuli.wpress.me\/index.php\/wp-json\/wp\/v2\/product"}],"about":[{"href":"https:\/\/singuli.wpress.me\/index.php\/wp-json\/wp\/v2\/types\/product"}],"version-history":[{"count":0,"href":"https:\/\/singuli.wpress.me\/index.php\/wp-json\/wp\/v2\/product\/29557\/revisions"}],"wp:featuredmedia":[{"embeddable":true,"href":"https:\/\/singuli.wpress.me\/index.php\/wp-json\/wp\/v2\/media\/29558"}],"wp:attachment":[{"href":"https:\/\/singuli.wpress.me\/index.php\/wp-json\/wp\/v2\/media?parent=29557"}],"wp:term":[{"taxonomy":"product_brand","embeddable":true,"href":"https:\/\/singuli.wpress.me\/index.php\/wp-json\/wp\/v2\/product_brand?post=29557"},{"taxonomy":"product_cat","embeddable":true,"href":"https:\/\/singuli.wpress.me\/index.php\/wp-json\/wp\/v2\/product_cat?post=29557"},{"taxonomy":"product_tag","embeddable":true,"href":"https:\/\/singuli.wpress.me\/index.php\/wp-json\/wp\/v2\/product_tag?post=29557"}],"curies":[{"name":"wp","href":"https:\/\/api.w.org\/{rel}","templated":true}]}}