{"id":29564,"date":"2026-04-17T00:15:58","date_gmt":"2026-04-17T00:15:58","guid":{"rendered":"https:\/\/singuli.wpress.me\/index.php\/proizvod\/barbie-nakit-u-torbici-leptira\/"},"modified":"2026-04-21T00:26:30","modified_gmt":"2026-04-21T00:26:30","slug":"barbie-nakit-u-torbici-leptira","status":"publish","type":"product","link":"https:\/\/singuli.wpress.me\/index.php\/proizvod\/barbie-nakit-u-torbici-leptira\/","title":{"rendered":"BARBIE, nakit u torbici leptira"},"content":{"rendered":"<p>Postanite pravi modni dizajner uz Barbie i stvarajte vlastite posebne modne dodatke!<br \/>\nOtvorite ovu torbicu u obliku leptira i otkrijte \u010daroban svijet materijala za izradu prekrasnog Barbie nakita! Osim \u0161arenih perlica, unutra \u0107ete prona\u0107i sjajne privjeske s Barbie motivima. Sada mo\u017eete oblikovati narukvice i ogrlice za svaku prigodu i podijeliti ih s va\u0161im najboljim prijateljima!<br \/>\nSadr\u017eaj: Torbica u obliku leptira, raznobojne perlice, \u010darobni privjesci s Barbie motivima, \u017eica i kop\u010da za izradu nakita.<\/p>\n<p>Dob: 5+ godina.<\/p>\n","protected":false},"excerpt":{"rendered":"<p>Mogu\u0107nost kreiranja i stvaranja vlastitih modnih dodataka<br \/>\nDob: 5+ god<\/p>\n","protected":false},"featured_media":29565,"template":"","meta":{"_seopress_robots_primary_cat":"","_seopress_titles_title":"","_seopress_titles_desc":"","_seopress_robots_index":"","iawp_total_views":0},"product_brand":[324],"product_cat":[221,291,274,238],"product_tag":[],"class_list":{"0":"post-29564","1":"product","2":"type-product","3":"status-publish","4":"has-post-thumbnail","6":"product_brand-barbie","7":"product_cat-igracke","8":"product_cat-igracke-za-djecu-221","9":"product_cat-kucanski-pribor-238","10":"product_cat-sve-za-dom","12":"first","13":"instock","14":"shipping-taxable","15":"purchasable","16":"product-type-simple"},"_links":{"self":[{"href":"https:\/\/singuli.wpress.me\/index.php\/wp-json\/wp\/v2\/product\/29564","targetHints":{"allow":["GET"]}}],"collection":[{"href":"https:\/\/singuli.wpress.me\/index.php\/wp-json\/wp\/v2\/product"}],"about":[{"href":"https:\/\/singuli.wpress.me\/index.php\/wp-json\/wp\/v2\/types\/product"}],"version-history":[{"count":0,"href":"https:\/\/singuli.wpress.me\/index.php\/wp-json\/wp\/v2\/product\/29564\/revisions"}],"wp:featuredmedia":[{"embeddable":true,"href":"https:\/\/singuli.wpress.me\/index.php\/wp-json\/wp\/v2\/media\/29565"}],"wp:attachment":[{"href":"https:\/\/singuli.wpress.me\/index.php\/wp-json\/wp\/v2\/media?parent=29564"}],"wp:term":[{"taxonomy":"product_brand","embeddable":true,"href":"https:\/\/singuli.wpress.me\/index.php\/wp-json\/wp\/v2\/product_brand?post=29564"},{"taxonomy":"product_cat","embeddable":true,"href":"https:\/\/singuli.wpress.me\/index.php\/wp-json\/wp\/v2\/product_cat?post=29564"},{"taxonomy":"product_tag","embeddable":true,"href":"https:\/\/singuli.wpress.me\/index.php\/wp-json\/wp\/v2\/product_tag?post=29564"}],"curies":[{"name":"wp","href":"https:\/\/api.w.org\/{rel}","templated":true}]}}