{"id":29572,"date":"2026-04-17T00:16:04","date_gmt":"2026-04-17T00:16:04","guid":{"rendered":"https:\/\/singuli.wpress.me\/index.php\/proizvod\/shell-cistac-felgi-kotaca-0-5-l\/"},"modified":"2026-04-21T00:26:30","modified_gmt":"2026-04-21T00:26:30","slug":"shell-cistac-felgi-kotaca-0-5-l","status":"publish","type":"product","link":"https:\/\/singuli.wpress.me\/index.php\/proizvod\/shell-cistac-felgi-kotaca-0-5-l\/","title":{"rendered":"SHELL, \u010dista\u010d felgi kota\u010da, 0.5\u00a0l"},"content":{"rendered":"<p>U\u010dinkovito \u010disti naplatke kota\u010da. Brzo prodire u te\u0161ko dostupna mjesta, otapa i uklanja tvrdokorne naslage, ko\u010dionu pra\u0161inu, komadi\u0107e gume i prljav\u0161tinu s ceste. <br \/>\nProizvod guste konzistencije s pH-neutralnom formulom. Bez kiseline. Sigurno za kota\u010de i ko\u010dioni sustav. Prikladno za sve vrste naplataka uklju\u010duju\u0107i i aluminijske.<\/p>\n","protected":false},"excerpt":{"rendered":"<p>U\u010dinkovito \u010disti naplatke kota\u010da<br \/>\nBrzo prodire u te\u0161ko dostupna mjesta<br \/>\nSigurno za kota\u010de i ko\u010dioni sustav<\/p>\n","protected":false},"featured_media":29573,"template":"","meta":{"_seopress_robots_primary_cat":"","_seopress_titles_title":"","_seopress_titles_desc":"","_seopress_robots_index":"","iawp_total_views":0},"product_brand":[326],"product_cat":[243,273],"product_tag":[],"class_list":{"0":"post-29572","1":"product","2":"type-product","3":"status-publish","4":"has-post-thumbnail","6":"product_brand-shell","7":"product_cat-automobili-i-motori","8":"product_cat-njega-vozila-243","10":"first","11":"instock","12":"shipping-taxable","13":"purchasable","14":"product-type-simple"},"_links":{"self":[{"href":"https:\/\/singuli.wpress.me\/index.php\/wp-json\/wp\/v2\/product\/29572","targetHints":{"allow":["GET"]}}],"collection":[{"href":"https:\/\/singuli.wpress.me\/index.php\/wp-json\/wp\/v2\/product"}],"about":[{"href":"https:\/\/singuli.wpress.me\/index.php\/wp-json\/wp\/v2\/types\/product"}],"version-history":[{"count":0,"href":"https:\/\/singuli.wpress.me\/index.php\/wp-json\/wp\/v2\/product\/29572\/revisions"}],"wp:featuredmedia":[{"embeddable":true,"href":"https:\/\/singuli.wpress.me\/index.php\/wp-json\/wp\/v2\/media\/29573"}],"wp:attachment":[{"href":"https:\/\/singuli.wpress.me\/index.php\/wp-json\/wp\/v2\/media?parent=29572"}],"wp:term":[{"taxonomy":"product_brand","embeddable":true,"href":"https:\/\/singuli.wpress.me\/index.php\/wp-json\/wp\/v2\/product_brand?post=29572"},{"taxonomy":"product_cat","embeddable":true,"href":"https:\/\/singuli.wpress.me\/index.php\/wp-json\/wp\/v2\/product_cat?post=29572"},{"taxonomy":"product_tag","embeddable":true,"href":"https:\/\/singuli.wpress.me\/index.php\/wp-json\/wp\/v2\/product_tag?post=29572"}],"curies":[{"name":"wp","href":"https:\/\/api.w.org\/{rel}","templated":true}]}}