{"id":29574,"date":"2026-04-17T00:16:05","date_gmt":"2026-04-17T00:16:05","guid":{"rendered":"https:\/\/singuli.wpress.me\/index.php\/proizvod\/shell-maramice-za-ciscenje-kokpita\/"},"modified":"2026-04-21T00:26:30","modified_gmt":"2026-04-21T00:26:30","slug":"shell-maramice-za-ciscenje-kokpita","status":"publish","type":"product","link":"https:\/\/singuli.wpress.me\/index.php\/proizvod\/shell-maramice-za-ciscenje-kokpita\/","title":{"rendered":"SHELL, maramice za \u010di\u0161\u0107enje kokpita"},"content":{"rendered":"<p>U\u010dinkovito i jednostavno uklanja prljav\u0161tinu s vinilnih, plasti\u010dnih i gumenih dijelova. O\u017eivite i osvje\u017eite izvornu boju.<\/p>\n","protected":false},"excerpt":{"rendered":"<p>U\u010dinkovito uklanja prljav\u0161tinu s vinilnih, plasti\u010dnih i gumenih dijelova<br \/>\nO\u017eivite i osvje\u017eite izvornu boju<br \/>\nJednostavan za kori\u0161tenje<\/p>\n","protected":false},"featured_media":29575,"template":"","meta":{"_seopress_robots_primary_cat":"","_seopress_titles_title":"","_seopress_titles_desc":"","_seopress_robots_index":"","iawp_total_views":0},"product_brand":[326],"product_cat":[243,273],"product_tag":[],"class_list":{"0":"post-29574","1":"product","2":"type-product","3":"status-publish","4":"has-post-thumbnail","6":"product_brand-shell","7":"product_cat-automobili-i-motori","8":"product_cat-njega-vozila-243","10":"first","11":"instock","12":"shipping-taxable","13":"purchasable","14":"product-type-simple"},"_links":{"self":[{"href":"https:\/\/singuli.wpress.me\/index.php\/wp-json\/wp\/v2\/product\/29574","targetHints":{"allow":["GET"]}}],"collection":[{"href":"https:\/\/singuli.wpress.me\/index.php\/wp-json\/wp\/v2\/product"}],"about":[{"href":"https:\/\/singuli.wpress.me\/index.php\/wp-json\/wp\/v2\/types\/product"}],"version-history":[{"count":0,"href":"https:\/\/singuli.wpress.me\/index.php\/wp-json\/wp\/v2\/product\/29574\/revisions"}],"wp:featuredmedia":[{"embeddable":true,"href":"https:\/\/singuli.wpress.me\/index.php\/wp-json\/wp\/v2\/media\/29575"}],"wp:attachment":[{"href":"https:\/\/singuli.wpress.me\/index.php\/wp-json\/wp\/v2\/media?parent=29574"}],"wp:term":[{"taxonomy":"product_brand","embeddable":true,"href":"https:\/\/singuli.wpress.me\/index.php\/wp-json\/wp\/v2\/product_brand?post=29574"},{"taxonomy":"product_cat","embeddable":true,"href":"https:\/\/singuli.wpress.me\/index.php\/wp-json\/wp\/v2\/product_cat?post=29574"},{"taxonomy":"product_tag","embeddable":true,"href":"https:\/\/singuli.wpress.me\/index.php\/wp-json\/wp\/v2\/product_tag?post=29574"}],"curies":[{"name":"wp","href":"https:\/\/api.w.org\/{rel}","templated":true}]}}