{"id":29576,"date":"2026-04-17T00:16:05","date_gmt":"2026-04-17T00:16:05","guid":{"rendered":"https:\/\/singuli.wpress.me\/index.php\/proizvod\/shell-silikonski-sprej-0-4-l\/"},"modified":"2026-04-20T12:32:58","modified_gmt":"2026-04-20T12:32:58","slug":"shell-silikonski-sprej-0-4-l","status":"publish","type":"product","link":"https:\/\/singuli.wpress.me\/index.php\/proizvod\/shell-silikonski-sprej-0-4-l\/","title":{"rendered":"SHELL, silikonski sprej, 0.4\u00a0l"},"content":{"rendered":"<p>Silikonski sprej pru\u017ea dugotrajnu za\u0161titu, \u010disto\u0107u, odr\u017eavanje, izolaciju i podmazivanje plasti\u010dnih i gumenih povr\u0161ina.<\/p>\n<p>Sadr\u017ei: Propan, Butan, Izobutan, Pentan. <\/p>\n","protected":false},"excerpt":{"rendered":"<p>Silikonski sprej pru\u017ea dugotrajnu za\u0161titu<br \/>\nMo\u017ee se koristiti na plasti\u010dnim i gumenim povr\u0161inama<br \/>\nJednostavan za kori\u0161tenje<\/p>\n","protected":false},"featured_media":29577,"template":"","meta":{"_seopress_robots_primary_cat":"","_seopress_titles_title":"","_seopress_titles_desc":"","_seopress_robots_index":"","iawp_total_views":0},"product_brand":[326],"product_cat":[243,273],"product_tag":[],"class_list":{"0":"post-29576","1":"product","2":"type-product","3":"status-publish","4":"has-post-thumbnail","6":"product_brand-shell","7":"product_cat-automobili-i-motori","8":"product_cat-njega-vozila-243","10":"first","11":"outofstock","12":"shipping-taxable","13":"purchasable","14":"product-type-simple"},"_links":{"self":[{"href":"https:\/\/singuli.wpress.me\/index.php\/wp-json\/wp\/v2\/product\/29576","targetHints":{"allow":["GET"]}}],"collection":[{"href":"https:\/\/singuli.wpress.me\/index.php\/wp-json\/wp\/v2\/product"}],"about":[{"href":"https:\/\/singuli.wpress.me\/index.php\/wp-json\/wp\/v2\/types\/product"}],"version-history":[{"count":0,"href":"https:\/\/singuli.wpress.me\/index.php\/wp-json\/wp\/v2\/product\/29576\/revisions"}],"wp:featuredmedia":[{"embeddable":true,"href":"https:\/\/singuli.wpress.me\/index.php\/wp-json\/wp\/v2\/media\/29577"}],"wp:attachment":[{"href":"https:\/\/singuli.wpress.me\/index.php\/wp-json\/wp\/v2\/media?parent=29576"}],"wp:term":[{"taxonomy":"product_brand","embeddable":true,"href":"https:\/\/singuli.wpress.me\/index.php\/wp-json\/wp\/v2\/product_brand?post=29576"},{"taxonomy":"product_cat","embeddable":true,"href":"https:\/\/singuli.wpress.me\/index.php\/wp-json\/wp\/v2\/product_cat?post=29576"},{"taxonomy":"product_tag","embeddable":true,"href":"https:\/\/singuli.wpress.me\/index.php\/wp-json\/wp\/v2\/product_tag?post=29576"}],"curies":[{"name":"wp","href":"https:\/\/api.w.org\/{rel}","templated":true}]}}