{"id":29578,"date":"2026-04-17T00:16:06","date_gmt":"2026-04-17T00:16:06","guid":{"rendered":"https:\/\/singuli.wpress.me\/index.php\/proizvod\/revlon-cetka-za-kosu-2u1-apricot\/"},"modified":"2026-04-20T12:32:58","modified_gmt":"2026-04-20T12:32:58","slug":"revlon-cetka-za-kosu-2u1-apricot","status":"publish","type":"product","link":"https:\/\/singuli.wpress.me\/index.php\/proizvod\/revlon-cetka-za-kosu-2u1-apricot\/","title":{"rendered":"REVLON, \u010detka za kosu, 2u1, Apricot"},"content":{"rendered":"<p><span style=\"font-weight: bold\">Revolucionarna \u010detka za su\u0161enje i pove\u0107anje volumena kose<\/span> u jednom koraku osmi\u0161ljena je za pru\u017eanje prekrasnog volumena i briljantnog sjaja u samo JEDNOM KORAKU. Jedinstven oblik \u010detke ima blago zaobljene strane za zagla\u0111ivanje kose, dok okrugli rubovi podi\u017eu volumen pri korijenu kose i divno uvijaju vrhove za prekrasne frizure u manje vremena.<br \/>\n<span style=\"font-weight: bold\">IONIC TECHNOLOGY\u2122<\/span><br \/>\nOvo jedinstveno su\u0161ilo za kosu opremljeno je IONSKOM TEHNOLOGIJOM koja omogu\u0107uje raspr\u0161ivanje kapljica vode u kosi negativnim ionima za njezino br\u017ee su\u0161enje. Kosa je na taj na\u010din njegovana, glatka i sjajnija te istovremeno manje neuredna i naelektrizirana.<br \/>\n<span style=\"font-weight: bold\"><br \/>\nKerami\u010dki premaz p<\/span>oma\u017ee smanjiti o\u0161te\u0107enja kose zbog pretjeranog oblikovanja, ujedna\u010duju\u0107i raspodjelu topline koja brzo prodire u kosu iznutra prema van.<br \/>\n<span style=\"font-weight: bold\"><br \/>\nOblikovanje kose<\/span><br \/>\n\u2022 Kosu uvijek osu\u0161ite ru\u010dnikom kako biste uklonili vi\u0161ak vode i ra\u0161\u010de\u0161ljajte je \u010de\u0161ljem ili \u010detkom. Oblikovanje kose bit \u0107e br\u017ee ako je kosa vla\u017ena, a ne mokra.<br \/>\n\u2022 Ukop\u010dajte ure\u0111aj u elektri\u010dnu uti\u010dnicu i odaberite \u017eeljenu postavku na prekida\u010du. Postavku HIGH (II) upotrijebite na gustoj ili gruboj kosi, a postavku LOW (I) na tankoj ili rijetkoj kosi.<br \/>\n\u2022 Najbolje rezultate posti\u0107i \u0107ete ako kosu razdvojite na odgovaraju\u0107e pramenove.<br \/>\n\u2022 Za su\u0161enje sa zagla\u0111ivanjem, ure\u0111aj dr\u017eite blizu korijenu kose i \u010detkajte je nani\u017ee prema vrhovima. Kombinacija najlonskih zubaca sa zaobljenim vrhovima brzo raspetljava kosu, a prirodna vlakna je nje\u017eno hvataju kako bi je zagladila i dala joj sjaj.<br \/>\n\u2022 Za bujnije frizure, dr\u017eite ure\u0111aj pod kosom blizu njezina korijena i izvla\u010dite kosu uvijaju\u0107i \u010detku prema vrhovima. Za dodatno podizanje kose pri korijenu, dr\u017eite su\u0161ilo dvije do tri sekunde pod korijenom kose.<br \/>\n\u2022 Kako biste uvili vrhove kose prema unutra, dr\u017eite ure\u0111aj pod vrhovima dvije do tri sekunde prije rotiranja prema unutra. Kako biste uvili vrhove kose prema van, dr\u017eite ure\u0111aj pod vrhovima dvije do tri sekunde prije rotiranja prema van.<br \/>\n\u2022 Postupak ponovite za preostale pramenove dok ne ostvarite \u017eeljeni izgled.<br \/>\n\u2022 Kada zavr\u0161ite oblikovanje, isklju\u010dite ure\u0111aj. Prije spremanja pri\u010dekajte da se ure\u0111aj potpuno ohladi.<br \/>\n\u2022 Ergonomska ru\u010dka 3 brzine \/ 2 brzine, hladni vrh i lagani dizajn okretni kabel bez zapetljanja<br \/>\n\u2022 Upotreba mije\u0161anih najlonskih \u010dekinja i \u010dekinja od gipke vlasi doprinosi boljem prianjanju kose na zakrivljenom rubu, \u0161to rezultira pobolj\u0161anim volumenom i kontrolom te posti\u017ee glatke i sjajne rezultate.<\/p>\n","protected":false},"excerpt":{"rendered":"<p>Revolucionarna \u010detka za su\u0161enje i pove\u0107anje volumena kose<br \/>\n\u010cetka opremljena ionskom tehnologijom<br \/>\nKerami\u010dki premaz<\/p>\n","protected":false},"featured_media":29579,"template":"","meta":{"_seopress_robots_primary_cat":"","_seopress_titles_title":"","_seopress_titles_desc":"","_seopress_robots_index":"","iawp_total_views":0},"product_brand":[155],"product_cat":[322,268,321],"product_tag":[],"class_list":{"0":"post-29578","1":"product","2":"type-product","3":"status-publish","4":"has-post-thumbnail","6":"product_brand-revlon","7":"product_cat-cetke-za-kosu-321","8":"product_cat-kozmetika-2","9":"product_cat-njega-za-zene-268","11":"first","12":"instock","13":"shipping-taxable","14":"purchasable","15":"product-type-simple"},"_links":{"self":[{"href":"https:\/\/singuli.wpress.me\/index.php\/wp-json\/wp\/v2\/product\/29578","targetHints":{"allow":["GET"]}}],"collection":[{"href":"https:\/\/singuli.wpress.me\/index.php\/wp-json\/wp\/v2\/product"}],"about":[{"href":"https:\/\/singuli.wpress.me\/index.php\/wp-json\/wp\/v2\/types\/product"}],"version-history":[{"count":0,"href":"https:\/\/singuli.wpress.me\/index.php\/wp-json\/wp\/v2\/product\/29578\/revisions"}],"wp:featuredmedia":[{"embeddable":true,"href":"https:\/\/singuli.wpress.me\/index.php\/wp-json\/wp\/v2\/media\/29579"}],"wp:attachment":[{"href":"https:\/\/singuli.wpress.me\/index.php\/wp-json\/wp\/v2\/media?parent=29578"}],"wp:term":[{"taxonomy":"product_brand","embeddable":true,"href":"https:\/\/singuli.wpress.me\/index.php\/wp-json\/wp\/v2\/product_brand?post=29578"},{"taxonomy":"product_cat","embeddable":true,"href":"https:\/\/singuli.wpress.me\/index.php\/wp-json\/wp\/v2\/product_cat?post=29578"},{"taxonomy":"product_tag","embeddable":true,"href":"https:\/\/singuli.wpress.me\/index.php\/wp-json\/wp\/v2\/product_tag?post=29578"}],"curies":[{"name":"wp","href":"https:\/\/api.w.org\/{rel}","templated":true}]}}