{"id":29598,"date":"2026-04-17T00:16:31","date_gmt":"2026-04-17T00:16:31","guid":{"rendered":"https:\/\/singuli.wpress.me\/index.php\/proizvod\/shell-sredstvo-za-lakse-pokretanje-motora-0-2-l\/"},"modified":"2026-04-20T12:32:59","modified_gmt":"2026-04-20T12:32:59","slug":"shell-sredstvo-za-lakse-pokretanje-motora-0-2-l","status":"publish","type":"product","link":"https:\/\/singuli.wpress.me\/index.php\/proizvod\/shell-sredstvo-za-lakse-pokretanje-motora-0-2-l\/","title":{"rendered":"SHELL, sredstvo za lak\u0161e pokretanje motora, 0.2\u00a0l"},"content":{"rendered":"<p>Poma\u017ee pri pokretanju motora u te\u0161kim vremenskim uvjetima, tj. pri niskim temperaturama i visokoj vla\u017enosti. Prikladno za benzinske i dizel motore. Tako\u0111er se mo\u017ee koristiti za pokretanje motocikala, kosilica, \u010damaca, pumpi, generatora itd. Sprje\u010dava prekomjerno tro\u0161enje akumulatora. <\/p>\n<p><span style=\"font-weight: bold\">Upute za kori\u0161tenje:<\/span> Nanesite izravno na karburator, filtar zraka ili usisnu cijev neposredno prije pokretanja motora. U slu\u010daju dizelskih motora sa grija\u010dima, nemojte \u010dekati da se grija\u010di zagriju. <\/p>\n<p><span style=\"font-weight: bold\">Napomena:<\/span> Primijeniti u malim dozama, jednu ili dvije injekcije. Izbjegavajte predoziranje. Po potrebi ponoviti postupak.<\/p>\n","protected":false},"excerpt":{"rendered":"<p>Poma\u017ee pri pokretanju motora pri niskim temperaturama i visokoj vla\u017enosti<br \/>\nSprje\u010dava prekomjerno tro\u0161enje akumulatora<br \/>\nPrimijeniti u malim dozama<\/p>\n","protected":false},"featured_media":29599,"template":"","meta":{"_seopress_robots_primary_cat":"","_seopress_titles_title":"","_seopress_titles_desc":"","_seopress_robots_index":"","iawp_total_views":0},"product_brand":[326],"product_cat":[243,273],"product_tag":[],"class_list":{"0":"post-29598","1":"product","2":"type-product","3":"status-publish","4":"has-post-thumbnail","6":"product_brand-shell","7":"product_cat-automobili-i-motori","8":"product_cat-njega-vozila-243","10":"first","11":"instock","12":"shipping-taxable","13":"purchasable","14":"product-type-simple"},"_links":{"self":[{"href":"https:\/\/singuli.wpress.me\/index.php\/wp-json\/wp\/v2\/product\/29598","targetHints":{"allow":["GET"]}}],"collection":[{"href":"https:\/\/singuli.wpress.me\/index.php\/wp-json\/wp\/v2\/product"}],"about":[{"href":"https:\/\/singuli.wpress.me\/index.php\/wp-json\/wp\/v2\/types\/product"}],"version-history":[{"count":0,"href":"https:\/\/singuli.wpress.me\/index.php\/wp-json\/wp\/v2\/product\/29598\/revisions"}],"wp:featuredmedia":[{"embeddable":true,"href":"https:\/\/singuli.wpress.me\/index.php\/wp-json\/wp\/v2\/media\/29599"}],"wp:attachment":[{"href":"https:\/\/singuli.wpress.me\/index.php\/wp-json\/wp\/v2\/media?parent=29598"}],"wp:term":[{"taxonomy":"product_brand","embeddable":true,"href":"https:\/\/singuli.wpress.me\/index.php\/wp-json\/wp\/v2\/product_brand?post=29598"},{"taxonomy":"product_cat","embeddable":true,"href":"https:\/\/singuli.wpress.me\/index.php\/wp-json\/wp\/v2\/product_cat?post=29598"},{"taxonomy":"product_tag","embeddable":true,"href":"https:\/\/singuli.wpress.me\/index.php\/wp-json\/wp\/v2\/product_tag?post=29598"}],"curies":[{"name":"wp","href":"https:\/\/api.w.org\/{rel}","templated":true}]}}