{"id":29600,"date":"2026-04-17T00:16:31","date_gmt":"2026-04-17T00:16:31","guid":{"rendered":"https:\/\/singuli.wpress.me\/index.php\/proizvod\/shell-sprej-za-popravak-gume-0-4-l\/"},"modified":"2026-04-20T12:32:59","modified_gmt":"2026-04-20T12:32:59","slug":"shell-sprej-za-popravak-gume-0-4-l","status":"publish","type":"product","link":"https:\/\/singuli.wpress.me\/index.php\/proizvod\/shell-sprej-za-popravak-gume-0-4-l\/","title":{"rendered":"SHELL, sprej za popravak gume, 0.4\u00a0l"},"content":{"rendered":"<p>Visoko u\u010dinkovit proizvod koji istovremeno pumpa i brtvi o\u0161te\u0107enu gumu, bez promjene kota\u010da. BROJ 1 U TESTOVIMA!<br \/>\nIma poseban adapter za fiksiranje gume brzo i bez napora. Sigurno za gume. Prikladno za upotrebu u osobnim automobilima s gumama bez zra\u010dnica. Mo\u017ee zamijeniti rezervni kota\u010d. <\/p>\n<p><span style=\"font-weight: bold\">Upute za kori\u0161tenje:<\/span><br \/>\nPrije uporabe uklonite uzrok o\u0161te\u0107enja gume i okrenite gumu tako da ventil bude u vodoravnom polo\u017eaju (polo\u017eaj na 9 ili 3 sata).<br \/>\nDobro protresti spremnik prije upotrebe. Zagrijte limenku u rukama ako je hladna. O\u010distite ventil, pravilno pri\u010dvrstite adapter i dr\u017eite limenku okomito. Nastavite prskati dok se guma potpuno ne napumpa. Odmah po\u010dnite voziti, prvih 15-20 km nemojte prelaziti 45 km\/h. Oti\u0111ite do najbli\u017eeg servisa i napumpajte gumu na potreban tlak. Popravite gumu \u0161to je prije mogu\u0107e \u2013 obavijestite o upotrebi proizvoda i prisutnosti zapaljivih sadr\u017eaja u gumi.<\/p>\n","protected":false},"excerpt":{"rendered":"<p>Visoko u\u010dinkovit proizvod koji istovremeno pumpa i brtvi o\u0161te\u0107enu gumu, bez promjene kota\u010da.<br \/>\nSigurno za gume<br \/>\nBroj 1 u testovima<\/p>\n","protected":false},"featured_media":29601,"template":"","meta":{"_seopress_robots_primary_cat":"","_seopress_titles_title":"","_seopress_titles_desc":"","_seopress_robots_index":"","iawp_total_views":0},"product_brand":[326],"product_cat":[243,273],"product_tag":[],"class_list":{"0":"post-29600","1":"product","2":"type-product","3":"status-publish","4":"has-post-thumbnail","6":"product_brand-shell","7":"product_cat-automobili-i-motori","8":"product_cat-njega-vozila-243","10":"first","11":"outofstock","12":"shipping-taxable","13":"purchasable","14":"product-type-simple"},"_links":{"self":[{"href":"https:\/\/singuli.wpress.me\/index.php\/wp-json\/wp\/v2\/product\/29600","targetHints":{"allow":["GET"]}}],"collection":[{"href":"https:\/\/singuli.wpress.me\/index.php\/wp-json\/wp\/v2\/product"}],"about":[{"href":"https:\/\/singuli.wpress.me\/index.php\/wp-json\/wp\/v2\/types\/product"}],"version-history":[{"count":0,"href":"https:\/\/singuli.wpress.me\/index.php\/wp-json\/wp\/v2\/product\/29600\/revisions"}],"wp:featuredmedia":[{"embeddable":true,"href":"https:\/\/singuli.wpress.me\/index.php\/wp-json\/wp\/v2\/media\/29601"}],"wp:attachment":[{"href":"https:\/\/singuli.wpress.me\/index.php\/wp-json\/wp\/v2\/media?parent=29600"}],"wp:term":[{"taxonomy":"product_brand","embeddable":true,"href":"https:\/\/singuli.wpress.me\/index.php\/wp-json\/wp\/v2\/product_brand?post=29600"},{"taxonomy":"product_cat","embeddable":true,"href":"https:\/\/singuli.wpress.me\/index.php\/wp-json\/wp\/v2\/product_cat?post=29600"},{"taxonomy":"product_tag","embeddable":true,"href":"https:\/\/singuli.wpress.me\/index.php\/wp-json\/wp\/v2\/product_tag?post=29600"}],"curies":[{"name":"wp","href":"https:\/\/api.w.org\/{rel}","templated":true}]}}