{"id":29602,"date":"2026-04-17T00:16:32","date_gmt":"2026-04-17T00:16:32","guid":{"rendered":"https:\/\/singuli.wpress.me\/index.php\/proizvod\/glycocool-antifriz-premium-koncentrat-774-g-209-l\/"},"modified":"2026-04-20T12:32:59","modified_gmt":"2026-04-20T12:32:59","slug":"glycocool-antifriz-premium-koncentrat-774-g-209-l","status":"publish","type":"product","link":"https:\/\/singuli.wpress.me\/index.php\/proizvod\/glycocool-antifriz-premium-koncentrat-774-g-209-l\/","title":{"rendered":"GLYCOCOOL, antifriz, Premium Koncentrat 774 G, 209\u00a0l"},"content":{"rendered":"<p>Antifriz s produ\u017eenim vijekom trajanja na bazi mono etilen glikola (MEG). Antifriz je bez nitrita, fosfata, amina (bez NAP-a) i borata. Preporu\u010da se za moderne motore kod kojih je va\u017ena za\u0161tita aluminija od visokih temperatura. Prilago\u0111en najnovijim tehnolo\u0161kim rje\u0161enjima, ima visoka svojstva prijenosa topline i osigurava stabilnost na visokim i niskim temperaturama. Zna\u010dajno produljuje vijek trajanja. U\u010dinkovito \u0161titi rashladni sustav, sprje\u010dava pregrijavanje, smrzavanje, koroziju i stvaranje naslaga u rashladnom sustavu. Sigurno za gumu i brtve. Dokazana kompatibilnost s elastomerima i plastikom.<\/p>\n","protected":false},"excerpt":{"rendered":"<p>Na bazi mono etilen glikola (MEG)<br \/>\nBez nitrita, fosfata, amina (bez NAP-a) i borata<br \/>\nPreporu\u010da se za moderne motore kod kojih je va\u017ena za\u0161tita aluminija od visokih temperatura<\/p>\n","protected":false},"featured_media":29603,"template":"","meta":{"_seopress_robots_primary_cat":"","_seopress_titles_title":"","_seopress_titles_desc":"","_seopress_robots_index":"","iawp_total_views":0},"product_brand":[330],"product_cat":[243,315],"product_tag":[],"class_list":{"0":"post-29602","1":"product","2":"type-product","3":"status-publish","4":"has-post-thumbnail","6":"product_brand-glycocool","7":"product_cat-automobili-i-motori","8":"product_cat-rashladne-tekucine-243","10":"first","11":"instock","12":"shipping-taxable","13":"purchasable","14":"product-type-simple"},"_links":{"self":[{"href":"https:\/\/singuli.wpress.me\/index.php\/wp-json\/wp\/v2\/product\/29602","targetHints":{"allow":["GET"]}}],"collection":[{"href":"https:\/\/singuli.wpress.me\/index.php\/wp-json\/wp\/v2\/product"}],"about":[{"href":"https:\/\/singuli.wpress.me\/index.php\/wp-json\/wp\/v2\/types\/product"}],"version-history":[{"count":0,"href":"https:\/\/singuli.wpress.me\/index.php\/wp-json\/wp\/v2\/product\/29602\/revisions"}],"wp:featuredmedia":[{"embeddable":true,"href":"https:\/\/singuli.wpress.me\/index.php\/wp-json\/wp\/v2\/media\/29603"}],"wp:attachment":[{"href":"https:\/\/singuli.wpress.me\/index.php\/wp-json\/wp\/v2\/media?parent=29602"}],"wp:term":[{"taxonomy":"product_brand","embeddable":true,"href":"https:\/\/singuli.wpress.me\/index.php\/wp-json\/wp\/v2\/product_brand?post=29602"},{"taxonomy":"product_cat","embeddable":true,"href":"https:\/\/singuli.wpress.me\/index.php\/wp-json\/wp\/v2\/product_cat?post=29602"},{"taxonomy":"product_tag","embeddable":true,"href":"https:\/\/singuli.wpress.me\/index.php\/wp-json\/wp\/v2\/product_tag?post=29602"}],"curies":[{"name":"wp","href":"https:\/\/api.w.org\/{rel}","templated":true}]}}