{"id":29635,"date":"2026-04-17T00:16:50","date_gmt":"2026-04-17T00:16:50","guid":{"rendered":"https:\/\/singuli.wpress.me\/index.php\/proizvod\/di-potapanje-brodova-drustvena-igra\/"},"modified":"2026-04-20T12:32:59","modified_gmt":"2026-04-20T12:32:59","slug":"di-potapanje-brodova-drustvena-igra","status":"publish","type":"product","link":"https:\/\/singuli.wpress.me\/index.php\/proizvod\/di-potapanje-brodova-drustvena-igra\/","title":{"rendered":"DI Potapanje brodova, dru\u0161tvena igra"},"content":{"rendered":"<p><span style=\"font-weight: bold;color: #4472C4\">Klasi\u010dna strate\u0161ka igra u kojoj je cilj uni\u0161titi suparni\u010dke brodove, potopiti ih i postati gospodarem mora.<\/span><span style=\"color: #4472C4\"><br \/>\nPregledaj ocean i kreni s ga\u0111anjem!<br \/>\nProu\u010di svoje snimke i odredi to\u010dne koordinate!<br \/>\nNe zaboravi! Proma\u0161aji su tako\u0111er va\u017eni u procjeni.<br \/>\nOvu igru mo\u017ee\u0161 nositi sa sobom i igrati gdje god po\u017eeli\u0161!<\/p>\n<p><\/span><span style=\"font-weight: bold;color: #4472C4\">2 igra\u010da<br \/>\nDob 6+<br \/>\n<\/span><span style=\"color: #4472C4\"><br \/>\n<\/span><span style=\"font-weight: bold;color: #4472C4\">Sadr\u017eaj:<\/span><span style=\"color: #4472C4\"><br \/>\n&#8211; 2 plasti\u010dne plo\u010de\/spremnika za igru; 2 mete; 2 radarske kartice<br \/>\n&#8211; 10 plasti\u010dnih brodi\u0107a; 84 crvena \u2018\u010davli\u0107a\u2019; 164 bijela \u2018\u010davli\u0107a\u2019<br \/>\n&#8211; 1 upute za igranje<\/span><\/p>\n","protected":false},"excerpt":{"rendered":"<p>Pobje\u0111uje igra\u010d s najboljom strategijom<br \/>\n2 igra\u010da<br \/>\nDob: 6+ god<\/p>\n","protected":false},"featured_media":29636,"template":"","meta":{"_seopress_robots_primary_cat":"","_seopress_titles_title":"","_seopress_titles_desc":"","_seopress_robots_index":"","iawp_total_views":0},"product_brand":[332],"product_cat":[290,221],"product_tag":[],"class_list":{"0":"post-29635","1":"product","2":"type-product","3":"status-publish","4":"has-post-thumbnail","6":"product_brand-di","7":"product_cat-drustvene-igre-221","8":"product_cat-igracke","10":"first","11":"instock","12":"shipping-taxable","13":"purchasable","14":"product-type-simple"},"_links":{"self":[{"href":"https:\/\/singuli.wpress.me\/index.php\/wp-json\/wp\/v2\/product\/29635","targetHints":{"allow":["GET"]}}],"collection":[{"href":"https:\/\/singuli.wpress.me\/index.php\/wp-json\/wp\/v2\/product"}],"about":[{"href":"https:\/\/singuli.wpress.me\/index.php\/wp-json\/wp\/v2\/types\/product"}],"version-history":[{"count":0,"href":"https:\/\/singuli.wpress.me\/index.php\/wp-json\/wp\/v2\/product\/29635\/revisions"}],"wp:featuredmedia":[{"embeddable":true,"href":"https:\/\/singuli.wpress.me\/index.php\/wp-json\/wp\/v2\/media\/29636"}],"wp:attachment":[{"href":"https:\/\/singuli.wpress.me\/index.php\/wp-json\/wp\/v2\/media?parent=29635"}],"wp:term":[{"taxonomy":"product_brand","embeddable":true,"href":"https:\/\/singuli.wpress.me\/index.php\/wp-json\/wp\/v2\/product_brand?post=29635"},{"taxonomy":"product_cat","embeddable":true,"href":"https:\/\/singuli.wpress.me\/index.php\/wp-json\/wp\/v2\/product_cat?post=29635"},{"taxonomy":"product_tag","embeddable":true,"href":"https:\/\/singuli.wpress.me\/index.php\/wp-json\/wp\/v2\/product_tag?post=29635"}],"curies":[{"name":"wp","href":"https:\/\/api.w.org\/{rel}","templated":true}]}}