{"id":29642,"date":"2026-04-17T00:16:55","date_gmt":"2026-04-17T00:16:55","guid":{"rendered":"https:\/\/singuli.wpress.me\/index.php\/proizvod\/heroes-plastelin-set-jednorog\/"},"modified":"2026-04-20T12:32:59","modified_gmt":"2026-04-20T12:32:59","slug":"heroes-plastelin-set-jednorog","status":"publish","type":"product","link":"https:\/\/singuli.wpress.me\/index.php\/proizvod\/heroes-plastelin-set-jednorog\/","title":{"rendered":"HEROES, plastelin, set &#8211; jednorog"},"content":{"rendered":"<p>Omogu\u0107ite svojem djetetu zabavu uz set od <span style=\"font-weight: bold\">plastelina Jednorog &#8211; kutija iznena\u0111enja<\/span>.<\/p>\n<p>Plastelin je izvrstan na\u010din da dijete razvije motori\u010dke i kreativne sposobnosti.<\/p>\n<p><span style=\"font-weight: bold\">Set sadr\u017ei:<\/span><br \/>\n4 figurice;<br \/>\n1 figuru jednoroga;<br \/>\n1 naljepnicu;<br \/>\nKnjigu za bojanje od 16 stranica.<\/p>\n<p>Set je savr\u0161en poklon za djecu i zasigurno \u0107e pru\u017eiti beskrajne sate zabave.<\/p>\n<p>Dob: 3+<\/p>\n","protected":false},"excerpt":{"rendered":"<p>Plastelin je potpuno siguran i ne\u0161kodljiv za djecu<br \/>\nOdli\u010dan na\u010din za razvijanje motori\u010dkih vje\u0161tina i umjetni\u010dkog izra\u017eavanja<br \/>\nDob: 3+ god<\/p>\n","protected":false},"featured_media":29643,"template":"","meta":{"_seopress_robots_primary_cat":"","_seopress_titles_title":"","_seopress_titles_desc":"","_seopress_robots_index":"","iawp_total_views":0},"product_brand":[342],"product_cat":[221,291],"product_tag":[],"class_list":{"0":"post-29642","1":"product","2":"type-product","3":"status-publish","4":"has-post-thumbnail","6":"product_brand-heroes","7":"product_cat-igracke","8":"product_cat-igracke-za-djecu-221","10":"first","11":"outofstock","12":"shipping-taxable","13":"purchasable","14":"product-type-simple"},"_links":{"self":[{"href":"https:\/\/singuli.wpress.me\/index.php\/wp-json\/wp\/v2\/product\/29642","targetHints":{"allow":["GET"]}}],"collection":[{"href":"https:\/\/singuli.wpress.me\/index.php\/wp-json\/wp\/v2\/product"}],"about":[{"href":"https:\/\/singuli.wpress.me\/index.php\/wp-json\/wp\/v2\/types\/product"}],"version-history":[{"count":0,"href":"https:\/\/singuli.wpress.me\/index.php\/wp-json\/wp\/v2\/product\/29642\/revisions"}],"wp:featuredmedia":[{"embeddable":true,"href":"https:\/\/singuli.wpress.me\/index.php\/wp-json\/wp\/v2\/media\/29643"}],"wp:attachment":[{"href":"https:\/\/singuli.wpress.me\/index.php\/wp-json\/wp\/v2\/media?parent=29642"}],"wp:term":[{"taxonomy":"product_brand","embeddable":true,"href":"https:\/\/singuli.wpress.me\/index.php\/wp-json\/wp\/v2\/product_brand?post=29642"},{"taxonomy":"product_cat","embeddable":true,"href":"https:\/\/singuli.wpress.me\/index.php\/wp-json\/wp\/v2\/product_cat?post=29642"},{"taxonomy":"product_tag","embeddable":true,"href":"https:\/\/singuli.wpress.me\/index.php\/wp-json\/wp\/v2\/product_tag?post=29642"}],"curies":[{"name":"wp","href":"https:\/\/api.w.org\/{rel}","templated":true}]}}