{"id":29648,"date":"2026-04-17T00:16:57","date_gmt":"2026-04-17T00:16:57","guid":{"rendered":"https:\/\/singuli.wpress.me\/index.php\/proizvod\/heroes-mini-set-plastelin-morske-zivotinje\/"},"modified":"2026-04-20T12:32:59","modified_gmt":"2026-04-20T12:32:59","slug":"heroes-mini-set-plastelin-morske-zivotinje","status":"publish","type":"product","link":"https:\/\/singuli.wpress.me\/index.php\/proizvod\/heroes-mini-set-plastelin-morske-zivotinje\/","title":{"rendered":"HEROES mini set, plastelin, morske \u017eivotinje"},"content":{"rendered":"<p><span style=\"font-weight: bold;color: #4472C4\">HEROES: PLASTELIN MALI SET &#8211; MORSKE \u017dIVOTINJE \u2013 Voli\u0161 more i njegove stanovnike? Onda je za tebe plastelin set Morske \u017eivotinje pravi izbor! <\/span><span style=\"color: #4472C4\"><\/p>\n<p>Napravi morsku zvijezdu ili morskog konji\u0107a i zadivi prijatelje svojim umije\u0107em. <\/p>\n<p>Set sadr\u017ei 13 dijelova, od \u010dega plastelin u 3 boje, kalupe i alat za modeliranje! <\/p>\n<p>Plastelin je potpuno siguran i ne\u0161kodljiv za djecu i odli\u010dan je izbor svakog roditelja, koji \u017eeli da dijete razvija svoju kreativnost kroz igru.<\/p>\n<p><\/span><span style=\"font-weight: bold;color: #4472C4\">Dob: 3+<\/span><\/p>\n","protected":false},"excerpt":{"rendered":"<p>Plastelin je potpuno siguran i ne\u0161kodljiv za djecu<br \/>\n5 razli\u010dite boje plastelina<br \/>\nDob: 3+ god<\/p>\n","protected":false},"featured_media":29649,"template":"","meta":{"_seopress_robots_primary_cat":"","_seopress_titles_title":"","_seopress_titles_desc":"","_seopress_robots_index":"","iawp_total_views":0},"product_brand":[342],"product_cat":[221,291],"product_tag":[],"class_list":{"0":"post-29648","1":"product","2":"type-product","3":"status-publish","4":"has-post-thumbnail","6":"product_brand-heroes","7":"product_cat-igracke","8":"product_cat-igracke-za-djecu-221","10":"first","11":"outofstock","12":"shipping-taxable","13":"purchasable","14":"product-type-simple"},"_links":{"self":[{"href":"https:\/\/singuli.wpress.me\/index.php\/wp-json\/wp\/v2\/product\/29648","targetHints":{"allow":["GET"]}}],"collection":[{"href":"https:\/\/singuli.wpress.me\/index.php\/wp-json\/wp\/v2\/product"}],"about":[{"href":"https:\/\/singuli.wpress.me\/index.php\/wp-json\/wp\/v2\/types\/product"}],"version-history":[{"count":0,"href":"https:\/\/singuli.wpress.me\/index.php\/wp-json\/wp\/v2\/product\/29648\/revisions"}],"wp:featuredmedia":[{"embeddable":true,"href":"https:\/\/singuli.wpress.me\/index.php\/wp-json\/wp\/v2\/media\/29649"}],"wp:attachment":[{"href":"https:\/\/singuli.wpress.me\/index.php\/wp-json\/wp\/v2\/media?parent=29648"}],"wp:term":[{"taxonomy":"product_brand","embeddable":true,"href":"https:\/\/singuli.wpress.me\/index.php\/wp-json\/wp\/v2\/product_brand?post=29648"},{"taxonomy":"product_cat","embeddable":true,"href":"https:\/\/singuli.wpress.me\/index.php\/wp-json\/wp\/v2\/product_cat?post=29648"},{"taxonomy":"product_tag","embeddable":true,"href":"https:\/\/singuli.wpress.me\/index.php\/wp-json\/wp\/v2\/product_tag?post=29648"}],"curies":[{"name":"wp","href":"https:\/\/api.w.org\/{rel}","templated":true}]}}