{"id":29658,"date":"2026-04-17T00:17:03","date_gmt":"2026-04-17T00:17:03","guid":{"rendered":"https:\/\/singuli.wpress.me\/index.php\/proizvod\/x-shot-puska-sa-spuzvastim-mecima-fury-4\/"},"modified":"2026-04-20T12:32:59","modified_gmt":"2026-04-20T12:32:59","slug":"x-shot-puska-sa-spuzvastim-mecima-fury-4","status":"publish","type":"product","link":"https:\/\/singuli.wpress.me\/index.php\/proizvod\/x-shot-puska-sa-spuzvastim-mecima-fury-4\/","title":{"rendered":"X-SHOT, pu\u0161ka, sa spu\u017evastim mecima &#8211; Fury 4"},"content":{"rendered":"<p>X-shot pu\u0161ka Fury 4, svojim izuzetnim dizajnom i funkcijama, pru\u017ea sate dobre zabave, i vje\u017ebanje preciznosti. <br \/>\nRotiraju\u0107i spremnik omogu\u0107uje brzo ispaljivanje 4 strelice, do \u010dak 27 metara udaljenosti! <br \/>\nSet sadr\u017ei jednu Fury 4 pu\u0161ku i 4 spu\u017evaste strelice. <br \/>\nDob: 8+<\/p>\n","protected":false},"excerpt":{"rendered":"<p>Ispaljuje strelice do \u010dak 27 metara udaljenosti<br \/>\nSet sadr\u017ei jednu Fury 4 pu\u0161ku i 4 spu\u017evaste strelice.<br \/>\nDob: 8+ god<\/p>\n","protected":false},"featured_media":29659,"template":"","meta":{"_seopress_robots_primary_cat":"","_seopress_titles_title":"","_seopress_titles_desc":"","_seopress_robots_index":"","iawp_total_views":0},"product_brand":[338],"product_cat":[221,263],"product_tag":[],"class_list":{"0":"post-29658","1":"product","2":"type-product","3":"status-publish","4":"has-post-thumbnail","6":"product_brand-x-shot","7":"product_cat-igracke","8":"product_cat-tematske-igracke-221","10":"first","11":"outofstock","12":"shipping-taxable","13":"purchasable","14":"product-type-simple"},"_links":{"self":[{"href":"https:\/\/singuli.wpress.me\/index.php\/wp-json\/wp\/v2\/product\/29658","targetHints":{"allow":["GET"]}}],"collection":[{"href":"https:\/\/singuli.wpress.me\/index.php\/wp-json\/wp\/v2\/product"}],"about":[{"href":"https:\/\/singuli.wpress.me\/index.php\/wp-json\/wp\/v2\/types\/product"}],"version-history":[{"count":0,"href":"https:\/\/singuli.wpress.me\/index.php\/wp-json\/wp\/v2\/product\/29658\/revisions"}],"wp:featuredmedia":[{"embeddable":true,"href":"https:\/\/singuli.wpress.me\/index.php\/wp-json\/wp\/v2\/media\/29659"}],"wp:attachment":[{"href":"https:\/\/singuli.wpress.me\/index.php\/wp-json\/wp\/v2\/media?parent=29658"}],"wp:term":[{"taxonomy":"product_brand","embeddable":true,"href":"https:\/\/singuli.wpress.me\/index.php\/wp-json\/wp\/v2\/product_brand?post=29658"},{"taxonomy":"product_cat","embeddable":true,"href":"https:\/\/singuli.wpress.me\/index.php\/wp-json\/wp\/v2\/product_cat?post=29658"},{"taxonomy":"product_tag","embeddable":true,"href":"https:\/\/singuli.wpress.me\/index.php\/wp-json\/wp\/v2\/product_tag?post=29658"}],"curies":[{"name":"wp","href":"https:\/\/api.w.org\/{rel}","templated":true}]}}