{"id":29666,"date":"2026-04-17T00:17:07","date_gmt":"2026-04-17T00:17:07","guid":{"rendered":"https:\/\/singuli.wpress.me\/index.php\/proizvod\/x-shot-skins-laser-360-set-za-igru-pistolj-naocale\/"},"modified":"2026-04-20T12:32:59","modified_gmt":"2026-04-20T12:32:59","slug":"x-shot-skins-laser-360-set-za-igru-pistolj-naocale","status":"publish","type":"product","link":"https:\/\/singuli.wpress.me\/index.php\/proizvod\/x-shot-skins-laser-360-set-za-igru-pistolj-naocale\/","title":{"rendered":"X-SHOT Skins Laser 360, set za igru, pi\u0161tolj + nao\u010dale"},"content":{"rendered":"<p>Do\u017eivi maksimalnu zabavu laserskih bitaka uz X-shot Laser360 set. <\/p>\n<p>Odaberi poseban dizajn svog X-Shota laserskog blastera i kreni u novu dimenziju zabave laserskih bitaka! Vi\u0161estruki senzori integrirani u nao\u010dale stvaraju infracrveni signal od 360\u00b0 oko glave i tijela igra\u010da i omogu\u0107uju ti da cilja\u0161 i pogodi\u0161 protivnika iz bilo kojeg smjera. <\/p>\n<p>Udru\u017ei se s ostalim igra\u010dima u igri ili se suo\u010diti s protivnicima jedan na jedan u intenzivnim laserskim bitkama.<\/p>\n<p>Dob: 8+ <\/p>\n<p>Set sadr\u017ei:<br \/>\n2 x laserska blastera<br \/>\n2 x 360 za\u0161titne nao\u010dale<br \/>\n1 x Upute za upotrebu<\/p>\n","protected":false},"excerpt":{"rendered":"<p>Senzori integrirani u nao\u010dale stvaraju infracrveni signal od 360\u00b0<br \/>\nSet je za 2 igra\u010da<br \/>\nDob: 8+ god<\/p>\n","protected":false},"featured_media":29667,"template":"","meta":{"_seopress_robots_primary_cat":"","_seopress_titles_title":"","_seopress_titles_desc":"","_seopress_robots_index":"","iawp_total_views":0},"product_brand":[338],"product_cat":[221,263],"product_tag":[],"class_list":{"0":"post-29666","1":"product","2":"type-product","3":"status-publish","4":"has-post-thumbnail","6":"product_brand-x-shot","7":"product_cat-igracke","8":"product_cat-tematske-igracke-221","10":"first","11":"instock","12":"shipping-taxable","13":"purchasable","14":"product-type-simple"},"_links":{"self":[{"href":"https:\/\/singuli.wpress.me\/index.php\/wp-json\/wp\/v2\/product\/29666","targetHints":{"allow":["GET"]}}],"collection":[{"href":"https:\/\/singuli.wpress.me\/index.php\/wp-json\/wp\/v2\/product"}],"about":[{"href":"https:\/\/singuli.wpress.me\/index.php\/wp-json\/wp\/v2\/types\/product"}],"version-history":[{"count":0,"href":"https:\/\/singuli.wpress.me\/index.php\/wp-json\/wp\/v2\/product\/29666\/revisions"}],"wp:featuredmedia":[{"embeddable":true,"href":"https:\/\/singuli.wpress.me\/index.php\/wp-json\/wp\/v2\/media\/29667"}],"wp:attachment":[{"href":"https:\/\/singuli.wpress.me\/index.php\/wp-json\/wp\/v2\/media?parent=29666"}],"wp:term":[{"taxonomy":"product_brand","embeddable":true,"href":"https:\/\/singuli.wpress.me\/index.php\/wp-json\/wp\/v2\/product_brand?post=29666"},{"taxonomy":"product_cat","embeddable":true,"href":"https:\/\/singuli.wpress.me\/index.php\/wp-json\/wp\/v2\/product_cat?post=29666"},{"taxonomy":"product_tag","embeddable":true,"href":"https:\/\/singuli.wpress.me\/index.php\/wp-json\/wp\/v2\/product_tag?post=29666"}],"curies":[{"name":"wp","href":"https:\/\/api.w.org\/{rel}","templated":true}]}}