{"id":29681,"date":"2026-04-17T00:17:17","date_gmt":"2026-04-17T00:17:17","guid":{"rendered":"https:\/\/singuli.wpress.me\/index.php\/proizvod\/x-shot-dino-attack-pistolj-sa-spuzvastim-mecima-extinct\/"},"modified":"2026-04-20T12:32:59","modified_gmt":"2026-04-20T12:32:59","slug":"x-shot-dino-attack-pistolj-sa-spuzvastim-mecima-extinct","status":"publish","type":"product","link":"https:\/\/singuli.wpress.me\/index.php\/proizvod\/x-shot-dino-attack-pistolj-sa-spuzvastim-mecima-extinct\/","title":{"rendered":"X-SHOT Dino Attack, pi\u0161tolj, sa spu\u017evastim mecima &#8211; Extinct"},"content":{"rendered":"<p>Novi X-Shot Dino Attack asortiman je stigao! Pripremite se za Dino invaziju s novim Extinct blasterom koji pru\u017ea iznimnu preciznost na udaljenosti do 27 m. <\/p>\n<p>Uz njegovu preciznu cijev za strelice i dodatno spremi\u0161te za 4 strelice, bit \u0107ete potpuno spremni za bitku. <\/p>\n<p>Upotrijebite  Dino jaje za vje\u017ebanje ga\u0111anja kako biste se uhvatili u ko\u0161tac \u010dak i s naj\u017ee\u0161\u0107im Dinosima. <\/p>\n<p>Dob: 8+<\/p>\n","protected":false},"excerpt":{"rendered":"<p>Pru\u017ea iznimnu preciznost na udaljenosti do 27 m<br \/>\nPrecizna cijev za strelice i dodatno spremi\u0161te za 4 strelice<br \/>\nDob: 8+ god<\/p>\n","protected":false},"featured_media":29682,"template":"","meta":{"_seopress_robots_primary_cat":"","_seopress_titles_title":"","_seopress_titles_desc":"","_seopress_robots_index":"","iawp_total_views":0},"product_brand":[338],"product_cat":[221,263],"product_tag":[],"class_list":{"0":"post-29681","1":"product","2":"type-product","3":"status-publish","4":"has-post-thumbnail","6":"product_brand-x-shot","7":"product_cat-igracke","8":"product_cat-tematske-igracke-221","10":"first","11":"outofstock","12":"shipping-taxable","13":"purchasable","14":"product-type-simple"},"_links":{"self":[{"href":"https:\/\/singuli.wpress.me\/index.php\/wp-json\/wp\/v2\/product\/29681","targetHints":{"allow":["GET"]}}],"collection":[{"href":"https:\/\/singuli.wpress.me\/index.php\/wp-json\/wp\/v2\/product"}],"about":[{"href":"https:\/\/singuli.wpress.me\/index.php\/wp-json\/wp\/v2\/types\/product"}],"version-history":[{"count":0,"href":"https:\/\/singuli.wpress.me\/index.php\/wp-json\/wp\/v2\/product\/29681\/revisions"}],"wp:featuredmedia":[{"embeddable":true,"href":"https:\/\/singuli.wpress.me\/index.php\/wp-json\/wp\/v2\/media\/29682"}],"wp:attachment":[{"href":"https:\/\/singuli.wpress.me\/index.php\/wp-json\/wp\/v2\/media?parent=29681"}],"wp:term":[{"taxonomy":"product_brand","embeddable":true,"href":"https:\/\/singuli.wpress.me\/index.php\/wp-json\/wp\/v2\/product_brand?post=29681"},{"taxonomy":"product_cat","embeddable":true,"href":"https:\/\/singuli.wpress.me\/index.php\/wp-json\/wp\/v2\/product_cat?post=29681"},{"taxonomy":"product_tag","embeddable":true,"href":"https:\/\/singuli.wpress.me\/index.php\/wp-json\/wp\/v2\/product_tag?post=29681"}],"curies":[{"name":"wp","href":"https:\/\/api.w.org\/{rel}","templated":true}]}}