{"id":29687,"date":"2026-04-17T00:17:21","date_gmt":"2026-04-17T00:17:21","guid":{"rendered":"https:\/\/singuli.wpress.me\/index.php\/proizvod\/di-memoring-drustvena-igra\/"},"modified":"2026-04-21T00:26:30","modified_gmt":"2026-04-21T00:26:30","slug":"di-memoring-drustvena-igra","status":"publish","type":"product","link":"https:\/\/singuli.wpress.me\/index.php\/proizvod\/di-memoring-drustvena-igra\/","title":{"rendered":"DI MEMOring, dru\u0161tvena igra"},"content":{"rendered":"<p><span style=\"font-weight: bold;color: #4472C4\">Ovo je igra u kojoj izo\u0161travate svoj vid i reflekse! <\/span><span style=\"color: #4472C4\"><\/p>\n<p>\nPostavite plo\u010du &#8211; ring za borbu najbr\u017eeg oka i prsta, promije\u0161ajte kartice i izaberite jednu od 3 na\u010dina igre. <\/p>\n<p>\nGledaj bistro, prona\u0111i brzo i zvoni hitro! <\/p>\n<p>\nTestiraj svoje reflekse, pokreni svoje mo\u017edane vijuge i zabavi se s obitelji i prijateljima!<br \/>\n<\/span><span style=\"font-weight: bold;color: #4472C4\"><br \/>\n1 do 6 igra\u010da<\/p>\n<p>Dob: 6+ <br \/>\n<\/span><span style=\"color: #4472C4\"><\/p>\n<p><\/span><span style=\"font-weight: bold;color: #4472C4\">Sadr\u017eaj:<\/span><span style=\"color: #4472C4\"><\/p>\n<p>1 Plo\u010da za igranje<br \/>\n372 kartice sa sli\u010dicama<br \/>\n18 \u017eetona u boji<br \/>\n1 zvonce<br \/>\nVre\u0107ica za kartice sa sli\u010dicama<\/span><\/p>\n","protected":false},"excerpt":{"rendered":"<p>Postavite plo\u010du, promije\u0161ajte kartice i izaberite jednu od 3 na\u010dina igre<br \/>\nIgra je namijenjena za 1-6 igra\u010da<br \/>\nDob: 6+ god<\/p>\n","protected":false},"featured_media":29688,"template":"","meta":{"_seopress_robots_primary_cat":"","_seopress_titles_title":"","_seopress_titles_desc":"","_seopress_robots_index":"","iawp_total_views":0},"product_brand":[332],"product_cat":[290,221],"product_tag":[],"class_list":{"0":"post-29687","1":"product","2":"type-product","3":"status-publish","4":"has-post-thumbnail","6":"product_brand-di","7":"product_cat-drustvene-igre-221","8":"product_cat-igracke","10":"first","11":"instock","12":"shipping-taxable","13":"purchasable","14":"product-type-simple"},"_links":{"self":[{"href":"https:\/\/singuli.wpress.me\/index.php\/wp-json\/wp\/v2\/product\/29687","targetHints":{"allow":["GET"]}}],"collection":[{"href":"https:\/\/singuli.wpress.me\/index.php\/wp-json\/wp\/v2\/product"}],"about":[{"href":"https:\/\/singuli.wpress.me\/index.php\/wp-json\/wp\/v2\/types\/product"}],"version-history":[{"count":0,"href":"https:\/\/singuli.wpress.me\/index.php\/wp-json\/wp\/v2\/product\/29687\/revisions"}],"wp:featuredmedia":[{"embeddable":true,"href":"https:\/\/singuli.wpress.me\/index.php\/wp-json\/wp\/v2\/media\/29688"}],"wp:attachment":[{"href":"https:\/\/singuli.wpress.me\/index.php\/wp-json\/wp\/v2\/media?parent=29687"}],"wp:term":[{"taxonomy":"product_brand","embeddable":true,"href":"https:\/\/singuli.wpress.me\/index.php\/wp-json\/wp\/v2\/product_brand?post=29687"},{"taxonomy":"product_cat","embeddable":true,"href":"https:\/\/singuli.wpress.me\/index.php\/wp-json\/wp\/v2\/product_cat?post=29687"},{"taxonomy":"product_tag","embeddable":true,"href":"https:\/\/singuli.wpress.me\/index.php\/wp-json\/wp\/v2\/product_tag?post=29687"}],"curies":[{"name":"wp","href":"https:\/\/api.w.org\/{rel}","templated":true}]}}