{"id":29690,"date":"2026-04-17T00:17:23","date_gmt":"2026-04-17T00:17:23","guid":{"rendered":"https:\/\/singuli.wpress.me\/index.php\/proizvod\/monster-flex-figura-serija-4\/"},"modified":"2026-04-20T12:32:59","modified_gmt":"2026-04-20T12:32:59","slug":"monster-flex-figura-serija-4","status":"publish","type":"product","link":"https:\/\/singuli.wpress.me\/index.php\/proizvod\/monster-flex-figura-serija-4\/","title":{"rendered":"MONSTER FLEX, figura, serija 4"},"content":{"rendered":"<p><span style=\"font-weight: bold;color: #4472C4\">Monsterflex, rastezljiva \u010dudovi\u0161ta, sti\u017eu na kioske i u trgovine u novoj seriji 4! <\/span><span style=\"color: #4472C4\"><\/p>\n<p>Vrlo jaki i zastra\u0161uju\u0107i, uvijek spremni za borbu! Rastegni ih, pusti i udri!<\/p>\n<p>Sakupi ih sve! <\/p>\n<p><\/span><span style=\"font-weight: bold;color: #4472C4\">Dob: 6+<\/span><\/p>\n","protected":false},"excerpt":{"rendered":"<p>Vrlo jaki i zastra\u0161uju\u0107i<br \/>\nRastezljiva \u010dudovi\u0161ta<br \/>\nDob: 6+ god<\/p>\n","protected":false},"featured_media":29691,"template":"","meta":{"_seopress_robots_primary_cat":"","_seopress_titles_title":"","_seopress_titles_desc":"","_seopress_robots_index":"","iawp_total_views":0},"product_brand":[349],"product_cat":[221,263],"product_tag":[],"class_list":{"0":"post-29690","1":"product","2":"type-product","3":"status-publish","4":"has-post-thumbnail","6":"product_brand-monster-flex","7":"product_cat-igracke","8":"product_cat-tematske-igracke-221","10":"first","11":"outofstock","12":"shipping-taxable","13":"purchasable","14":"product-type-simple"},"_links":{"self":[{"href":"https:\/\/singuli.wpress.me\/index.php\/wp-json\/wp\/v2\/product\/29690","targetHints":{"allow":["GET"]}}],"collection":[{"href":"https:\/\/singuli.wpress.me\/index.php\/wp-json\/wp\/v2\/product"}],"about":[{"href":"https:\/\/singuli.wpress.me\/index.php\/wp-json\/wp\/v2\/types\/product"}],"version-history":[{"count":0,"href":"https:\/\/singuli.wpress.me\/index.php\/wp-json\/wp\/v2\/product\/29690\/revisions"}],"wp:featuredmedia":[{"embeddable":true,"href":"https:\/\/singuli.wpress.me\/index.php\/wp-json\/wp\/v2\/media\/29691"}],"wp:attachment":[{"href":"https:\/\/singuli.wpress.me\/index.php\/wp-json\/wp\/v2\/media?parent=29690"}],"wp:term":[{"taxonomy":"product_brand","embeddable":true,"href":"https:\/\/singuli.wpress.me\/index.php\/wp-json\/wp\/v2\/product_brand?post=29690"},{"taxonomy":"product_cat","embeddable":true,"href":"https:\/\/singuli.wpress.me\/index.php\/wp-json\/wp\/v2\/product_cat?post=29690"},{"taxonomy":"product_tag","embeddable":true,"href":"https:\/\/singuli.wpress.me\/index.php\/wp-json\/wp\/v2\/product_tag?post=29690"}],"curies":[{"name":"wp","href":"https:\/\/api.w.org\/{rel}","templated":true}]}}