{"id":29699,"date":"2026-04-17T00:17:30","date_gmt":"2026-04-17T00:17:30","guid":{"rendered":"https:\/\/singuli.wpress.me\/index.php\/proizvod\/x-shot-skins-puska-sa-spuzvastim-mecima-last-stand\/"},"modified":"2026-04-20T12:32:59","modified_gmt":"2026-04-20T12:32:59","slug":"x-shot-skins-puska-sa-spuzvastim-mecima-last-stand","status":"publish","type":"product","link":"https:\/\/singuli.wpress.me\/index.php\/proizvod\/x-shot-skins-puska-sa-spuzvastim-mecima-last-stand\/","title":{"rendered":"X-SHOT Skins, pu\u0161ka, sa spu\u017evastim mecima &#8211; Last Stand"},"content":{"rendered":"<p>X-Shot Skins donosi novo iskustvo u bitci. <\/p>\n<p>S automatskom rotiraju\u0107om cijevi kapaciteta 14 strelica mo\u017eete pogoditi vi\u0161e meta udaljenih do 27 m. Oslobodite 14 strelica u sekundi zahvaljuju\u0107i mehanizmu koji se jednostavno postavlja. X-Shot Skins Last Stand blaster sa 16 pjenastih strijela Air Pocket Technology. Odaberite druga\u010dije, odaberite X-Shot skinove.<\/p>\n<p>Sadr\u017ei:<br \/>\n1x X-Shot Skins Last Stand Blaster 1<br \/>\n6x Air Pocket Technology pjenaste metke<br \/>\nDob 8+<\/p>\n","protected":false},"excerpt":{"rendered":"<p>Pru\u017ea iznimnu preciznost na udaljenosti do 27 m<br \/>\nDolazi sa 16 pjenastih strelica Air Pocket Technology<br \/>\nDob: 8+ god<\/p>\n","protected":false},"featured_media":29700,"template":"","meta":{"_seopress_robots_primary_cat":"","_seopress_titles_title":"","_seopress_titles_desc":"","_seopress_robots_index":"","iawp_total_views":0},"product_brand":[338],"product_cat":[221,263],"product_tag":[],"class_list":{"0":"post-29699","1":"product","2":"type-product","3":"status-publish","4":"has-post-thumbnail","6":"product_brand-x-shot","7":"product_cat-igracke","8":"product_cat-tematske-igracke-221","10":"first","11":"instock","12":"shipping-taxable","13":"purchasable","14":"product-type-simple"},"_links":{"self":[{"href":"https:\/\/singuli.wpress.me\/index.php\/wp-json\/wp\/v2\/product\/29699","targetHints":{"allow":["GET"]}}],"collection":[{"href":"https:\/\/singuli.wpress.me\/index.php\/wp-json\/wp\/v2\/product"}],"about":[{"href":"https:\/\/singuli.wpress.me\/index.php\/wp-json\/wp\/v2\/types\/product"}],"version-history":[{"count":0,"href":"https:\/\/singuli.wpress.me\/index.php\/wp-json\/wp\/v2\/product\/29699\/revisions"}],"wp:featuredmedia":[{"embeddable":true,"href":"https:\/\/singuli.wpress.me\/index.php\/wp-json\/wp\/v2\/media\/29700"}],"wp:attachment":[{"href":"https:\/\/singuli.wpress.me\/index.php\/wp-json\/wp\/v2\/media?parent=29699"}],"wp:term":[{"taxonomy":"product_brand","embeddable":true,"href":"https:\/\/singuli.wpress.me\/index.php\/wp-json\/wp\/v2\/product_brand?post=29699"},{"taxonomy":"product_cat","embeddable":true,"href":"https:\/\/singuli.wpress.me\/index.php\/wp-json\/wp\/v2\/product_cat?post=29699"},{"taxonomy":"product_tag","embeddable":true,"href":"https:\/\/singuli.wpress.me\/index.php\/wp-json\/wp\/v2\/product_tag?post=29699"}],"curies":[{"name":"wp","href":"https:\/\/api.w.org\/{rel}","templated":true}]}}