{"id":29705,"date":"2026-04-17T00:17:33","date_gmt":"2026-04-17T00:17:33","guid":{"rendered":"https:\/\/singuli.wpress.me\/index.php\/proizvod\/by-toys-avion-na-kotace-za-guranje\/"},"modified":"2026-04-20T12:32:59","modified_gmt":"2026-04-20T12:32:59","slug":"by-toys-avion-na-kotace-za-guranje","status":"publish","type":"product","link":"https:\/\/singuli.wpress.me\/index.php\/proizvod\/by-toys-avion-na-kotace-za-guranje\/","title":{"rendered":"BY TOYS, avion na kota\u010de, za guranje"},"content":{"rendered":"<p>Igra\u010dka na guranje dizajnirana u obliku aviona idealna je za poticanje aktivne igre i ma\u0161te kod djece. Kada dijete gura igra\u010dku ispred sebe, krila aviona se okre\u0107u stvaraju\u0107i uzbudljiv i atraktivan vizualni efekt koji uzbu\u0111uje i motivira mlade istra\u017eiva\u010de.<br \/>\nGurkalica motivira djecu na hodanje, tr\u010danje i kretanje, \u0161to je klju\u010dno za razvoj motori\u010dkih sposobnosti i tjelesnog zdravlja. Poma\u017ee u pobolj\u0161anju koordinacije, ravnote\u017ee i fine motorike jer djeca uskla\u0111uju svoje pokrete s kretanjem igra\u010dke.<br \/>\nIgra\u010dka je dizajnirana da bude lagana i laka za kori\u0161tenje, omogu\u0107uju\u0107i djeci da je lako guraju i usmjeravaju. Pogodan za unutarnju i vanjsku upotrebu, \u0161to omogu\u0107uje raznolikost u igri.<br \/>\nDimenzije aviona 22 x 20 x 15 cm.<br \/>\nPrikladno za djecu do 3 godine.<\/p>\n","protected":false},"excerpt":{"rendered":"<p>Motivira djecu na hodanje, tr\u010danje i kretanje<br \/>\nDimenzije aviona: 22 x 20 x 15 cm<br \/>\nDob: 3+ god<\/p>\n","protected":false},"featured_media":29706,"template":"","meta":{"_seopress_robots_primary_cat":"","_seopress_titles_title":"","_seopress_titles_desc":"","_seopress_robots_index":"","iawp_total_views":0},"product_brand":[340],"product_cat":[221,291],"product_tag":[],"class_list":{"0":"post-29705","1":"product","2":"type-product","3":"status-publish","4":"has-post-thumbnail","6":"product_brand-by-toys","7":"product_cat-igracke","8":"product_cat-igracke-za-djecu-221","10":"first","11":"outofstock","12":"shipping-taxable","13":"purchasable","14":"product-type-simple"},"_links":{"self":[{"href":"https:\/\/singuli.wpress.me\/index.php\/wp-json\/wp\/v2\/product\/29705","targetHints":{"allow":["GET"]}}],"collection":[{"href":"https:\/\/singuli.wpress.me\/index.php\/wp-json\/wp\/v2\/product"}],"about":[{"href":"https:\/\/singuli.wpress.me\/index.php\/wp-json\/wp\/v2\/types\/product"}],"version-history":[{"count":0,"href":"https:\/\/singuli.wpress.me\/index.php\/wp-json\/wp\/v2\/product\/29705\/revisions"}],"wp:featuredmedia":[{"embeddable":true,"href":"https:\/\/singuli.wpress.me\/index.php\/wp-json\/wp\/v2\/media\/29706"}],"wp:attachment":[{"href":"https:\/\/singuli.wpress.me\/index.php\/wp-json\/wp\/v2\/media?parent=29705"}],"wp:term":[{"taxonomy":"product_brand","embeddable":true,"href":"https:\/\/singuli.wpress.me\/index.php\/wp-json\/wp\/v2\/product_brand?post=29705"},{"taxonomy":"product_cat","embeddable":true,"href":"https:\/\/singuli.wpress.me\/index.php\/wp-json\/wp\/v2\/product_cat?post=29705"},{"taxonomy":"product_tag","embeddable":true,"href":"https:\/\/singuli.wpress.me\/index.php\/wp-json\/wp\/v2\/product_tag?post=29705"}],"curies":[{"name":"wp","href":"https:\/\/api.w.org\/{rel}","templated":true}]}}