{"id":29707,"date":"2026-04-17T00:17:33","date_gmt":"2026-04-17T00:17:33","guid":{"rendered":"https:\/\/singuli.wpress.me\/index.php\/proizvod\/heroes-plastelin-set-sladoled\/"},"modified":"2026-04-21T00:26:30","modified_gmt":"2026-04-21T00:26:30","slug":"heroes-plastelin-set-sladoled","status":"publish","type":"product","link":"https:\/\/singuli.wpress.me\/index.php\/proizvod\/heroes-plastelin-set-sladoled\/","title":{"rendered":"HEROES, plastelin, set &#8211; sladoled"},"content":{"rendered":"<p><span style=\"font-weight: bold;color: #4472C4\">PLASTELIN VELIKI SET \u2013 SLADOLED je namijenjen djeci starijoj od 3 godine. <\/span><span style=\"color: #4472C4\"><\/p>\n<p>\nU setu se nalazi plastelin u 4 boje, kalupi i aparat za izradu sladoleda. <\/p>\n<p>\nU ovom setu \u0107e u\u017eivati svako dijete, koje obo\u017eava sladolede, a ima priliku da od plastelina napravi svoje omiljene kombinacije. <\/p>\n<p>\nDjeca vole igru s plastelinom i izradu raznih oblika, a s druge strane ovakvi setovi kod djece razvijaju ma\u0161tu i motoriku. <\/p>\n<p>\nPlastelin je potpuno siguran i ne\u0161kodljiv za djecu i odli\u010dan je izbor svakog roditelja, koji \u017eeli da dijete razvija svoju kreativnost kroz igru. <\/p>\n<p>\n<\/span><span style=\"font-weight: bold;color: #4472C4\">Dob: 3+<\/span><\/p>\n","protected":false},"excerpt":{"rendered":"<p>Plastelin je potpuno siguran i ne\u0161kodljiv za djecu<br \/>\n4 razli\u010dite boje plastelina<br \/>\nDob: 3+ god<\/p>\n","protected":false},"featured_media":29708,"template":"","meta":{"_seopress_robots_primary_cat":"","_seopress_titles_title":"","_seopress_titles_desc":"","_seopress_robots_index":"","iawp_total_views":0},"product_brand":[342],"product_cat":[221,291],"product_tag":[],"class_list":{"0":"post-29707","1":"product","2":"type-product","3":"status-publish","4":"has-post-thumbnail","6":"product_brand-heroes","7":"product_cat-igracke","8":"product_cat-igracke-za-djecu-221","10":"first","11":"outofstock","12":"shipping-taxable","13":"purchasable","14":"product-type-simple"},"_links":{"self":[{"href":"https:\/\/singuli.wpress.me\/index.php\/wp-json\/wp\/v2\/product\/29707","targetHints":{"allow":["GET"]}}],"collection":[{"href":"https:\/\/singuli.wpress.me\/index.php\/wp-json\/wp\/v2\/product"}],"about":[{"href":"https:\/\/singuli.wpress.me\/index.php\/wp-json\/wp\/v2\/types\/product"}],"version-history":[{"count":0,"href":"https:\/\/singuli.wpress.me\/index.php\/wp-json\/wp\/v2\/product\/29707\/revisions"}],"wp:featuredmedia":[{"embeddable":true,"href":"https:\/\/singuli.wpress.me\/index.php\/wp-json\/wp\/v2\/media\/29708"}],"wp:attachment":[{"href":"https:\/\/singuli.wpress.me\/index.php\/wp-json\/wp\/v2\/media?parent=29707"}],"wp:term":[{"taxonomy":"product_brand","embeddable":true,"href":"https:\/\/singuli.wpress.me\/index.php\/wp-json\/wp\/v2\/product_brand?post=29707"},{"taxonomy":"product_cat","embeddable":true,"href":"https:\/\/singuli.wpress.me\/index.php\/wp-json\/wp\/v2\/product_cat?post=29707"},{"taxonomy":"product_tag","embeddable":true,"href":"https:\/\/singuli.wpress.me\/index.php\/wp-json\/wp\/v2\/product_tag?post=29707"}],"curies":[{"name":"wp","href":"https:\/\/api.w.org\/{rel}","templated":true}]}}