{"id":29717,"date":"2026-04-17T00:17:39","date_gmt":"2026-04-17T00:17:39","guid":{"rendered":"https:\/\/singuli.wpress.me\/index.php\/proizvod\/di-metropol-drustvena-igra\/"},"modified":"2026-04-20T12:32:59","modified_gmt":"2026-04-20T12:32:59","slug":"di-metropol-drustvena-igra","status":"publish","type":"product","link":"https:\/\/singuli.wpress.me\/index.php\/proizvod\/di-metropol-drustvena-igra\/","title":{"rendered":"DI Metropol, dru\u0161tvena igra"},"content":{"rendered":"<p><span style=\"font-weight: bold;color: #4472C4\">Metropol je strate\u0161ka igra za vi\u0161e igra\u010da u kojoj je cilj skupiti \u0161to vi\u0161e novca kupovinom, prodajom i iznajmljivanjem imovine i dovesti druge igra\u010de do bankrota. <br \/>\n<\/span><span style=\"color: #4472C4\"><\/p>\n<p>\u017deli\u0161 postati tajkun? U ovoj igri to i mo\u017ee\u0161! <\/p>\n<p>\nUsko\u010di u svoju limuzinu i postani bogati investitor u svim dijelovima svijeta! Budi pametniji i br\u017ei od konkurencije, investiraj na vrijeme, profitiraj i u\u017eivaj u osje\u0107aju mo\u0107i i pobjede!<\/p>\n<p>\n<\/span><span style=\"font-weight: bold;color: #4472C4\">2 &#8211; 6 igra\u010da<\/p>\n<p>Dob 8+<br \/>\n<\/span><span style=\"color: #4472C4\"><\/p>\n<p><\/span><span style=\"font-weight: bold;color: #4472C4\">Sadr\u017eaj:<br \/>\n<\/span><span style=\"color: #4472C4\"><br \/>\n1 plo\u010da za igru<br \/>\n6 figurica<br \/>\n29 vlasni\u010dkih kartica<br \/>\n19 kartica iznena\u0111enja<br \/>\n20 kartica \u0161ansi<br \/>\n1 \u0161pil Metropol nov\u010danica<br \/>\n40 ku\u0107a<br \/>\n16 poslovnih zgrada<br \/>\n2 kocke<\/span><\/p>\n","protected":false},"excerpt":{"rendered":"<p>Budite pametniji i br\u017ei od konkurencije, ula\u017eite na vrijeme i profitirajte<br \/>\nIgra je namijenjena za 2-6 igra\u010da<br \/>\nDob: 8+ god<\/p>\n","protected":false},"featured_media":29718,"template":"","meta":{"_seopress_robots_primary_cat":"","_seopress_titles_title":"","_seopress_titles_desc":"","_seopress_robots_index":"","iawp_total_views":0},"product_brand":[332],"product_cat":[290,221],"product_tag":[],"class_list":{"0":"post-29717","1":"product","2":"type-product","3":"status-publish","4":"has-post-thumbnail","6":"product_brand-di","7":"product_cat-drustvene-igre-221","8":"product_cat-igracke","10":"first","11":"outofstock","12":"shipping-taxable","13":"purchasable","14":"product-type-simple"},"_links":{"self":[{"href":"https:\/\/singuli.wpress.me\/index.php\/wp-json\/wp\/v2\/product\/29717","targetHints":{"allow":["GET"]}}],"collection":[{"href":"https:\/\/singuli.wpress.me\/index.php\/wp-json\/wp\/v2\/product"}],"about":[{"href":"https:\/\/singuli.wpress.me\/index.php\/wp-json\/wp\/v2\/types\/product"}],"version-history":[{"count":0,"href":"https:\/\/singuli.wpress.me\/index.php\/wp-json\/wp\/v2\/product\/29717\/revisions"}],"wp:featuredmedia":[{"embeddable":true,"href":"https:\/\/singuli.wpress.me\/index.php\/wp-json\/wp\/v2\/media\/29718"}],"wp:attachment":[{"href":"https:\/\/singuli.wpress.me\/index.php\/wp-json\/wp\/v2\/media?parent=29717"}],"wp:term":[{"taxonomy":"product_brand","embeddable":true,"href":"https:\/\/singuli.wpress.me\/index.php\/wp-json\/wp\/v2\/product_brand?post=29717"},{"taxonomy":"product_cat","embeddable":true,"href":"https:\/\/singuli.wpress.me\/index.php\/wp-json\/wp\/v2\/product_cat?post=29717"},{"taxonomy":"product_tag","embeddable":true,"href":"https:\/\/singuli.wpress.me\/index.php\/wp-json\/wp\/v2\/product_tag?post=29717"}],"curies":[{"name":"wp","href":"https:\/\/api.w.org\/{rel}","templated":true}]}}