{"id":29726,"date":"2026-04-17T00:17:44","date_gmt":"2026-04-17T00:17:44","guid":{"rendered":"https:\/\/singuli.wpress.me\/index.php\/proizvod\/cool-wheels-romobil-na-2-kotaca-plavi\/"},"modified":"2026-04-20T12:32:59","modified_gmt":"2026-04-20T12:32:59","slug":"cool-wheels-romobil-na-2-kotaca-plavi","status":"publish","type":"product","link":"https:\/\/singuli.wpress.me\/index.php\/proizvod\/cool-wheels-romobil-na-2-kotaca-plavi\/","title":{"rendered":"COOL WHEELS, romobil, na 2 kota\u010da &#8211; plavi"},"content":{"rendered":"<p>Romobil modernog dizajna, u kojem \u0107e u\u017eivati svako dijete!  <\/p>\n<p>Pode\u0161avanje visine &#8211; minimalno 79,5 cm, maksimalno 92 cm. <br \/>\nProizvod nosivosti do 50 kg, sa svojom izdr\u017eljivom strukturom nudi djeci zabavno ljeto. <\/p>\n<p>Ima jednostavni sistem upravljanja. <br \/>\nPrikladan je za potpuno sigurnu vo\u017enju sa stra\u017enjim no\u017enim ko\u010dnim sustavom. Kota\u010di koji svijetle.<\/p>\n<p>Va\u0161a \u0107e djeca pred\u0161kolske dobi razvijati svoj fizi\u010dki razvoj i voza\u010dke vje\u0161tine. <\/p>\n<p>Dob: 5+<\/p>\n","protected":false},"excerpt":{"rendered":"<p>Jednostavni sistem upravljanja<br \/>\nKota\u010di koji svijetle<br \/>\nDob: 5+ god<\/p>\n","protected":false},"featured_media":29727,"template":"","meta":{"_seopress_robots_primary_cat":"","_seopress_titles_title":"","_seopress_titles_desc":"","_seopress_robots_index":"","iawp_total_views":0},"product_brand":[336],"product_cat":[274,238],"product_tag":[],"class_list":{"0":"post-29726","1":"product","2":"type-product","3":"status-publish","4":"has-post-thumbnail","6":"product_brand-cool-wheels","7":"product_cat-kucanski-pribor-238","8":"product_cat-sve-za-dom","10":"first","11":"outofstock","12":"shipping-taxable","13":"purchasable","14":"product-type-simple"},"_links":{"self":[{"href":"https:\/\/singuli.wpress.me\/index.php\/wp-json\/wp\/v2\/product\/29726","targetHints":{"allow":["GET"]}}],"collection":[{"href":"https:\/\/singuli.wpress.me\/index.php\/wp-json\/wp\/v2\/product"}],"about":[{"href":"https:\/\/singuli.wpress.me\/index.php\/wp-json\/wp\/v2\/types\/product"}],"version-history":[{"count":0,"href":"https:\/\/singuli.wpress.me\/index.php\/wp-json\/wp\/v2\/product\/29726\/revisions"}],"wp:featuredmedia":[{"embeddable":true,"href":"https:\/\/singuli.wpress.me\/index.php\/wp-json\/wp\/v2\/media\/29727"}],"wp:attachment":[{"href":"https:\/\/singuli.wpress.me\/index.php\/wp-json\/wp\/v2\/media?parent=29726"}],"wp:term":[{"taxonomy":"product_brand","embeddable":true,"href":"https:\/\/singuli.wpress.me\/index.php\/wp-json\/wp\/v2\/product_brand?post=29726"},{"taxonomy":"product_cat","embeddable":true,"href":"https:\/\/singuli.wpress.me\/index.php\/wp-json\/wp\/v2\/product_cat?post=29726"},{"taxonomy":"product_tag","embeddable":true,"href":"https:\/\/singuli.wpress.me\/index.php\/wp-json\/wp\/v2\/product_tag?post=29726"}],"curies":[{"name":"wp","href":"https:\/\/api.w.org\/{rel}","templated":true}]}}