{"id":29729,"date":"2026-04-17T00:17:45","date_gmt":"2026-04-17T00:17:45","guid":{"rendered":"https:\/\/singuli.wpress.me\/index.php\/proizvod\/by-toys-set-za-igru-kovceg-kozmeticki-set\/"},"modified":"2026-04-20T12:32:59","modified_gmt":"2026-04-20T12:32:59","slug":"by-toys-set-za-igru-kovceg-kozmeticki-set","status":"publish","type":"product","link":"https:\/\/singuli.wpress.me\/index.php\/proizvod\/by-toys-set-za-igru-kovceg-kozmeticki-set\/","title":{"rendered":"BY TOYS, set za igru, kov\u010deg &#8211; kozmeti\u010dki set"},"content":{"rendered":"<p>Sada je mogu\u0107e da bude\u0161 lijepa gdje god i kada god to po\u017eeli\u0161!<br \/>\n <span style=\"font-weight: bold;color: #4472C4\">Kozmeti\u010dki set<\/span><span style=\"color: #4472C4\"> koji se sastoji od <\/span><span style=\"font-weight: bold;color: #4472C4\">18 dijelova<\/span><span style=\"color: #4472C4\">, uvijek je s vama zahvaljuju\u0107i pakiranju &#8211; zgodnom i lijepo dizajniranom kov\u010degu.<br \/>\n<\/span><span style=\"font-weight: bold;color: #4472C4\"> Dob: 3+<\/span><\/p>\n","protected":false},"excerpt":{"rendered":"<p>Set se lako prenosi zahvaljuju\u0107i pakiranju &#8211; prakti\u010dnom i lijepo dizajniranom kov\u010degu<br \/>\nSadr\u017ei 18 dijelova<br \/>\nDob: 3+ god<\/p>\n","protected":false},"featured_media":29730,"template":"","meta":{"_seopress_robots_primary_cat":"","_seopress_titles_title":"","_seopress_titles_desc":"","_seopress_robots_index":"","iawp_total_views":0},"product_brand":[340],"product_cat":[221,291],"product_tag":[],"class_list":{"0":"post-29729","1":"product","2":"type-product","3":"status-publish","4":"has-post-thumbnail","6":"product_brand-by-toys","7":"product_cat-igracke","8":"product_cat-igracke-za-djecu-221","10":"first","11":"instock","12":"shipping-taxable","13":"purchasable","14":"product-type-simple"},"_links":{"self":[{"href":"https:\/\/singuli.wpress.me\/index.php\/wp-json\/wp\/v2\/product\/29729","targetHints":{"allow":["GET"]}}],"collection":[{"href":"https:\/\/singuli.wpress.me\/index.php\/wp-json\/wp\/v2\/product"}],"about":[{"href":"https:\/\/singuli.wpress.me\/index.php\/wp-json\/wp\/v2\/types\/product"}],"version-history":[{"count":0,"href":"https:\/\/singuli.wpress.me\/index.php\/wp-json\/wp\/v2\/product\/29729\/revisions"}],"wp:featuredmedia":[{"embeddable":true,"href":"https:\/\/singuli.wpress.me\/index.php\/wp-json\/wp\/v2\/media\/29730"}],"wp:attachment":[{"href":"https:\/\/singuli.wpress.me\/index.php\/wp-json\/wp\/v2\/media?parent=29729"}],"wp:term":[{"taxonomy":"product_brand","embeddable":true,"href":"https:\/\/singuli.wpress.me\/index.php\/wp-json\/wp\/v2\/product_brand?post=29729"},{"taxonomy":"product_cat","embeddable":true,"href":"https:\/\/singuli.wpress.me\/index.php\/wp-json\/wp\/v2\/product_cat?post=29729"},{"taxonomy":"product_tag","embeddable":true,"href":"https:\/\/singuli.wpress.me\/index.php\/wp-json\/wp\/v2\/product_tag?post=29729"}],"curies":[{"name":"wp","href":"https:\/\/api.w.org\/{rel}","templated":true}]}}