{"id":29731,"date":"2026-04-17T00:17:46","date_gmt":"2026-04-17T00:17:46","guid":{"rendered":"https:\/\/singuli.wpress.me\/index.php\/proizvod\/heroes-3d-set-plastelin-farma\/"},"modified":"2026-04-20T12:32:59","modified_gmt":"2026-04-20T12:32:59","slug":"heroes-3d-set-plastelin-farma","status":"publish","type":"product","link":"https:\/\/singuli.wpress.me\/index.php\/proizvod\/heroes-3d-set-plastelin-farma\/","title":{"rendered":"HEROES 3D set, plastelin, farma"},"content":{"rendered":"<p><span style=\"font-weight: bold;color: #4472C4\">HEROES: PLASTELIN 3D SET \u2013 FARMA &#8211; Jesi li spreman napraviti svoju omiljenu doma\u0107u \u017eivotinju? <\/span><span style=\"color: #4472C4\"><\/p>\n<p>S ovim setom za 3D modeliranje to \u0107e biti lako i zabavno. <\/p>\n<p>Izaberi jednu od 3 figure, koje se nalaze u setu i neke od 6 boja plastelina i uz pomo\u0107 kalupa za detalje i alata koji dobiva\u0161, napravi omiljenu \u017eivotinju! Set razvija ma\u0161tu i motoriku. <\/p>\n<p>Plastelin je potpuno siguran i ne\u0161kodljiv za djecu i odli\u010dan je izbor svakog roditelja, koji \u017eeli da dijete razvija svoju kreativnost kroz igru. <\/p>\n<p><\/span><span style=\"font-weight: bold;color: #4472C4\">Dob: 3+<\/span><\/p>\n","protected":false},"excerpt":{"rendered":"<p>Plastelin je potpuno siguran i ne\u0161kodljiv za djecu<br \/>\n6 razli\u010ditih boja plastelina<br \/>\nDob: 3+ god<\/p>\n","protected":false},"featured_media":29732,"template":"","meta":{"_seopress_robots_primary_cat":"","_seopress_titles_title":"","_seopress_titles_desc":"","_seopress_robots_index":"","iawp_total_views":0},"product_brand":[342],"product_cat":[221,291],"product_tag":[],"class_list":{"0":"post-29731","1":"product","2":"type-product","3":"status-publish","4":"has-post-thumbnail","6":"product_brand-heroes","7":"product_cat-igracke","8":"product_cat-igracke-za-djecu-221","10":"first","11":"outofstock","12":"shipping-taxable","13":"purchasable","14":"product-type-simple"},"_links":{"self":[{"href":"https:\/\/singuli.wpress.me\/index.php\/wp-json\/wp\/v2\/product\/29731","targetHints":{"allow":["GET"]}}],"collection":[{"href":"https:\/\/singuli.wpress.me\/index.php\/wp-json\/wp\/v2\/product"}],"about":[{"href":"https:\/\/singuli.wpress.me\/index.php\/wp-json\/wp\/v2\/types\/product"}],"version-history":[{"count":0,"href":"https:\/\/singuli.wpress.me\/index.php\/wp-json\/wp\/v2\/product\/29731\/revisions"}],"wp:featuredmedia":[{"embeddable":true,"href":"https:\/\/singuli.wpress.me\/index.php\/wp-json\/wp\/v2\/media\/29732"}],"wp:attachment":[{"href":"https:\/\/singuli.wpress.me\/index.php\/wp-json\/wp\/v2\/media?parent=29731"}],"wp:term":[{"taxonomy":"product_brand","embeddable":true,"href":"https:\/\/singuli.wpress.me\/index.php\/wp-json\/wp\/v2\/product_brand?post=29731"},{"taxonomy":"product_cat","embeddable":true,"href":"https:\/\/singuli.wpress.me\/index.php\/wp-json\/wp\/v2\/product_cat?post=29731"},{"taxonomy":"product_tag","embeddable":true,"href":"https:\/\/singuli.wpress.me\/index.php\/wp-json\/wp\/v2\/product_tag?post=29731"}],"curies":[{"name":"wp","href":"https:\/\/api.w.org\/{rel}","templated":true}]}}