{"id":29738,"date":"2026-04-17T00:17:49","date_gmt":"2026-04-17T00:17:49","guid":{"rendered":"https:\/\/singuli.wpress.me\/index.php\/proizvod\/by-toys-set-za-igru-stolic-s-alatom\/"},"modified":"2026-04-21T00:26:30","modified_gmt":"2026-04-21T00:26:30","slug":"by-toys-set-za-igru-stolic-s-alatom","status":"publish","type":"product","link":"https:\/\/singuli.wpress.me\/index.php\/proizvod\/by-toys-set-za-igru-stolic-s-alatom\/","title":{"rendered":"BY TOYS, set za igru, stoli\u0107 s alatom"},"content":{"rendered":"<p>S jednostavnim prijenosnim stolom za alat mali majstori mogu popraviti \u0161to god \u017eele. Mo\u017ee se koristiti i kao tabure kada je stol zatvoren ili kao kutija za pohranu.<\/p>\n<p>Dje\u010dja radionica jedinstveno je okru\u017eenje za igru osmi\u0161ljeno za poticanje dje\u010dje kreativnosti, u\u010denja i razvoja kroz prakti\u010dnu igru. Ovaj interaktivni set opremljen je alatima i radnim stanicama prilago\u0111enima djeci, omogu\u0107uju\u0107i im sigurno istra\u017eivanje.<\/p>\n<p>&#8211; <span style=\"font-weight: bold;color: #4472C4\">Razvoj motori\u010dkih sposobnosti<\/span><span style=\"color: #4472C4\">: Rad s alatima i materijalima poma\u017ee u pobolj\u0161anju fine i grube motorike. Prilagodba pokreta ruku za kori\u0161tenje razli\u010ditih alata i materijala ja\u010da koordinaciju oko-ruka.<br \/>\n&#8211;<\/span><span style=\"font-weight: bold;color: #4472C4\"> Poticanje kreativnosti i inovativnosti<\/span><span style=\"color: #4472C4\">: Dje\u010dja radionica nudi prostor za neograni\u010deno stvaranje, gdje djeca mogu izraziti svoju kreativnost i smi\u0161ljati nove stvari, \u0161to poti\u010de inovativno razmi\u0161ljanje.<br \/>\n&#8211; <\/span><span style=\"font-weight: bold;color: #4472C4\">Za\u0161tita na radu<\/span><span style=\"color: #4472C4\">: Djeca u\u010de o razli\u010ditim vrstama alata i kako ih sigurno koristiti. Ovo je va\u017ena vje\u0161tina koja poma\u017ee razviti po\u0161tovanje i odgovornost u rukovanju alatima.<br \/>\n&#8211; <\/span><span style=\"font-weight: bold;color: #4472C4\">Rje\u0161avanje problema:<\/span><span style=\"color: #4472C4\"> Prilikom gradnje i stvaranja djeca se \u010desto suo\u010davaju s tehni\u010dkim izazovima, \u0161to ih poti\u010de na razmi\u0161ljanje i pronala\u017eenje rje\u0161enja.<br \/>\n&#8211;<\/span><span style=\"font-weight: bold;color: #4472C4\"> Poticanje samostalnosti i samopouzdanja<\/span><span style=\"color: #4472C4\">: Djeca stje\u010du samostalnost i samopouzdanje kada vide rezultate svog rada. Gotovi proizvodi ponosni su uspjeh koji podi\u017ee njihovo samopo\u0161tovanje.<br \/>\n&#8211; <\/span><span style=\"font-weight: bold;color: #4472C4\">Zabava i opu\u0161tanje<\/span><span style=\"color: #4472C4\">: Dje\u010dja radionica je i mjesto za zabavu, gdje djeca u\u017eivaju u kreativnom procesu i istovremeno se opu\u0161taju.<\/p>\n<p>Set sadr\u017ei<\/span><span style=\"font-weight: bold;color: #4472C4\"> 19 dijelova.<\/span><span style=\"color: #4472C4\"><\/p>\n<p>Prikladno <\/span><span style=\"font-weight: bold;color: #4472C4\">za djecu stariju od 3 godine.<\/span><\/p>\n","protected":false},"excerpt":{"rendered":"<p>Poma\u017ee u pobolj\u0161anju fine i grube motorike<br \/>\nSadr\u017ei 19 dijelova<br \/>\nDob: 3+ god<\/p>\n","protected":false},"featured_media":29739,"template":"","meta":{"_seopress_robots_primary_cat":"","_seopress_titles_title":"","_seopress_titles_desc":"","_seopress_robots_index":"","iawp_total_views":0},"product_brand":[340],"product_cat":[221,291],"product_tag":[],"class_list":{"0":"post-29738","1":"product","2":"type-product","3":"status-publish","4":"has-post-thumbnail","6":"product_brand-by-toys","7":"product_cat-igracke","8":"product_cat-igracke-za-djecu-221","10":"first","11":"outofstock","12":"shipping-taxable","13":"purchasable","14":"product-type-simple"},"_links":{"self":[{"href":"https:\/\/singuli.wpress.me\/index.php\/wp-json\/wp\/v2\/product\/29738","targetHints":{"allow":["GET"]}}],"collection":[{"href":"https:\/\/singuli.wpress.me\/index.php\/wp-json\/wp\/v2\/product"}],"about":[{"href":"https:\/\/singuli.wpress.me\/index.php\/wp-json\/wp\/v2\/types\/product"}],"version-history":[{"count":0,"href":"https:\/\/singuli.wpress.me\/index.php\/wp-json\/wp\/v2\/product\/29738\/revisions"}],"wp:featuredmedia":[{"embeddable":true,"href":"https:\/\/singuli.wpress.me\/index.php\/wp-json\/wp\/v2\/media\/29739"}],"wp:attachment":[{"href":"https:\/\/singuli.wpress.me\/index.php\/wp-json\/wp\/v2\/media?parent=29738"}],"wp:term":[{"taxonomy":"product_brand","embeddable":true,"href":"https:\/\/singuli.wpress.me\/index.php\/wp-json\/wp\/v2\/product_brand?post=29738"},{"taxonomy":"product_cat","embeddable":true,"href":"https:\/\/singuli.wpress.me\/index.php\/wp-json\/wp\/v2\/product_cat?post=29738"},{"taxonomy":"product_tag","embeddable":true,"href":"https:\/\/singuli.wpress.me\/index.php\/wp-json\/wp\/v2\/product_tag?post=29738"}],"curies":[{"name":"wp","href":"https:\/\/api.w.org\/{rel}","templated":true}]}}