{"id":29744,"date":"2026-04-17T00:17:53","date_gmt":"2026-04-17T00:17:53","guid":{"rendered":"https:\/\/singuli.wpress.me\/index.php\/proizvod\/x-shot-puska-sa-spuzvastim-mecima-reflex-6\/"},"modified":"2026-04-21T00:26:30","modified_gmt":"2026-04-21T00:26:30","slug":"x-shot-puska-sa-spuzvastim-mecima-reflex-6","status":"publish","type":"product","link":"https:\/\/singuli.wpress.me\/index.php\/proizvod\/x-shot-puska-sa-spuzvastim-mecima-reflex-6\/","title":{"rendered":"X-SHOT, pu\u0161ka, sa spu\u017evastim mecima &#8211; Reflex 6"},"content":{"rendered":"<p>Ispaljuj bez oklijevanja, jer to je Reflex 6 pu\u0161ka! <\/p>\n<p>Rotiraju\u0107i spremnik puni i ispaljuje \u010dak 6 strelica u 30 sekundi!! Nezaustavljiva brzina! <br \/>\nDomet ispaljivanja je nevjerojatnih 27 metara! <\/p>\n<p>Set sadr\u017ei jednu Reflex 6 pu\u0161ku i 16 spu\u017evastih strelica. <br \/>\nDob: 8+<\/p>\n","protected":false},"excerpt":{"rendered":"<p>Pru\u017ea iznimnu preciznost na udaljenosti do 27 m<br \/>\nSet sadr\u017ei jednu Reflex 6 pu\u0161ku i 16 spu\u017evastih strelica<br \/>\nDob: 8+ god<\/p>\n","protected":false},"featured_media":29745,"template":"","meta":{"_seopress_robots_primary_cat":"","_seopress_titles_title":"","_seopress_titles_desc":"","_seopress_robots_index":"","iawp_total_views":0},"product_brand":[338],"product_cat":[221,263],"product_tag":[],"class_list":{"0":"post-29744","1":"product","2":"type-product","3":"status-publish","4":"has-post-thumbnail","6":"product_brand-x-shot","7":"product_cat-igracke","8":"product_cat-tematske-igracke-221","10":"first","11":"instock","12":"shipping-taxable","13":"purchasable","14":"product-type-simple"},"_links":{"self":[{"href":"https:\/\/singuli.wpress.me\/index.php\/wp-json\/wp\/v2\/product\/29744","targetHints":{"allow":["GET"]}}],"collection":[{"href":"https:\/\/singuli.wpress.me\/index.php\/wp-json\/wp\/v2\/product"}],"about":[{"href":"https:\/\/singuli.wpress.me\/index.php\/wp-json\/wp\/v2\/types\/product"}],"version-history":[{"count":0,"href":"https:\/\/singuli.wpress.me\/index.php\/wp-json\/wp\/v2\/product\/29744\/revisions"}],"wp:featuredmedia":[{"embeddable":true,"href":"https:\/\/singuli.wpress.me\/index.php\/wp-json\/wp\/v2\/media\/29745"}],"wp:attachment":[{"href":"https:\/\/singuli.wpress.me\/index.php\/wp-json\/wp\/v2\/media?parent=29744"}],"wp:term":[{"taxonomy":"product_brand","embeddable":true,"href":"https:\/\/singuli.wpress.me\/index.php\/wp-json\/wp\/v2\/product_brand?post=29744"},{"taxonomy":"product_cat","embeddable":true,"href":"https:\/\/singuli.wpress.me\/index.php\/wp-json\/wp\/v2\/product_cat?post=29744"},{"taxonomy":"product_tag","embeddable":true,"href":"https:\/\/singuli.wpress.me\/index.php\/wp-json\/wp\/v2\/product_tag?post=29744"}],"curies":[{"name":"wp","href":"https:\/\/api.w.org\/{rel}","templated":true}]}}