{"id":29750,"date":"2026-04-17T00:17:56","date_gmt":"2026-04-17T00:17:56","guid":{"rendered":"https:\/\/singuli.wpress.me\/index.php\/proizvod\/di-detektor-lazi-drustvena-igra\/"},"modified":"2026-04-20T12:32:59","modified_gmt":"2026-04-20T12:32:59","slug":"di-detektor-lazi-drustvena-igra","status":"publish","type":"product","link":"https:\/\/singuli.wpress.me\/index.php\/proizvod\/di-detektor-lazi-drustvena-igra\/","title":{"rendered":"DI Detektor la\u017ei, dru\u0161tvena igra"},"content":{"rendered":"<p>Mislite li da znate sve o svojim prijateljima i obitelji? <\/p>\n<p>Stavite ih na test pomo\u0107u Detektora la\u017ei!<\/p>\n<p>Odaberite pitanje s kartice i izaberite nekoga tko \u0107e postavljati pitanja. Gledajte kako se znoje dok pola\u017eu prste na detektor! <\/p>\n<p>S preko 500 pitanja koja \u0107ete imati, uvijek \u0107e se na\u0107i pitanje s kojim \u0107ete ih zate\u0107i! <\/p>\n<p><span style=\"font-weight: bold;color: #4472C4\">Igra za 2 &#8211; 8 igra\u010da. <br \/>\n<\/span><span style=\"color: #4472C4\"><br \/>\n<\/span><span style=\"font-weight: bold;color: #4472C4\">Baterije 3 x LR6 (AA) 1.5 V, nisu uklju\u010dene.<\/p>\n<p>Dob: 8+<\/span><\/p>\n","protected":false},"excerpt":{"rendered":"<p>Preko 500 pitanja<br \/>\nIgra za 2 &#8211; 8 igra\u010da<br \/>\nDob: 8+ god<\/p>\n","protected":false},"featured_media":29751,"template":"","meta":{"_seopress_robots_primary_cat":"","_seopress_titles_title":"","_seopress_titles_desc":"","_seopress_robots_index":"","iawp_total_views":0},"product_brand":[332],"product_cat":[290,221],"product_tag":[],"class_list":{"0":"post-29750","1":"product","2":"type-product","3":"status-publish","4":"has-post-thumbnail","6":"product_brand-di","7":"product_cat-drustvene-igre-221","8":"product_cat-igracke","10":"first","11":"instock","12":"shipping-taxable","13":"purchasable","14":"product-type-simple"},"_links":{"self":[{"href":"https:\/\/singuli.wpress.me\/index.php\/wp-json\/wp\/v2\/product\/29750","targetHints":{"allow":["GET"]}}],"collection":[{"href":"https:\/\/singuli.wpress.me\/index.php\/wp-json\/wp\/v2\/product"}],"about":[{"href":"https:\/\/singuli.wpress.me\/index.php\/wp-json\/wp\/v2\/types\/product"}],"version-history":[{"count":0,"href":"https:\/\/singuli.wpress.me\/index.php\/wp-json\/wp\/v2\/product\/29750\/revisions"}],"wp:featuredmedia":[{"embeddable":true,"href":"https:\/\/singuli.wpress.me\/index.php\/wp-json\/wp\/v2\/media\/29751"}],"wp:attachment":[{"href":"https:\/\/singuli.wpress.me\/index.php\/wp-json\/wp\/v2\/media?parent=29750"}],"wp:term":[{"taxonomy":"product_brand","embeddable":true,"href":"https:\/\/singuli.wpress.me\/index.php\/wp-json\/wp\/v2\/product_brand?post=29750"},{"taxonomy":"product_cat","embeddable":true,"href":"https:\/\/singuli.wpress.me\/index.php\/wp-json\/wp\/v2\/product_cat?post=29750"},{"taxonomy":"product_tag","embeddable":true,"href":"https:\/\/singuli.wpress.me\/index.php\/wp-json\/wp\/v2\/product_tag?post=29750"}],"curies":[{"name":"wp","href":"https:\/\/api.w.org\/{rel}","templated":true}]}}