{"id":29761,"date":"2026-04-17T00:18:01","date_gmt":"2026-04-17T00:18:01","guid":{"rendered":"https:\/\/singuli.wpress.me\/index.php\/proizvod\/heroes-mini-set-plastelin-party\/"},"modified":"2026-04-20T12:32:59","modified_gmt":"2026-04-20T12:32:59","slug":"heroes-mini-set-plastelin-party","status":"publish","type":"product","link":"https:\/\/singuli.wpress.me\/index.php\/proizvod\/heroes-mini-set-plastelin-party\/","title":{"rendered":"HEROES mini set, plastelin, party"},"content":{"rendered":"<p>HEROES: <span style=\"font-weight: bold\">PLASTELIN MALI SET \u2013 PARTY<\/span> \u2013 Priprema\u0161 zabavu? Onda je za tebe plastelin set Party pravi izbor!<\/p>\n<p>Napravi najbolju tortu i iznenadi prijatelje!<\/p>\n<p>Set sadr\u017ei 7 dijelova, od \u010dega plastelin u 3 boje, kalupe i alat za modeliranje!<\/p>\n<p>Plastelin je potpuno siguran i ne\u0161kodljiv za djecu i odli\u010dan je izbor svakog roditelja, koji \u017eeli da dijete razvija svoju kreativnost kroz igru.<\/p>\n<p>Dob: 3+<\/p>\n","protected":false},"excerpt":{"rendered":"<p>Plastelin je potpuno siguran i ne\u0161kodljiv za djecu<br \/>\n4 razli\u010dite boje plastelina<br \/>\nDob: 3+ god<\/p>\n","protected":false},"featured_media":29762,"template":"","meta":{"_seopress_robots_primary_cat":"","_seopress_titles_title":"","_seopress_titles_desc":"","_seopress_robots_index":"","iawp_total_views":0},"product_brand":[342],"product_cat":[221,291],"product_tag":[],"class_list":{"0":"post-29761","1":"product","2":"type-product","3":"status-publish","4":"has-post-thumbnail","6":"product_brand-heroes","7":"product_cat-igracke","8":"product_cat-igracke-za-djecu-221","10":"first","11":"outofstock","12":"shipping-taxable","13":"purchasable","14":"product-type-simple"},"_links":{"self":[{"href":"https:\/\/singuli.wpress.me\/index.php\/wp-json\/wp\/v2\/product\/29761","targetHints":{"allow":["GET"]}}],"collection":[{"href":"https:\/\/singuli.wpress.me\/index.php\/wp-json\/wp\/v2\/product"}],"about":[{"href":"https:\/\/singuli.wpress.me\/index.php\/wp-json\/wp\/v2\/types\/product"}],"version-history":[{"count":0,"href":"https:\/\/singuli.wpress.me\/index.php\/wp-json\/wp\/v2\/product\/29761\/revisions"}],"wp:featuredmedia":[{"embeddable":true,"href":"https:\/\/singuli.wpress.me\/index.php\/wp-json\/wp\/v2\/media\/29762"}],"wp:attachment":[{"href":"https:\/\/singuli.wpress.me\/index.php\/wp-json\/wp\/v2\/media?parent=29761"}],"wp:term":[{"taxonomy":"product_brand","embeddable":true,"href":"https:\/\/singuli.wpress.me\/index.php\/wp-json\/wp\/v2\/product_brand?post=29761"},{"taxonomy":"product_cat","embeddable":true,"href":"https:\/\/singuli.wpress.me\/index.php\/wp-json\/wp\/v2\/product_cat?post=29761"},{"taxonomy":"product_tag","embeddable":true,"href":"https:\/\/singuli.wpress.me\/index.php\/wp-json\/wp\/v2\/product_tag?post=29761"}],"curies":[{"name":"wp","href":"https:\/\/api.w.org\/{rel}","templated":true}]}}