{"id":29766,"date":"2026-04-17T00:18:04","date_gmt":"2026-04-17T00:18:04","guid":{"rendered":"https:\/\/singuli.wpress.me\/index.php\/proizvod\/di-memo-igra-48-kom\/"},"modified":"2026-04-20T12:32:59","modified_gmt":"2026-04-20T12:32:59","slug":"di-memo-igra-48-kom","status":"publish","type":"product","link":"https:\/\/singuli.wpress.me\/index.php\/proizvod\/di-memo-igra-48-kom\/","title":{"rendered":"DI, memo igra, 48\u00a0kom"},"content":{"rendered":"<p><span style=\"font-weight: bold;color: #4472C4\">BOOBA- MEMO<\/span><span style=\"color: #4472C4\"> igra za cijelu obitelj! <br \/>\n24 pojma, 48 kartica.<br \/>\nU\u017eivaj u zabavnoj igri, vje\u017ebaj pam\u0107enje i upoznaj Boobu i njegove prijatelje!<br \/>\nDob: 3+<\/span><\/p>\n","protected":false},"excerpt":{"rendered":"<p>U pakiranju se nalazi 48 kartica<br \/>\nIgra vje\u017eba pam\u0107enje<br \/>\nDob: 3+ god<\/p>\n","protected":false},"featured_media":29767,"template":"","meta":{"_seopress_robots_primary_cat":"","_seopress_titles_title":"","_seopress_titles_desc":"","_seopress_robots_index":"","iawp_total_views":0},"product_brand":[332],"product_cat":[290,221],"product_tag":[],"class_list":{"0":"post-29766","1":"product","2":"type-product","3":"status-publish","4":"has-post-thumbnail","6":"product_brand-di","7":"product_cat-drustvene-igre-221","8":"product_cat-igracke","10":"first","11":"outofstock","12":"shipping-taxable","13":"purchasable","14":"product-type-simple"},"_links":{"self":[{"href":"https:\/\/singuli.wpress.me\/index.php\/wp-json\/wp\/v2\/product\/29766","targetHints":{"allow":["GET"]}}],"collection":[{"href":"https:\/\/singuli.wpress.me\/index.php\/wp-json\/wp\/v2\/product"}],"about":[{"href":"https:\/\/singuli.wpress.me\/index.php\/wp-json\/wp\/v2\/types\/product"}],"version-history":[{"count":0,"href":"https:\/\/singuli.wpress.me\/index.php\/wp-json\/wp\/v2\/product\/29766\/revisions"}],"wp:featuredmedia":[{"embeddable":true,"href":"https:\/\/singuli.wpress.me\/index.php\/wp-json\/wp\/v2\/media\/29767"}],"wp:attachment":[{"href":"https:\/\/singuli.wpress.me\/index.php\/wp-json\/wp\/v2\/media?parent=29766"}],"wp:term":[{"taxonomy":"product_brand","embeddable":true,"href":"https:\/\/singuli.wpress.me\/index.php\/wp-json\/wp\/v2\/product_brand?post=29766"},{"taxonomy":"product_cat","embeddable":true,"href":"https:\/\/singuli.wpress.me\/index.php\/wp-json\/wp\/v2\/product_cat?post=29766"},{"taxonomy":"product_tag","embeddable":true,"href":"https:\/\/singuli.wpress.me\/index.php\/wp-json\/wp\/v2\/product_tag?post=29766"}],"curies":[{"name":"wp","href":"https:\/\/api.w.org\/{rel}","templated":true}]}}