{"id":29775,"date":"2026-04-17T00:18:10","date_gmt":"2026-04-17T00:18:10","guid":{"rendered":"https:\/\/singuli.wpress.me\/index.php\/proizvod\/di-slozi-rijec-drustvena-igra\/"},"modified":"2026-04-20T12:32:59","modified_gmt":"2026-04-20T12:32:59","slug":"di-slozi-rijec-drustvena-igra","status":"publish","type":"product","link":"https:\/\/singuli.wpress.me\/index.php\/proizvod\/di-slozi-rijec-drustvena-igra\/","title":{"rendered":"DI Slo\u017ei rije\u010d, dru\u0161tvena igra"},"content":{"rendered":"<p><span style=\"font-weight: bold;color: #4472C4\">Najpopularnija igra slaganja slova u rije\u010di! <\/span><span style=\"color: #4472C4\"><\/p>\n<p>Ako ima\u0161 izme\u0111u 9 i 99 godina, misli\u0161 da zna\u0161 puno rije\u010di, voli\u0161 zabavu i igru s obitelji i dobrom ekipom, onda je ovo prava igra za tebe! <br \/>\n<\/span><span style=\"font-weight: bold;color: #4472C4\"><br \/>\nIgra je namijenjena za 2 do 4 igra\u010da! <br \/>\nDob: 9+<\/span><\/p>\n","protected":false},"excerpt":{"rendered":"<p>Najpopularnija igra slaganja slova u rije\u010di<br \/>\nIgra je namijenjena za 2-4 igra\u010da<br \/>\nDob: 9+ god<\/p>\n","protected":false},"featured_media":29776,"template":"","meta":{"_seopress_robots_primary_cat":"","_seopress_titles_title":"","_seopress_titles_desc":"","_seopress_robots_index":"","iawp_total_views":0},"product_brand":[332],"product_cat":[290,221],"product_tag":[],"class_list":{"0":"post-29775","1":"product","2":"type-product","3":"status-publish","4":"has-post-thumbnail","6":"product_brand-di","7":"product_cat-drustvene-igre-221","8":"product_cat-igracke","10":"first","11":"instock","12":"shipping-taxable","13":"purchasable","14":"product-type-simple"},"_links":{"self":[{"href":"https:\/\/singuli.wpress.me\/index.php\/wp-json\/wp\/v2\/product\/29775","targetHints":{"allow":["GET"]}}],"collection":[{"href":"https:\/\/singuli.wpress.me\/index.php\/wp-json\/wp\/v2\/product"}],"about":[{"href":"https:\/\/singuli.wpress.me\/index.php\/wp-json\/wp\/v2\/types\/product"}],"version-history":[{"count":0,"href":"https:\/\/singuli.wpress.me\/index.php\/wp-json\/wp\/v2\/product\/29775\/revisions"}],"wp:featuredmedia":[{"embeddable":true,"href":"https:\/\/singuli.wpress.me\/index.php\/wp-json\/wp\/v2\/media\/29776"}],"wp:attachment":[{"href":"https:\/\/singuli.wpress.me\/index.php\/wp-json\/wp\/v2\/media?parent=29775"}],"wp:term":[{"taxonomy":"product_brand","embeddable":true,"href":"https:\/\/singuli.wpress.me\/index.php\/wp-json\/wp\/v2\/product_brand?post=29775"},{"taxonomy":"product_cat","embeddable":true,"href":"https:\/\/singuli.wpress.me\/index.php\/wp-json\/wp\/v2\/product_cat?post=29775"},{"taxonomy":"product_tag","embeddable":true,"href":"https:\/\/singuli.wpress.me\/index.php\/wp-json\/wp\/v2\/product_tag?post=29775"}],"curies":[{"name":"wp","href":"https:\/\/api.w.org\/{rel}","templated":true}]}}