{"id":29781,"date":"2026-04-17T00:18:14","date_gmt":"2026-04-17T00:18:14","guid":{"rendered":"https:\/\/singuli.wpress.me\/index.php\/proizvod\/di-pisa-igra-ravnoteze-drustvena-igra\/"},"modified":"2026-04-21T00:26:30","modified_gmt":"2026-04-21T00:26:30","slug":"di-pisa-igra-ravnoteze-drustvena-igra","status":"publish","type":"product","link":"https:\/\/singuli.wpress.me\/index.php\/proizvod\/di-pisa-igra-ravnoteze-drustvena-igra\/","title":{"rendered":"DI Pisa &#8211; igra ravnote\u017ee, dru\u0161tvena igra"},"content":{"rendered":"<p>Ovo je igra balansiranja koja \u0107e zabaviti i male i velike.<\/p>\n<p>Ima\u0161 li dovoljno &#8216;petlje&#8217; da postavi\u0161 svoje turiste na toranj u Pisi?<\/p>\n<p>Baci kocku i doznaj gdje ih treba\u0161 smjestiti. <\/p>\n<p>Ali \u2013 pazi! Toranj je jaaako klimav. Ako tvoji turisti padnu, po\u010dinje\u0161 ih postavljati ispo\u010detka.<\/p>\n<p>Igra\u010d koji prvi na toranj postavi sve svoje turiste, pobje\u0111uje!<\/p>\n<p>Ako \u017eeli\u0161 te\u017ei izazov, zamijeni mjesta obru\u010dima na tornju! <\/p>\n<p>\n<span style=\"font-weight: bold;color: #4472C4\">Do 4 igra\u010da<br \/>\nDob 3+<\/span><span style=\"color: #4472C4\"><\/p>\n<p>\n<\/span><span style=\"font-weight: bold;color: #4472C4\">Sadr\u017eaj:<\/span><span style=\"color: #4472C4\"><br \/>\n\u2022 1 toranj<br \/>\n\u2022 24 turista<br \/>\n\u2022 1 kockica u bojama<\/span><\/p>\n","protected":false},"excerpt":{"rendered":"<p>Igra\u010d koji prvi na toranj postavi sve svoje turiste, pobje\u0111uje<br \/>\nDo 4 igra\u010da<br \/>\nDob: 3+ god<\/p>\n","protected":false},"featured_media":29782,"template":"","meta":{"_seopress_robots_primary_cat":"","_seopress_titles_title":"","_seopress_titles_desc":"","_seopress_robots_index":"","iawp_total_views":0},"product_brand":[332],"product_cat":[290,221],"product_tag":[],"class_list":{"0":"post-29781","1":"product","2":"type-product","3":"status-publish","4":"has-post-thumbnail","6":"product_brand-di","7":"product_cat-drustvene-igre-221","8":"product_cat-igracke","10":"first","11":"outofstock","12":"shipping-taxable","13":"purchasable","14":"product-type-simple"},"_links":{"self":[{"href":"https:\/\/singuli.wpress.me\/index.php\/wp-json\/wp\/v2\/product\/29781","targetHints":{"allow":["GET"]}}],"collection":[{"href":"https:\/\/singuli.wpress.me\/index.php\/wp-json\/wp\/v2\/product"}],"about":[{"href":"https:\/\/singuli.wpress.me\/index.php\/wp-json\/wp\/v2\/types\/product"}],"version-history":[{"count":0,"href":"https:\/\/singuli.wpress.me\/index.php\/wp-json\/wp\/v2\/product\/29781\/revisions"}],"wp:featuredmedia":[{"embeddable":true,"href":"https:\/\/singuli.wpress.me\/index.php\/wp-json\/wp\/v2\/media\/29782"}],"wp:attachment":[{"href":"https:\/\/singuli.wpress.me\/index.php\/wp-json\/wp\/v2\/media?parent=29781"}],"wp:term":[{"taxonomy":"product_brand","embeddable":true,"href":"https:\/\/singuli.wpress.me\/index.php\/wp-json\/wp\/v2\/product_brand?post=29781"},{"taxonomy":"product_cat","embeddable":true,"href":"https:\/\/singuli.wpress.me\/index.php\/wp-json\/wp\/v2\/product_cat?post=29781"},{"taxonomy":"product_tag","embeddable":true,"href":"https:\/\/singuli.wpress.me\/index.php\/wp-json\/wp\/v2\/product_tag?post=29781"}],"curies":[{"name":"wp","href":"https:\/\/api.w.org\/{rel}","templated":true}]}}