{"id":29784,"date":"2026-04-17T00:18:16","date_gmt":"2026-04-17T00:18:16","guid":{"rendered":"https:\/\/singuli.wpress.me\/index.php\/proizvod\/by-toys-set-za-igru-kovceg-doktor\/"},"modified":"2026-04-20T12:32:59","modified_gmt":"2026-04-20T12:32:59","slug":"by-toys-set-za-igru-kovceg-doktor","status":"publish","type":"product","link":"https:\/\/singuli.wpress.me\/index.php\/proizvod\/by-toys-set-za-igru-kovceg-doktor\/","title":{"rendered":"BY TOYS, set za igru, kov\u010deg &#8211; doktor"},"content":{"rendered":"<p><span style=\"font-weight: bold;color: #4472C4\">Dje\u010dji lije\u010dni\u010dki kov\u010deg <\/span><span style=\"color: #4472C4\">edukativna je i zabavna igra\u010dka koja djeci omogu\u0107uje da se zamisle u ulozi lije\u010dnika ili medicinske sestre. Ova je igra\u010dka osmi\u0161ljena da potakne ma\u0161tu, suosje\u0107anje i zanimanje za njegu dok podu\u010dava osnove lje\u010denja.<\/p>\n<p>Kov\u010deg uklju\u010duje razne igra\u010dke koje opona\u0161aju pravu medicinsku opremu, poput stetoskopa, \u0161price, skalpela i jo\u0161 mnogo toga. Ove igra\u010dke su dizajnirane za djecu i sigurne su za igru.<\/p>\n<p>Tijekom igre djeca u\u010de osnove o ljudskom tijelu, zdravlju i higijeni, \u0161to mo\u017ee doprinijeti osvje\u0161\u0107ivanju va\u017enosti zdravlja i brige o sebi.<\/p>\n<p>Kov\u010deg i sadr\u017eaj izra\u0111eni su od sigurnih, netoksi\u010dnih materijala koji su izdr\u017eljivi i pogodni za dje\u010dju igru. Sve igra\u010dke dobro pristaju u kov\u010deg za jednostavno skladi\u0161tenje i prenosivost, idealne za igru u pokretu.<\/p>\n<p>Doctor&#8217;s Case za djecu kombinira zabavnu i obrazovnu vrijednost, stvaraju\u0107i uravnote\u017eeno i poticajno iskustvo igre.<\/p>\n<p>Sadr\u017ei <\/span><span style=\"font-weight: bold;color: #4472C4\">11 dijelova.<\/span><span style=\"color: #4472C4\"><\/p>\n<p>Prikladno <\/span><span style=\"font-weight: bold;color: #4472C4\">za djecu stariju od 3 godine.<\/span><\/p>\n","protected":false},"excerpt":{"rendered":"<p>Podu\u010dava o va\u017enosti zdravlja i brige o sebi<br \/>\nSadr\u017ei 11 dijelova<br \/>\nDob: 3+ god<\/p>\n","protected":false},"featured_media":29785,"template":"","meta":{"_seopress_robots_primary_cat":"","_seopress_titles_title":"","_seopress_titles_desc":"","_seopress_robots_index":"","iawp_total_views":0},"product_brand":[340],"product_cat":[221,291],"product_tag":[],"class_list":{"0":"post-29784","1":"product","2":"type-product","3":"status-publish","4":"has-post-thumbnail","6":"product_brand-by-toys","7":"product_cat-igracke","8":"product_cat-igracke-za-djecu-221","10":"first","11":"outofstock","12":"shipping-taxable","13":"purchasable","14":"product-type-simple"},"_links":{"self":[{"href":"https:\/\/singuli.wpress.me\/index.php\/wp-json\/wp\/v2\/product\/29784","targetHints":{"allow":["GET"]}}],"collection":[{"href":"https:\/\/singuli.wpress.me\/index.php\/wp-json\/wp\/v2\/product"}],"about":[{"href":"https:\/\/singuli.wpress.me\/index.php\/wp-json\/wp\/v2\/types\/product"}],"version-history":[{"count":0,"href":"https:\/\/singuli.wpress.me\/index.php\/wp-json\/wp\/v2\/product\/29784\/revisions"}],"wp:featuredmedia":[{"embeddable":true,"href":"https:\/\/singuli.wpress.me\/index.php\/wp-json\/wp\/v2\/media\/29785"}],"wp:attachment":[{"href":"https:\/\/singuli.wpress.me\/index.php\/wp-json\/wp\/v2\/media?parent=29784"}],"wp:term":[{"taxonomy":"product_brand","embeddable":true,"href":"https:\/\/singuli.wpress.me\/index.php\/wp-json\/wp\/v2\/product_brand?post=29784"},{"taxonomy":"product_cat","embeddable":true,"href":"https:\/\/singuli.wpress.me\/index.php\/wp-json\/wp\/v2\/product_cat?post=29784"},{"taxonomy":"product_tag","embeddable":true,"href":"https:\/\/singuli.wpress.me\/index.php\/wp-json\/wp\/v2\/product_tag?post=29784"}],"curies":[{"name":"wp","href":"https:\/\/api.w.org\/{rel}","templated":true}]}}