{"id":29788,"date":"2026-04-17T00:18:17","date_gmt":"2026-04-17T00:18:17","guid":{"rendered":"https:\/\/singuli.wpress.me\/index.php\/proizvod\/by-toys-mini-set-s-figurom-policija\/"},"modified":"2026-04-21T00:26:31","modified_gmt":"2026-04-21T00:26:31","slug":"by-toys-mini-set-s-figurom-policija","status":"publish","type":"product","link":"https:\/\/singuli.wpress.me\/index.php\/proizvod\/by-toys-mini-set-s-figurom-policija\/","title":{"rendered":"BY TOYS mini, set s figurom, policija"},"content":{"rendered":"<p>Pripremite se za avanturu uz mini policijski set s figuricom.<br \/>\n Poma\u017ee djeci da pro\u0161ire svoju ma\u0161tu i poprave vje\u0161tine ruku.<br \/>\n Figura je visoka oko 8,5 cm. Dob: 3+<\/p>\n","protected":false},"excerpt":{"rendered":"<p>Poma\u017ee djeci da pro\u0161ire svoju ma\u0161tu<br \/>\nFigura je visoka oko 8,5 cm<br \/>\nDob: 3+ god<\/p>\n","protected":false},"featured_media":29789,"template":"","meta":{"_seopress_robots_primary_cat":"","_seopress_titles_title":"","_seopress_titles_desc":"","_seopress_robots_index":"","iawp_total_views":0},"product_brand":[340],"product_cat":[221,263],"product_tag":[],"class_list":{"0":"post-29788","1":"product","2":"type-product","3":"status-publish","4":"has-post-thumbnail","6":"product_brand-by-toys","7":"product_cat-igracke","8":"product_cat-tematske-igracke-221","10":"first","11":"outofstock","12":"shipping-taxable","13":"purchasable","14":"product-type-simple"},"_links":{"self":[{"href":"https:\/\/singuli.wpress.me\/index.php\/wp-json\/wp\/v2\/product\/29788","targetHints":{"allow":["GET"]}}],"collection":[{"href":"https:\/\/singuli.wpress.me\/index.php\/wp-json\/wp\/v2\/product"}],"about":[{"href":"https:\/\/singuli.wpress.me\/index.php\/wp-json\/wp\/v2\/types\/product"}],"version-history":[{"count":0,"href":"https:\/\/singuli.wpress.me\/index.php\/wp-json\/wp\/v2\/product\/29788\/revisions"}],"wp:featuredmedia":[{"embeddable":true,"href":"https:\/\/singuli.wpress.me\/index.php\/wp-json\/wp\/v2\/media\/29789"}],"wp:attachment":[{"href":"https:\/\/singuli.wpress.me\/index.php\/wp-json\/wp\/v2\/media?parent=29788"}],"wp:term":[{"taxonomy":"product_brand","embeddable":true,"href":"https:\/\/singuli.wpress.me\/index.php\/wp-json\/wp\/v2\/product_brand?post=29788"},{"taxonomy":"product_cat","embeddable":true,"href":"https:\/\/singuli.wpress.me\/index.php\/wp-json\/wp\/v2\/product_cat?post=29788"},{"taxonomy":"product_tag","embeddable":true,"href":"https:\/\/singuli.wpress.me\/index.php\/wp-json\/wp\/v2\/product_tag?post=29788"}],"curies":[{"name":"wp","href":"https:\/\/api.w.org\/{rel}","templated":true}]}}