{"id":29791,"date":"2026-04-17T00:18:18","date_gmt":"2026-04-17T00:18:18","guid":{"rendered":"https:\/\/singuli.wpress.me\/index.php\/proizvod\/x-shot-hyper-gel-meci-20000-kom\/"},"modified":"2026-04-20T12:32:59","modified_gmt":"2026-04-20T12:32:59","slug":"x-shot-hyper-gel-meci-20000-kom","status":"publish","type":"product","link":"https:\/\/singuli.wpress.me\/index.php\/proizvod\/x-shot-hyper-gel-meci-20000-kom\/","title":{"rendered":"X-SHOT Hyper Gel, meci, 20000\u00a0kom"},"content":{"rendered":"<p>Nikada ne propustite akciju s ovim prakti\u010dnim paketom od 20 000 Hyper Gel kuglica za ponovno punjenje! X-Shot Hyper Gel kuglice su netoksi\u010dne, ekolo\u0161ki prihvatljive i ne ostavljaju mrlje. Samo dodajte vodu za hidrataciju i po\u010dnite sa zabavom. Dolazi u hermeti\u010dki zatvorenoj posudi za jednostavno \u010duvanje.<\/p>\n<p>Sadr\u017ei:<br \/>\n20 000 x Hyper Gel Kuglica<br \/>\nDob: 14+<\/p>\n","protected":false},"excerpt":{"rendered":"<p>Kuglice su netoksi\u010dne, ekolo\u0161ki prihvatljive i ne ostavljaju mrlje<br \/>\nDodajte vodu za hidrataciju i po\u010dnite sa zabavom<br \/>\nDob: 14+ god<\/p>\n","protected":false},"featured_media":29792,"template":"","meta":{"_seopress_robots_primary_cat":"","_seopress_titles_title":"","_seopress_titles_desc":"","_seopress_robots_index":"","iawp_total_views":0},"product_brand":[338],"product_cat":[221,263],"product_tag":[],"class_list":{"0":"post-29791","1":"product","2":"type-product","3":"status-publish","4":"has-post-thumbnail","6":"product_brand-x-shot","7":"product_cat-igracke","8":"product_cat-tematske-igracke-221","10":"first","11":"outofstock","12":"shipping-taxable","13":"purchasable","14":"product-type-simple"},"_links":{"self":[{"href":"https:\/\/singuli.wpress.me\/index.php\/wp-json\/wp\/v2\/product\/29791","targetHints":{"allow":["GET"]}}],"collection":[{"href":"https:\/\/singuli.wpress.me\/index.php\/wp-json\/wp\/v2\/product"}],"about":[{"href":"https:\/\/singuli.wpress.me\/index.php\/wp-json\/wp\/v2\/types\/product"}],"version-history":[{"count":0,"href":"https:\/\/singuli.wpress.me\/index.php\/wp-json\/wp\/v2\/product\/29791\/revisions"}],"wp:featuredmedia":[{"embeddable":true,"href":"https:\/\/singuli.wpress.me\/index.php\/wp-json\/wp\/v2\/media\/29792"}],"wp:attachment":[{"href":"https:\/\/singuli.wpress.me\/index.php\/wp-json\/wp\/v2\/media?parent=29791"}],"wp:term":[{"taxonomy":"product_brand","embeddable":true,"href":"https:\/\/singuli.wpress.me\/index.php\/wp-json\/wp\/v2\/product_brand?post=29791"},{"taxonomy":"product_cat","embeddable":true,"href":"https:\/\/singuli.wpress.me\/index.php\/wp-json\/wp\/v2\/product_cat?post=29791"},{"taxonomy":"product_tag","embeddable":true,"href":"https:\/\/singuli.wpress.me\/index.php\/wp-json\/wp\/v2\/product_tag?post=29791"}],"curies":[{"name":"wp","href":"https:\/\/api.w.org\/{rel}","templated":true}]}}