{"id":29795,"date":"2026-04-17T00:18:20","date_gmt":"2026-04-17T00:18:20","guid":{"rendered":"https:\/\/singuli.wpress.me\/index.php\/proizvod\/cool-wheels-romobil-na-3-kotaca-plavi\/"},"modified":"2026-04-20T12:32:59","modified_gmt":"2026-04-20T12:32:59","slug":"cool-wheels-romobil-na-3-kotaca-plavi","status":"publish","type":"product","link":"https:\/\/singuli.wpress.me\/index.php\/proizvod\/cool-wheels-romobil-na-3-kotaca-plavi\/","title":{"rendered":"COOL WHEELS, romobil, na 3 kota\u010da &#8211; plavi"},"content":{"rendered":"<p>Pro\u0161irite motori\u010dke vje\u0161tine i vidike va\u0161eg djeteta dok gradite njegovo samopouzdanje za prelazak na izazovnije vo\u017enje u budu\u0107nosti. <br \/>\nZabavljat \u0107ete se s ovim skuterom inovativnog dizajna i svjetle\u0107im efektima. <\/p>\n<p>Pode\u0161avanje visine &#8211; minimalno 64 cm, maksimalno 76 cm. <\/p>\n<p>Prakti\u010dan i jednostavan za kori\u0161tenje. <br \/>\nMekani silikonski kota\u010di.<br \/>\nJednostavan za montiranje. <br \/>\nIma volan koji se lako skida. <\/p>\n<p>Dob: 3+<\/p>\n","protected":false},"excerpt":{"rendered":"<p>Jednostavan za montiranje<br \/>\nMekani silikonski kota\u010di<br \/>\nDob: 3+ god<\/p>\n","protected":false},"featured_media":29796,"template":"","meta":{"_seopress_robots_primary_cat":"","_seopress_titles_title":"","_seopress_titles_desc":"","_seopress_robots_index":"","iawp_total_views":0},"product_brand":[336],"product_cat":[274,238],"product_tag":[],"class_list":{"0":"post-29795","1":"product","2":"type-product","3":"status-publish","4":"has-post-thumbnail","6":"product_brand-cool-wheels","7":"product_cat-kucanski-pribor-238","8":"product_cat-sve-za-dom","10":"first","11":"outofstock","12":"shipping-taxable","13":"purchasable","14":"product-type-simple"},"_links":{"self":[{"href":"https:\/\/singuli.wpress.me\/index.php\/wp-json\/wp\/v2\/product\/29795","targetHints":{"allow":["GET"]}}],"collection":[{"href":"https:\/\/singuli.wpress.me\/index.php\/wp-json\/wp\/v2\/product"}],"about":[{"href":"https:\/\/singuli.wpress.me\/index.php\/wp-json\/wp\/v2\/types\/product"}],"version-history":[{"count":0,"href":"https:\/\/singuli.wpress.me\/index.php\/wp-json\/wp\/v2\/product\/29795\/revisions"}],"wp:featuredmedia":[{"embeddable":true,"href":"https:\/\/singuli.wpress.me\/index.php\/wp-json\/wp\/v2\/media\/29796"}],"wp:attachment":[{"href":"https:\/\/singuli.wpress.me\/index.php\/wp-json\/wp\/v2\/media?parent=29795"}],"wp:term":[{"taxonomy":"product_brand","embeddable":true,"href":"https:\/\/singuli.wpress.me\/index.php\/wp-json\/wp\/v2\/product_brand?post=29795"},{"taxonomy":"product_cat","embeddable":true,"href":"https:\/\/singuli.wpress.me\/index.php\/wp-json\/wp\/v2\/product_cat?post=29795"},{"taxonomy":"product_tag","embeddable":true,"href":"https:\/\/singuli.wpress.me\/index.php\/wp-json\/wp\/v2\/product_tag?post=29795"}],"curies":[{"name":"wp","href":"https:\/\/api.w.org\/{rel}","templated":true}]}}