{"id":29797,"date":"2026-04-17T00:18:20","date_gmt":"2026-04-17T00:18:20","guid":{"rendered":"https:\/\/singuli.wpress.me\/index.php\/proizvod\/x-shot-puska-sa-spuzvastim-mecima-hawk-eye\/"},"modified":"2026-04-20T12:32:59","modified_gmt":"2026-04-20T12:32:59","slug":"x-shot-puska-sa-spuzvastim-mecima-hawk-eye","status":"publish","type":"product","link":"https:\/\/singuli.wpress.me\/index.php\/proizvod\/x-shot-puska-sa-spuzvastim-mecima-hawk-eye\/","title":{"rendered":"X-SHOT, pu\u0161ka, sa spu\u017evastim mecima &#8211; Hawk Eye"},"content":{"rendered":"<p>Top seller na mnogim tr\u017ei\u0161tima ve\u0107 3 godine!<br \/>\nHawk eye pu\u0161ka dolazi s ni\u0161anom, koji se mo\u017ee skinuti s posebnim mehanizmom za natezanje, \u0161to joj daje nevjerojatnu preciznost, koju niti jedna druga pu\u0161ka nema! <br \/>\nPosebno konstruirani dr\u017ea\u010d omogu\u0107uje brzo ispaljivanje i ga\u0111anje, \u010dak i meta u pokretu. <br \/>\nU spremnik stanu 4 strelice. <br \/>\nSet sadr\u017ei jednu Hawk eye pu\u0161ku i \u010dak 16 spu\u017evastih strelica! <br \/>\nDob: 8+<\/p>\n","protected":false},"excerpt":{"rendered":"<p>Dolazi s ni\u0161anom \u0161to joj daje nevjerojatnu preciznost<br \/>\nSet sadr\u017ei jednu Hawk eye pu\u0161ku i \u010dak 16 spu\u017evastih strelica<br \/>\nDob: 8+ god<\/p>\n","protected":false},"featured_media":29798,"template":"","meta":{"_seopress_robots_primary_cat":"","_seopress_titles_title":"","_seopress_titles_desc":"","_seopress_robots_index":"","iawp_total_views":0},"product_brand":[338],"product_cat":[221,263],"product_tag":[],"class_list":{"0":"post-29797","1":"product","2":"type-product","3":"status-publish","4":"has-post-thumbnail","6":"product_brand-x-shot","7":"product_cat-igracke","8":"product_cat-tematske-igracke-221","10":"first","11":"outofstock","12":"shipping-taxable","13":"purchasable","14":"product-type-simple"},"_links":{"self":[{"href":"https:\/\/singuli.wpress.me\/index.php\/wp-json\/wp\/v2\/product\/29797","targetHints":{"allow":["GET"]}}],"collection":[{"href":"https:\/\/singuli.wpress.me\/index.php\/wp-json\/wp\/v2\/product"}],"about":[{"href":"https:\/\/singuli.wpress.me\/index.php\/wp-json\/wp\/v2\/types\/product"}],"version-history":[{"count":0,"href":"https:\/\/singuli.wpress.me\/index.php\/wp-json\/wp\/v2\/product\/29797\/revisions"}],"wp:featuredmedia":[{"embeddable":true,"href":"https:\/\/singuli.wpress.me\/index.php\/wp-json\/wp\/v2\/media\/29798"}],"wp:attachment":[{"href":"https:\/\/singuli.wpress.me\/index.php\/wp-json\/wp\/v2\/media?parent=29797"}],"wp:term":[{"taxonomy":"product_brand","embeddable":true,"href":"https:\/\/singuli.wpress.me\/index.php\/wp-json\/wp\/v2\/product_brand?post=29797"},{"taxonomy":"product_cat","embeddable":true,"href":"https:\/\/singuli.wpress.me\/index.php\/wp-json\/wp\/v2\/product_cat?post=29797"},{"taxonomy":"product_tag","embeddable":true,"href":"https:\/\/singuli.wpress.me\/index.php\/wp-json\/wp\/v2\/product_tag?post=29797"}],"curies":[{"name":"wp","href":"https:\/\/api.w.org\/{rel}","templated":true}]}}