{"id":29803,"date":"2026-04-17T00:18:23","date_gmt":"2026-04-17T00:18:23","guid":{"rendered":"https:\/\/singuli.wpress.me\/index.php\/proizvod\/by-toys-set-za-igru-stolic-mini-kuhinja\/"},"modified":"2026-04-20T12:32:59","modified_gmt":"2026-04-20T12:32:59","slug":"by-toys-set-za-igru-stolic-mini-kuhinja","status":"publish","type":"product","link":"https:\/\/singuli.wpress.me\/index.php\/proizvod\/by-toys-set-za-igru-stolic-mini-kuhinja\/","title":{"rendered":"BY TOYS, set za igru, stoli\u0107 mini kuhinja"},"content":{"rendered":"<p>Mali kuhari \u0107e se jako razveseliti lako prenosivom mini kuhinjom. Kuhinja mo\u017ee poslu\u017eiti i kao tabure kada je stol zatvoren ili kao kutija za stvari.<\/p>\n<p>Igra u dje\u010djoj kuhinji donosi mnoge prednosti za razvoj i u\u010denje djece. Ova vrsta igre vi\u0161e je od zabave; va\u017eno je sredstvo za promicanje cjelovitog razvoja djeteta.<\/p>\n<p>&#8211; <span style=\"font-weight: bold;color: #4472C4\">Razvoj ma\u0161te i kreativnosti: <\/span><span style=\"color: #4472C4\">Igranje uloga, poput kuhanja i vo\u0111enja kuhinje, poti\u010de djetetovu ma\u0161tu. Djeca stvaraju vlastite scenarije, \u0161to poti\u010de kreativno razmi\u0161ljanje i inovativnost.<br \/>\n&#8211; <\/span><span style=\"font-weight: bold;color: #4472C4\">Pobolj\u0161anje socijalnih vje\u0161tina:<\/span><span style=\"color: #4472C4\"> Dje\u010dja kuhinja je izvrsno okru\u017eenje za grupnu igru, gdje djeca u\u010de sura\u0111ivati, dijeliti i komunicirati sa svojim vr\u0161njacima. To doprinosi razvoju dru\u0161tvenih vje\u0161tina kao \u0161to su empatija, strpljenje i sposobnost rje\u0161avanja sukoba.<br \/>\n&#8211; <\/span><span style=\"font-weight: bold;color: #4472C4\">Razvijanje jezi\u010dnih vje\u0161tina:<\/span><span style=\"color: #4472C4\"> Igraju\u0107i se u dje\u010djoj kuhinji, djeca \u010desto vode dijaloge i pri\u010daju pri\u010de, \u0161to poti\u010de razvoj jezi\u010dnih i komunikacijskih vje\u0161tina.<br \/>\n&#8211; <\/span><span style=\"font-weight: bold;color: #4472C4\">Edukacija o hrani i prehrani: <\/span><span style=\"color: #4472C4\">Dje\u010dje kuhinje idealne su za u\u010denje o razli\u010ditim vrstama hrane, prehrambenim navikama i va\u017enosti uravnote\u017eene prehrane, \u0161to mo\u017ee utjecati na zdrav izbor prehrane u budu\u0107nosti.<br \/>\n&#8211; <\/span><span style=\"font-weight: bold;color: #4472C4\">Razvoj motorike:<\/span><span style=\"color: #4472C4\"> Fina motorika se razvija hvatanjem i rukovanjem malim kuhinjskim predmetima i igra\u010dkama, dok se gruba motorika razvija kroz ve\u0107e motori\u010dke aktivnosti poput postavljanja i organiziranja.<br \/>\n&#8211; <\/span><span style=\"font-weight: bold;color: #4472C4\">Poticanje neovisnosti i samopo\u0161tovanja:<\/span><span style=\"color: #4472C4\"> Kada djeca uspje\u0161no &quot;&quot;pripremaju obrok&quot;&quot; ili &quot;&quot;vode kuhinju&quot;&quot; njihovo samopouzdanje i osje\u0107aj neovisnosti ja\u010daju.<br \/>\n&#8211;<\/span><span style=\"font-weight: bold;color: #4472C4\"> Razumijevanje svijeta oko sebe:<\/span><span style=\"color: #4472C4\"> Dje\u010dja kuhinja omogu\u0107uje djeci da opona\u0161aju i razumiju svakodnevne aktivnosti koje vide u svom domu, \u010dime se pove\u0107ava njihovo razumijevanje svijeta.<br \/>\n&#8211; <\/span><span style=\"font-weight: bold;color: #4472C4\">Rje\u0161avanje problema i dono\u0161enje odluka: <\/span><span style=\"color: #4472C4\">Tijekom igre djeca se suo\u010davaju s razli\u010ditim situacijama (npr. kako pripremiti odre\u0111eno jelo) u kojima moraju donositi odluke i rje\u0161avati probleme.<br \/>\n&#8211; <\/span><span style=\"font-weight: bold;color: #4472C4\">U\u010denje o \u010disto\u0107i i organizaciji:<\/span><span style=\"color: #4472C4\"> igranje u kuhinji tako\u0111er mo\u017ee uklju\u010divati u\u010denje o va\u017enosti \u010disto\u0107e i organizacije, koje su va\u017ene \u017eivotne vje\u0161tine.<br \/>\n&#8211; <\/span><span style=\"font-weight: bold;color: #4472C4\">Zabava i opu\u0161tanje:<\/span><span style=\"color: #4472C4\"> Uz sve obrazovne i razvojne dobrobiti, igra u dje\u010djoj kuhinji je i zabavna i opu\u0161taju\u0107a, \u0161to je klju\u010dno za sretno i zdravo djetinjstvo.<\/p>\n<p>Set sadr\u017ei 18 dijelova.<\/p>\n<p>Prikladno za djecu stariju od 2 godine.<\/span><\/p>\n","protected":false},"excerpt":{"rendered":"<p>Poma\u017ee djeci da pro\u0161ire svoju ma\u0161tu<br \/>\nSadr\u017ei 18 dijelova<br \/>\nDob: 2+ god<\/p>\n","protected":false},"featured_media":29804,"template":"","meta":{"_seopress_robots_primary_cat":"","_seopress_titles_title":"","_seopress_titles_desc":"","_seopress_robots_index":"","iawp_total_views":0},"product_brand":[340],"product_cat":[221,291],"product_tag":[],"class_list":{"0":"post-29803","1":"product","2":"type-product","3":"status-publish","4":"has-post-thumbnail","6":"product_brand-by-toys","7":"product_cat-igracke","8":"product_cat-igracke-za-djecu-221","10":"first","11":"outofstock","12":"shipping-taxable","13":"purchasable","14":"product-type-simple"},"_links":{"self":[{"href":"https:\/\/singuli.wpress.me\/index.php\/wp-json\/wp\/v2\/product\/29803","targetHints":{"allow":["GET"]}}],"collection":[{"href":"https:\/\/singuli.wpress.me\/index.php\/wp-json\/wp\/v2\/product"}],"about":[{"href":"https:\/\/singuli.wpress.me\/index.php\/wp-json\/wp\/v2\/types\/product"}],"version-history":[{"count":0,"href":"https:\/\/singuli.wpress.me\/index.php\/wp-json\/wp\/v2\/product\/29803\/revisions"}],"wp:featuredmedia":[{"embeddable":true,"href":"https:\/\/singuli.wpress.me\/index.php\/wp-json\/wp\/v2\/media\/29804"}],"wp:attachment":[{"href":"https:\/\/singuli.wpress.me\/index.php\/wp-json\/wp\/v2\/media?parent=29803"}],"wp:term":[{"taxonomy":"product_brand","embeddable":true,"href":"https:\/\/singuli.wpress.me\/index.php\/wp-json\/wp\/v2\/product_brand?post=29803"},{"taxonomy":"product_cat","embeddable":true,"href":"https:\/\/singuli.wpress.me\/index.php\/wp-json\/wp\/v2\/product_cat?post=29803"},{"taxonomy":"product_tag","embeddable":true,"href":"https:\/\/singuli.wpress.me\/index.php\/wp-json\/wp\/v2\/product_tag?post=29803"}],"curies":[{"name":"wp","href":"https:\/\/api.w.org\/{rel}","templated":true}]}}