{"id":29805,"date":"2026-04-17T00:18:24","date_gmt":"2026-04-17T00:18:24","guid":{"rendered":"https:\/\/singuli.wpress.me\/index.php\/proizvod\/heroes-plastelin-set-kovceg\/"},"modified":"2026-04-20T12:32:59","modified_gmt":"2026-04-20T12:32:59","slug":"heroes-plastelin-set-kovceg","status":"publish","type":"product","link":"https:\/\/singuli.wpress.me\/index.php\/proizvod\/heroes-plastelin-set-kovceg\/","title":{"rendered":"HEROES, plastelin, set &#8211; kov\u010deg"},"content":{"rendered":"<p>Ovo je izvanredna igra koja spaja kreativnost, umjetnost i zabavu. <\/p>\n<p>\nU ovom setu dolazi kov\u010deg ispunjen raznobojnim plastelinom, alatima za oblikovanje. <\/p>\n<p>\nDjeca \u0107e imati priliku stvarati vlastite avanture i likove koriste\u0107i plastelin. <\/p>\n<p>\nSet poti\u010de ma\u0161tovitu igru i kreativnost kod djece dok oblikuju svoje vlastite svjetove. <\/p>\n<p>\nOvaj kov\u010deg je odli\u010dan na\u010din za razvijanje motori\u010dkih vje\u0161tina i umjetni\u010dkog izra\u017eavanja kod djece. <\/p>\n<p>\n<span style=\"font-weight: bold;color: #4472C4\">Heroes Plastelin Set <\/span><span style=\"color: #4472C4\">&#8211; Kov\u010deg pru\u017ea sate zabave i kreativnosti za malene umjetnike.<\/p>\n<p>\n<\/span><span style=\"font-weight: bold;color: #4472C4\">Dob: 3+<\/span><\/p>\n","protected":false},"excerpt":{"rendered":"<p>Plastelin je potpuno siguran i ne\u0161kodljiv za djecu<br \/>\nOdli\u010dan na\u010din za razvijanje motori\u010dkih vje\u0161tina i umjetni\u010dkog izra\u017eavanja<br \/>\nDob: 3+ god<\/p>\n","protected":false},"featured_media":29806,"template":"","meta":{"_seopress_robots_primary_cat":"","_seopress_titles_title":"","_seopress_titles_desc":"","_seopress_robots_index":"","iawp_total_views":0},"product_brand":[342],"product_cat":[221,291],"product_tag":[],"class_list":{"0":"post-29805","1":"product","2":"type-product","3":"status-publish","4":"has-post-thumbnail","6":"product_brand-heroes","7":"product_cat-igracke","8":"product_cat-igracke-za-djecu-221","10":"first","11":"outofstock","12":"shipping-taxable","13":"purchasable","14":"product-type-simple"},"_links":{"self":[{"href":"https:\/\/singuli.wpress.me\/index.php\/wp-json\/wp\/v2\/product\/29805","targetHints":{"allow":["GET"]}}],"collection":[{"href":"https:\/\/singuli.wpress.me\/index.php\/wp-json\/wp\/v2\/product"}],"about":[{"href":"https:\/\/singuli.wpress.me\/index.php\/wp-json\/wp\/v2\/types\/product"}],"version-history":[{"count":0,"href":"https:\/\/singuli.wpress.me\/index.php\/wp-json\/wp\/v2\/product\/29805\/revisions"}],"wp:featuredmedia":[{"embeddable":true,"href":"https:\/\/singuli.wpress.me\/index.php\/wp-json\/wp\/v2\/media\/29806"}],"wp:attachment":[{"href":"https:\/\/singuli.wpress.me\/index.php\/wp-json\/wp\/v2\/media?parent=29805"}],"wp:term":[{"taxonomy":"product_brand","embeddable":true,"href":"https:\/\/singuli.wpress.me\/index.php\/wp-json\/wp\/v2\/product_brand?post=29805"},{"taxonomy":"product_cat","embeddable":true,"href":"https:\/\/singuli.wpress.me\/index.php\/wp-json\/wp\/v2\/product_cat?post=29805"},{"taxonomy":"product_tag","embeddable":true,"href":"https:\/\/singuli.wpress.me\/index.php\/wp-json\/wp\/v2\/product_tag?post=29805"}],"curies":[{"name":"wp","href":"https:\/\/api.w.org\/{rel}","templated":true}]}}