{"id":29810,"date":"2026-04-17T00:18:27","date_gmt":"2026-04-17T00:18:27","guid":{"rendered":"https:\/\/singuli.wpress.me\/index.php\/proizvod\/di-bomba-mace-muce-drustvena-igra\/"},"modified":"2026-04-20T12:32:59","modified_gmt":"2026-04-20T12:32:59","slug":"di-bomba-mace-muce-drustvena-igra","status":"publish","type":"product","link":"https:\/\/singuli.wpress.me\/index.php\/proizvod\/di-bomba-mace-muce-drustvena-igra\/","title":{"rendered":"DI Bomba Mace\/Muce, dru\u0161tvena igra"},"content":{"rendered":"<p>Jednostavna karta\u0161ka igra za djecu i odrasle &#8211; savr\u0161ena za sve prilike, uklju\u010duju\u0107i obiteljsku ve\u010der za igru, izlet na pla\u017eu, izlet ili pi\u0107e s prijateljima!<\/p>\n<p>\nHit party igra za obitelj i prijatelje koji vole ma\u010di\u0107e, eksplozije, zabavu, smijeh i jo\u0161 poneka \u010dudna stvorenja!<\/p>\n<p>\n<span style=\"font-weight: bold;color: #4472C4\">56 karata, s kutijom i uputama &#8211; jednostavna karta\u0161ka igra za djecu, ma\u010di\u0107e i odrasle! <\/span><span style=\"color: #4472C4\"><\/p>\n<p>\n<\/span><span style=\"font-weight: bold;color: #4472C4\">Dob: 7+<\/span><\/p>\n","protected":false},"excerpt":{"rendered":"<p>Savr\u0161ena za sve prilike<br \/>\nSadr\u017ei 56 karata i upute<br \/>\nDob: 7+ god<\/p>\n","protected":false},"featured_media":29811,"template":"","meta":{"_seopress_robots_primary_cat":"","_seopress_titles_title":"","_seopress_titles_desc":"","_seopress_robots_index":"","iawp_total_views":0},"product_brand":[332],"product_cat":[290,221],"product_tag":[],"class_list":{"0":"post-29810","1":"product","2":"type-product","3":"status-publish","4":"has-post-thumbnail","6":"product_brand-di","7":"product_cat-drustvene-igre-221","8":"product_cat-igracke","10":"first","11":"outofstock","12":"shipping-taxable","13":"purchasable","14":"product-type-simple"},"_links":{"self":[{"href":"https:\/\/singuli.wpress.me\/index.php\/wp-json\/wp\/v2\/product\/29810","targetHints":{"allow":["GET"]}}],"collection":[{"href":"https:\/\/singuli.wpress.me\/index.php\/wp-json\/wp\/v2\/product"}],"about":[{"href":"https:\/\/singuli.wpress.me\/index.php\/wp-json\/wp\/v2\/types\/product"}],"version-history":[{"count":0,"href":"https:\/\/singuli.wpress.me\/index.php\/wp-json\/wp\/v2\/product\/29810\/revisions"}],"wp:featuredmedia":[{"embeddable":true,"href":"https:\/\/singuli.wpress.me\/index.php\/wp-json\/wp\/v2\/media\/29811"}],"wp:attachment":[{"href":"https:\/\/singuli.wpress.me\/index.php\/wp-json\/wp\/v2\/media?parent=29810"}],"wp:term":[{"taxonomy":"product_brand","embeddable":true,"href":"https:\/\/singuli.wpress.me\/index.php\/wp-json\/wp\/v2\/product_brand?post=29810"},{"taxonomy":"product_cat","embeddable":true,"href":"https:\/\/singuli.wpress.me\/index.php\/wp-json\/wp\/v2\/product_cat?post=29810"},{"taxonomy":"product_tag","embeddable":true,"href":"https:\/\/singuli.wpress.me\/index.php\/wp-json\/wp\/v2\/product_tag?post=29810"}],"curies":[{"name":"wp","href":"https:\/\/api.w.org\/{rel}","templated":true}]}}