{"id":29814,"date":"2026-04-17T00:18:32","date_gmt":"2026-04-17T00:18:32","guid":{"rendered":"https:\/\/singuli.wpress.me\/index.php\/proizvod\/ot-iz-stolni-nogomet\/"},"modified":"2026-04-20T12:32:59","modified_gmt":"2026-04-20T12:32:59","slug":"ot-iz-stolni-nogomet","status":"publish","type":"product","link":"https:\/\/singuli.wpress.me\/index.php\/proizvod\/ot-iz-stolni-nogomet\/","title":{"rendered":"OT IZ, stolni nogomet"},"content":{"rendered":"<p><span style=\"font-weight: bold;color: #4472C4\">Predstavljamo vam zabavnu igru Drveni stolni nogomet! <\/span><span style=\"color: #4472C4\"><br \/>\nOvaj klasi\u010dni dru\u0161tveni igra\u010dki komad donosi radost i uzbu\u0111enje izravno u va\u0161 dom.<\/p>\n<p>Igra\u010dka je izra\u0111ena od \u010dvrstog drva, \u0161to joj daje izdr\u017eljivost i \u010dvrsto\u0107u. S ovim stolnim nogometom, mo\u017eete se natjecati s prijateljima i obitelji u brzim i uzbudljivim nogometnim utakmicama. Osim \u0161to \u0107e pru\u017eiti sate zabave, ovaj drveni stolni nogomet tako\u0111er poti\u010de razvoj koordinacije oka i ruke, brzine reakcije i takti\u010dkog razmi\u0161ljanja. Odli\u010dan je na\u010din za stvaranje sjajnih trenutaka s prijateljima i obitelji. Bez obzira na va\u0161u razinu iskustva, ovaj drveni stolni nogomet \u0107e vam pru\u017eiti mnogo smijeha i uzbu\u0111enja.<\/p>\n<p><\/span><span style=\"font-weight: bold;color: #4472C4\">Dob: 5+<\/span><\/p>\n","protected":false},"excerpt":{"rendered":"<p>Igra\u010dka je izra\u0111ena od \u010dvrstog drva<br \/>\nPoti\u010de razvoj koordinacije oka i ruke, brzine reakcije i takti\u010dkog razmi\u0161ljanja<br \/>\nDob: 5+ god<\/p>\n","protected":false},"featured_media":29815,"template":"","meta":{"_seopress_robots_primary_cat":"","_seopress_titles_title":"","_seopress_titles_desc":"","_seopress_robots_index":"","iawp_total_views":0},"product_brand":[354],"product_cat":[274,238],"product_tag":[],"class_list":{"0":"post-29814","1":"product","2":"type-product","3":"status-publish","4":"has-post-thumbnail","6":"product_brand-ot-iz","7":"product_cat-kucanski-pribor-238","8":"product_cat-sve-za-dom","10":"first","11":"outofstock","12":"shipping-taxable","13":"purchasable","14":"product-type-simple"},"_links":{"self":[{"href":"https:\/\/singuli.wpress.me\/index.php\/wp-json\/wp\/v2\/product\/29814","targetHints":{"allow":["GET"]}}],"collection":[{"href":"https:\/\/singuli.wpress.me\/index.php\/wp-json\/wp\/v2\/product"}],"about":[{"href":"https:\/\/singuli.wpress.me\/index.php\/wp-json\/wp\/v2\/types\/product"}],"version-history":[{"count":0,"href":"https:\/\/singuli.wpress.me\/index.php\/wp-json\/wp\/v2\/product\/29814\/revisions"}],"wp:featuredmedia":[{"embeddable":true,"href":"https:\/\/singuli.wpress.me\/index.php\/wp-json\/wp\/v2\/media\/29815"}],"wp:attachment":[{"href":"https:\/\/singuli.wpress.me\/index.php\/wp-json\/wp\/v2\/media?parent=29814"}],"wp:term":[{"taxonomy":"product_brand","embeddable":true,"href":"https:\/\/singuli.wpress.me\/index.php\/wp-json\/wp\/v2\/product_brand?post=29814"},{"taxonomy":"product_cat","embeddable":true,"href":"https:\/\/singuli.wpress.me\/index.php\/wp-json\/wp\/v2\/product_cat?post=29814"},{"taxonomy":"product_tag","embeddable":true,"href":"https:\/\/singuli.wpress.me\/index.php\/wp-json\/wp\/v2\/product_tag?post=29814"}],"curies":[{"name":"wp","href":"https:\/\/api.w.org\/{rel}","templated":true}]}}