{"id":29818,"date":"2026-04-17T00:18:34","date_gmt":"2026-04-17T00:18:34","guid":{"rendered":"https:\/\/singuli.wpress.me\/index.php\/proizvod\/steam-3u1-hidraulicna-robotska-ruka\/"},"modified":"2026-04-20T12:32:59","modified_gmt":"2026-04-20T12:32:59","slug":"steam-3u1-hidraulicna-robotska-ruka","status":"publish","type":"product","link":"https:\/\/singuli.wpress.me\/index.php\/proizvod\/steam-3u1-hidraulicna-robotska-ruka\/","title":{"rendered":"STEAM 3u1, hidrauli\u010dna robotska ruka"},"content":{"rendered":"<p><span style=\"font-weight: bold;color: #4472C4\">Predstavljamo vam inovativnu 3-u-1 hidrauli\u010dnu robotsku ruku! <br \/>\n<\/span><span style=\"color: #4472C4\"><br \/>\nOva fascinantna igra\u010dka sastoji se od \u010dak 220 dijelova i donosi vam pravu tehni\u010dku avanturu. Ono \u0161to je posebno impresivno je da <\/span><span style=\"font-weight: bold;color: #4472C4\">ne trebate baterije ili motor, jer samo obi\u010dna voda pokre\u0107e ovu mehani\u010dku ruku. <\/span><span style=\"color: #4472C4\"><\/p>\n<p>Ova tehnologija temelji se na na\u010delima hidrauli\u010dne energije, \u0161to zna\u010di da \u0107e va\u0161a ruka precizno i s lako\u0107om izvr\u0161avati razli\u010dite zadatke. <\/p>\n<p>Ova igra\u010dka nije samo zabavna, ve\u0107 i edukativna jer \u0107e vas uvesti u svijet hidrauli\u010dke mehanike na interaktivan na\u010din.<\/p>\n<p>Dob: 8+<\/span><\/p>\n","protected":false},"excerpt":{"rendered":"<p>Ne trebate baterije ili motor, obi\u010dna voda ju pokre\u0107e<br \/>\nIgra\u010dka se sastoji od 220 dijelova<br \/>\nDob: 8+ god<\/p>\n","protected":false},"featured_media":29819,"template":"","meta":{"_seopress_robots_primary_cat":"","_seopress_titles_title":"","_seopress_titles_desc":"","_seopress_robots_index":"","iawp_total_views":0},"product_brand":[356],"product_cat":[221,263],"product_tag":[],"class_list":{"0":"post-29818","1":"product","2":"type-product","3":"status-publish","4":"has-post-thumbnail","6":"product_brand-steam","7":"product_cat-igracke","8":"product_cat-tematske-igracke-221","10":"first","11":"instock","12":"shipping-taxable","13":"purchasable","14":"product-type-simple"},"_links":{"self":[{"href":"https:\/\/singuli.wpress.me\/index.php\/wp-json\/wp\/v2\/product\/29818","targetHints":{"allow":["GET"]}}],"collection":[{"href":"https:\/\/singuli.wpress.me\/index.php\/wp-json\/wp\/v2\/product"}],"about":[{"href":"https:\/\/singuli.wpress.me\/index.php\/wp-json\/wp\/v2\/types\/product"}],"version-history":[{"count":0,"href":"https:\/\/singuli.wpress.me\/index.php\/wp-json\/wp\/v2\/product\/29818\/revisions"}],"wp:featuredmedia":[{"embeddable":true,"href":"https:\/\/singuli.wpress.me\/index.php\/wp-json\/wp\/v2\/media\/29819"}],"wp:attachment":[{"href":"https:\/\/singuli.wpress.me\/index.php\/wp-json\/wp\/v2\/media?parent=29818"}],"wp:term":[{"taxonomy":"product_brand","embeddable":true,"href":"https:\/\/singuli.wpress.me\/index.php\/wp-json\/wp\/v2\/product_brand?post=29818"},{"taxonomy":"product_cat","embeddable":true,"href":"https:\/\/singuli.wpress.me\/index.php\/wp-json\/wp\/v2\/product_cat?post=29818"},{"taxonomy":"product_tag","embeddable":true,"href":"https:\/\/singuli.wpress.me\/index.php\/wp-json\/wp\/v2\/product_tag?post=29818"}],"curies":[{"name":"wp","href":"https:\/\/api.w.org\/{rel}","templated":true}]}}