{"id":29822,"date":"2026-04-17T00:18:35","date_gmt":"2026-04-17T00:18:35","guid":{"rendered":"https:\/\/singuli.wpress.me\/index.php\/proizvod\/iggy-ziggy-interaktivna-kocka\/"},"modified":"2026-04-20T12:32:59","modified_gmt":"2026-04-20T12:32:59","slug":"iggy-ziggy-interaktivna-kocka","status":"publish","type":"product","link":"https:\/\/singuli.wpress.me\/index.php\/proizvod\/iggy-ziggy-interaktivna-kocka\/","title":{"rendered":"IGGY ZIGGY, interaktivna kocka"},"content":{"rendered":"<p>Ova kocka za slaganje namijenjena je bebama i pru\u017ea im priliku za zabavno i interaktivno u\u010denje. <\/p>\n<p>Kocka ima \u0161est strana, svaka sa svojom jedinstvenom funkcijom. <\/p>\n<p>Beba mo\u017ee samostalno sastavljati svaku stranu, istra\u017euju\u0107i razli\u010dite aktivnosti i oblike. <\/p>\n<p>Ova igra\u010dka poti\u010de razvoj motori\u010dkih sposobnosti i ma\u0161tovite igre kod najmla\u0111ih, pru\u017eaju\u0107i im uzbudljivo iskustvo u\u010denja i istra\u017eivanja.<\/p>\n<p><span style=\"font-weight: bold;color: #4472C4\">Dob: +18mj<\/span><\/p>\n","protected":false},"excerpt":{"rendered":"<p>Bebama pru\u017ea priliku za zabavno i interaktivno u\u010denje<br \/>\nPoti\u010de razvoj motori\u010dkih sposobnosti i ma\u0161tovite igre<br \/>\nDob: 18+m<\/p>\n","protected":false},"featured_media":29823,"template":"","meta":{"_seopress_robots_primary_cat":"","_seopress_titles_title":"","_seopress_titles_desc":"","_seopress_robots_index":"","iawp_total_views":0},"product_brand":[358],"product_cat":[221,291],"product_tag":[],"class_list":{"0":"post-29822","1":"product","2":"type-product","3":"status-publish","4":"has-post-thumbnail","6":"product_brand-iggy-ziggy","7":"product_cat-igracke","8":"product_cat-igracke-za-djecu-221","10":"first","11":"instock","12":"shipping-taxable","13":"purchasable","14":"product-type-simple"},"_links":{"self":[{"href":"https:\/\/singuli.wpress.me\/index.php\/wp-json\/wp\/v2\/product\/29822","targetHints":{"allow":["GET"]}}],"collection":[{"href":"https:\/\/singuli.wpress.me\/index.php\/wp-json\/wp\/v2\/product"}],"about":[{"href":"https:\/\/singuli.wpress.me\/index.php\/wp-json\/wp\/v2\/types\/product"}],"version-history":[{"count":0,"href":"https:\/\/singuli.wpress.me\/index.php\/wp-json\/wp\/v2\/product\/29822\/revisions"}],"wp:featuredmedia":[{"embeddable":true,"href":"https:\/\/singuli.wpress.me\/index.php\/wp-json\/wp\/v2\/media\/29823"}],"wp:attachment":[{"href":"https:\/\/singuli.wpress.me\/index.php\/wp-json\/wp\/v2\/media?parent=29822"}],"wp:term":[{"taxonomy":"product_brand","embeddable":true,"href":"https:\/\/singuli.wpress.me\/index.php\/wp-json\/wp\/v2\/product_brand?post=29822"},{"taxonomy":"product_cat","embeddable":true,"href":"https:\/\/singuli.wpress.me\/index.php\/wp-json\/wp\/v2\/product_cat?post=29822"},{"taxonomy":"product_tag","embeddable":true,"href":"https:\/\/singuli.wpress.me\/index.php\/wp-json\/wp\/v2\/product_tag?post=29822"}],"curies":[{"name":"wp","href":"https:\/\/api.w.org\/{rel}","templated":true}]}}