{"id":29825,"date":"2026-04-17T00:18:37","date_gmt":"2026-04-17T00:18:37","guid":{"rendered":"https:\/\/singuli.wpress.me\/index.php\/proizvod\/iggy-ziggy-interaktivni-glazbeni-stolic\/"},"modified":"2026-04-21T00:26:31","modified_gmt":"2026-04-21T00:26:31","slug":"iggy-ziggy-interaktivni-glazbeni-stolic","status":"publish","type":"product","link":"https:\/\/singuli.wpress.me\/index.php\/proizvod\/iggy-ziggy-interaktivni-glazbeni-stolic\/","title":{"rendered":"IGGY ZIGGY, interaktivni glazbeni stoli\u0107"},"content":{"rendered":"<p>Predstavljamo vam <span style=\"font-weight: bold\">Interaktivni Glazbeni Stoli\u0107 &#8211; zabavnu i funkcionalnu igra\u010dku<\/span> koja \u0107e odu\u0161eviti va\u0161e dijete! Ovaj muzi\u010dki stoli\u0107 nudi obilje razli\u010ditih mogu\u0107nosti.<\/p>\n<p>S dvostranim dizajnom, ovaj stoli\u0107 ima vi\u0161enamjensku funkcionalnost. Na jednoj strani, mo\u017eete prona\u0107i edukativne igra\u010dke koje poti\u010du razvoj djetetovih vje\u0161tina i znanja. Na drugoj strani, tu je stol za kocke za kreativnu igru.<\/p>\n<p>Osim toga, ovaj stoli\u0107 se mo\u017ee lako pretvoriti u stol za dru\u0161tvene igre ili stol za sastavljanje kockica. Mo\u017eete se igrati s vodom i pijeskom, \u0161to dodatno oboga\u0107uje iskustvo igre. Ima \u010dak i prostor za pohranu razli\u010ditih predmeta.<\/p>\n<p>Da bi igra bila jo\u0161 zabavnija i personaliziranija, ovaj stoli\u0107 uklju\u010duje samoljepljive naljepnice koje \u0107e va\u0161em djetetu omogu\u0107iti da ga ukrasi prema vlastitom ukusu. Interaktivni Glazbeni Stoli\u0107 je savr\u0161en za poticanje kreativnosti i zabave, dok istovremeno pru\u017ea mogu\u0107nost u\u010denja i razvoja.<\/p>\n<p>Dob: +18mj<\/p>\n","protected":false},"excerpt":{"rendered":"<p>Savr\u0161en za poticanje kreativnosti i zabave<br \/>\nPru\u017ea mogu\u0107nost u\u010denja i razvoja<br \/>\nDob: 18+m<\/p>\n","protected":false},"featured_media":29826,"template":"","meta":{"_seopress_robots_primary_cat":"","_seopress_titles_title":"","_seopress_titles_desc":"","_seopress_robots_index":"","iawp_total_views":0},"product_brand":[358],"product_cat":[221,291],"product_tag":[],"class_list":{"0":"post-29825","1":"product","2":"type-product","3":"status-publish","4":"has-post-thumbnail","6":"product_brand-iggy-ziggy","7":"product_cat-igracke","8":"product_cat-igracke-za-djecu-221","10":"first","11":"instock","12":"shipping-taxable","13":"purchasable","14":"product-type-simple"},"_links":{"self":[{"href":"https:\/\/singuli.wpress.me\/index.php\/wp-json\/wp\/v2\/product\/29825","targetHints":{"allow":["GET"]}}],"collection":[{"href":"https:\/\/singuli.wpress.me\/index.php\/wp-json\/wp\/v2\/product"}],"about":[{"href":"https:\/\/singuli.wpress.me\/index.php\/wp-json\/wp\/v2\/types\/product"}],"version-history":[{"count":0,"href":"https:\/\/singuli.wpress.me\/index.php\/wp-json\/wp\/v2\/product\/29825\/revisions"}],"wp:featuredmedia":[{"embeddable":true,"href":"https:\/\/singuli.wpress.me\/index.php\/wp-json\/wp\/v2\/media\/29826"}],"wp:attachment":[{"href":"https:\/\/singuli.wpress.me\/index.php\/wp-json\/wp\/v2\/media?parent=29825"}],"wp:term":[{"taxonomy":"product_brand","embeddable":true,"href":"https:\/\/singuli.wpress.me\/index.php\/wp-json\/wp\/v2\/product_brand?post=29825"},{"taxonomy":"product_cat","embeddable":true,"href":"https:\/\/singuli.wpress.me\/index.php\/wp-json\/wp\/v2\/product_cat?post=29825"},{"taxonomy":"product_tag","embeddable":true,"href":"https:\/\/singuli.wpress.me\/index.php\/wp-json\/wp\/v2\/product_tag?post=29825"}],"curies":[{"name":"wp","href":"https:\/\/api.w.org\/{rel}","templated":true}]}}