{"id":29828,"date":"2026-04-17T00:18:38","date_gmt":"2026-04-17T00:18:38","guid":{"rendered":"https:\/\/singuli.wpress.me\/index.php\/proizvod\/steam-elektricni-labirint\/"},"modified":"2026-04-20T12:32:59","modified_gmt":"2026-04-20T12:32:59","slug":"steam-elektricni-labirint","status":"publish","type":"product","link":"https:\/\/singuli.wpress.me\/index.php\/proizvod\/steam-elektricni-labirint\/","title":{"rendered":"STEAM, elektri\u010dni labirint"},"content":{"rendered":"<p><span style=\"font-weight: bold;color: #4472C4\">Predstavljamo vam izvanredan Elektri\u010dni labirint, dio DIY STEAM igra\u010daka koje kombiniraju principe prijenosa zup\u010danika i elektroni\u010dkog kruga kako bi stvorile nevjerojatno edukativno iskustvo.<\/span><span style=\"color: #4472C4\"><\/p>\n<p>Ova igra\u010dka poti\u010de interakciju izme\u0111u roditelja i djeteta, pru\u017eaju\u0107i priliku za zajedni\u010dko istra\u017eivanje i u\u010denje. <\/p>\n<p>Labirint je opremljen upozorenjem koje dodatno oboga\u0107uje igru i poti\u010de razvoj fine motorike kod djece. <br \/>\nKroz kreativno rje\u0161avanje labirinta, djeca \u0107e se upoznati s osnovama prijenosa zup\u010danika i elektroni\u010dkog kruga, stvaraju\u0107i istovremeno zabavno i edukativno iskustvo. <\/p>\n<p>Ovaj Elektri\u010dni labirint <\/span><span style=\"font-weight: bold;color: #4472C4\">poti\u010de ma\u0161tovito razmi\u0161ljanje i pru\u017ea priliku za kvalitetno provo\u0111enje zajedni\u010dkog vremena roditelja i djeteta.<br \/>\n<\/span><span style=\"color: #4472C4\"><br \/>\n<\/span><span style=\"font-weight: bold;color: #4472C4\">Dob: 8+<\/span><\/p>\n","protected":false},"excerpt":{"rendered":"<p>Djeca \u0107e se upoznati s osnovama prijenosa zup\u010danika i elektroni\u010dkog kruga<br \/>\nPoti\u010de ma\u0161tovito razmi\u0161ljanje<br \/>\nDob: 8+ god<\/p>\n","protected":false},"featured_media":29829,"template":"","meta":{"_seopress_robots_primary_cat":"","_seopress_titles_title":"","_seopress_titles_desc":"","_seopress_robots_index":"","iawp_total_views":0},"product_brand":[356],"product_cat":[221,263],"product_tag":[],"class_list":{"0":"post-29828","1":"product","2":"type-product","3":"status-publish","4":"has-post-thumbnail","6":"product_brand-steam","7":"product_cat-igracke","8":"product_cat-tematske-igracke-221","10":"first","11":"instock","12":"shipping-taxable","13":"purchasable","14":"product-type-simple"},"_links":{"self":[{"href":"https:\/\/singuli.wpress.me\/index.php\/wp-json\/wp\/v2\/product\/29828","targetHints":{"allow":["GET"]}}],"collection":[{"href":"https:\/\/singuli.wpress.me\/index.php\/wp-json\/wp\/v2\/product"}],"about":[{"href":"https:\/\/singuli.wpress.me\/index.php\/wp-json\/wp\/v2\/types\/product"}],"version-history":[{"count":0,"href":"https:\/\/singuli.wpress.me\/index.php\/wp-json\/wp\/v2\/product\/29828\/revisions"}],"wp:featuredmedia":[{"embeddable":true,"href":"https:\/\/singuli.wpress.me\/index.php\/wp-json\/wp\/v2\/media\/29829"}],"wp:attachment":[{"href":"https:\/\/singuli.wpress.me\/index.php\/wp-json\/wp\/v2\/media?parent=29828"}],"wp:term":[{"taxonomy":"product_brand","embeddable":true,"href":"https:\/\/singuli.wpress.me\/index.php\/wp-json\/wp\/v2\/product_brand?post=29828"},{"taxonomy":"product_cat","embeddable":true,"href":"https:\/\/singuli.wpress.me\/index.php\/wp-json\/wp\/v2\/product_cat?post=29828"},{"taxonomy":"product_tag","embeddable":true,"href":"https:\/\/singuli.wpress.me\/index.php\/wp-json\/wp\/v2\/product_tag?post=29828"}],"curies":[{"name":"wp","href":"https:\/\/api.w.org\/{rel}","templated":true}]}}